{"id":6422,"date":"2022-04-01T10:15:52","date_gmt":"2022-04-01T10:15:52","guid":{"rendered":"http:\/\/p10.heise-homepage.de\/produkt\/ln-230\/"},"modified":"2024-08-08T08:26:46","modified_gmt":"2024-08-08T08:26:46","slug":"ln-230","status":"publish","type":"product","link":"https:\/\/www.tbh.eu\/it\/produkt\/ln-230\/","title":{"rendered":"LN 230"},"content":{"rendered":"","protected":false},"excerpt":{"rendered":"<p>Questa unit\u00e0 di aspirazione compatta e modulare \u00e8 dotata di un motore efficiente a corrente continua<\/p>\n<p>con una potenza di 1,1 kW, una capacit\u00e0 di aspirazione fino a 300 m\u00b3\/h ed un&#8217;elettronica di monitoraggio per l&#8217;utilizzo in automazione.<\/p>\n","protected":false},"featured_media":5154,"template":"","meta":{"_acf_changed":false},"product_brand":[],"product_cat":[333],"product_tag":[],"class_list":{"0":"post-6422","1":"product","2":"type-product","3":"status-publish","4":"has-post-thumbnail","6":"product_cat-serie-ln-200","8":"first","9":"instock","10":"shipping-taxable","11":"product-type-simple"},"acf":[],"yoast_head":"<!-- This site is optimized with the Yoast SEO plugin v27.3 - https:\/\/yoast.com\/product\/yoast-seo-wordpress\/ -->\n<title>LN 230 - TBH GmbH Filter- und Absauganlagen<\/title>\n<meta name=\"robots\" content=\"index, follow, max-snippet:-1, max-image-preview:large, max-video-preview:-1\" \/>\n<link rel=\"canonical\" href=\"https:\/\/www.tbh.eu\/it\/produkt\/ln-230\/\" \/>\n<meta property=\"og:locale\" content=\"it_IT\" \/>\n<meta property=\"og:type\" content=\"article\" \/>\n<meta property=\"og:title\" content=\"LN 230 - TBH GmbH Filter- und Absauganlagen\" \/>\n<meta property=\"og:description\" content=\"Questa unit\u00e0 di aspirazione compatta e modulare \u00e8 dotata di un motore efficiente a corrente continua  con una potenza di 1,1 kW, una capacit\u00e0 di aspirazione fino a 300 m\u00b3\/h ed un&#039;elettronica di monitoraggio per l&#039;utilizzo in automazione.\" \/>\n<meta property=\"og:url\" content=\"https:\/\/www.tbh.eu\/it\/produkt\/ln-230\/\" \/>\n<meta property=\"og:site_name\" content=\"TBH GmbH Filter- und Absauganlagen\" \/>\n<meta property=\"article:modified_time\" content=\"2024-08-08T08:26:46+00:00\" \/>\n<meta property=\"og:image\" content=\"https:\/\/www.tbh.eu\/wp-content\/uploads\/2022\/04\/LN230_Produktbilder_300x500_web.png\" \/>\n\t<meta property=\"og:image:width\" content=\"300\" \/>\n\t<meta property=\"og:image:height\" content=\"500\" \/>\n\t<meta property=\"og:image:type\" content=\"image\/png\" \/>\n<meta name=\"twitter:card\" content=\"summary_large_image\" \/>\n<meta name=\"twitter:label1\" content=\"Tempo di lettura stimato\" \/>\n\t<meta name=\"twitter:data1\" content=\"1 minuto\" \/>\n<script type=\"application\/ld+json\" class=\"yoast-schema-graph\">{\"@context\":\"https:\\\/\\\/schema.org\",\"@graph\":[{\"@type\":\"WebPage\",\"@id\":\"https:\\\/\\\/www.tbh.eu\\\/it\\\/produkt\\\/ln-230\\\/\",\"url\":\"https:\\\/\\\/www.tbh.eu\\\/it\\\/produkt\\\/ln-230\\\/\",\"name\":\"LN 230 - TBH GmbH Filter- und Absauganlagen\",\"isPartOf\":{\"@id\":\"https:\\\/\\\/www.tbh.eu\\\/it\\\/#website\"},\"primaryImageOfPage\":{\"@id\":\"https:\\\/\\\/www.tbh.eu\\\/it\\\/produkt\\\/ln-230\\\/#primaryimage\"},\"image\":{\"@id\":\"https:\\\/\\\/www.tbh.eu\\\/it\\\/produkt\\\/ln-230\\\/#primaryimage\"},\"thumbnailUrl\":\"https:\\\/\\\/www.tbh.eu\\\/wp-content\\\/uploads\\\/2022\\\/04\\\/LN230_Produktbilder_300x500_web.png\",\"datePublished\":\"2022-04-01T10:15:52+00:00\",\"dateModified\":\"2024-08-08T08:26:46+00:00\",\"breadcrumb\":{\"@id\":\"https:\\\/\\\/www.tbh.eu\\\/it\\\/produkt\\\/ln-230\\\/#breadcrumb\"},\"inLanguage\":\"it-IT\",\"potentialAction\":[{\"@type\":\"ReadAction\",\"target\":[\"https:\\\/\\\/www.tbh.eu\\\/it\\\/produkt\\\/ln-230\\\/\"]}]},{\"@type\":\"ImageObject\",\"inLanguage\":\"it-IT\",\"@id\":\"https:\\\/\\\/www.tbh.eu\\\/it\\\/produkt\\\/ln-230\\\/#primaryimage\",\"url\":\"https:\\\/\\\/www.tbh.eu\\\/wp-content\\\/uploads\\\/2022\\\/04\\\/LN230_Produktbilder_300x500_web.png\",\"contentUrl\":\"https:\\\/\\\/www.tbh.eu\\\/wp-content\\\/uploads\\\/2022\\\/04\\\/LN230_Produktbilder_300x500_web.png\",\"width\":300,\"height\":500,\"caption\":\"Anlage mit leistungsstarkem\"},{\"@type\":\"BreadcrumbList\",\"@id\":\"https:\\\/\\\/www.tbh.eu\\\/it\\\/produkt\\\/ln-230\\\/#breadcrumb\",\"itemListElement\":[{\"@type\":\"ListItem\",\"position\":1,\"name\":\"Startseite\",\"item\":\"https:\\\/\\\/www.tbh.eu\\\/it\\\/\"},{\"@type\":\"ListItem\",\"position\":2,\"name\":\"Negozio\",\"item\":\"https:\\\/\\\/www.tbh.eu\\\/it\\\/negozio\\\/\"},{\"@type\":\"ListItem\",\"position\":3,\"name\":\"LN 230\"}]},{\"@type\":\"WebSite\",\"@id\":\"https:\\\/\\\/www.tbh.eu\\\/it\\\/#website\",\"url\":\"https:\\\/\\\/www.tbh.eu\\\/it\\\/\",\"name\":\"TBH GmbH Filter- und Absauganlagen\",\"description\":\"Filter- und Absauganlagen zur Reinhaltung der Luft am Arbeitsplatz\",\"publisher\":{\"@id\":\"https:\\\/\\\/www.tbh.eu\\\/it\\\/#organization\"},\"potentialAction\":[{\"@type\":\"SearchAction\",\"target\":{\"@type\":\"EntryPoint\",\"urlTemplate\":\"https:\\\/\\\/www.tbh.eu\\\/it\\\/?s={search_term_string}\"},\"query-input\":{\"@type\":\"PropertyValueSpecification\",\"valueRequired\":true,\"valueName\":\"search_term_string\"}}],\"inLanguage\":\"it-IT\"},{\"@type\":\"Organization\",\"@id\":\"https:\\\/\\\/www.tbh.eu\\\/it\\\/#organization\",\"name\":\"TBH GmbH Filter- und Absauganlagen\",\"url\":\"https:\\\/\\\/www.tbh.eu\\\/it\\\/\",\"logo\":{\"@type\":\"ImageObject\",\"inLanguage\":\"it-IT\",\"@id\":\"https:\\\/\\\/www.tbh.eu\\\/it\\\/#\\\/schema\\\/logo\\\/image\\\/\",\"url\":\"https:\\\/\\\/www.tbh.eu\\\/wp-content\\\/uploads\\\/2025\\\/10\\\/Logo_TBH_neu.webp\",\"contentUrl\":\"https:\\\/\\\/www.tbh.eu\\\/wp-content\\\/uploads\\\/2025\\\/10\\\/Logo_TBH_neu.webp\",\"width\":169,\"height\":71,\"caption\":\"TBH GmbH Filter- und Absauganlagen\"},\"image\":{\"@id\":\"https:\\\/\\\/www.tbh.eu\\\/it\\\/#\\\/schema\\\/logo\\\/image\\\/\"}}]}<\/script>\n<!-- \/ Yoast SEO plugin. -->","yoast_head_json":{"title":"LN 230 - TBH GmbH Filter- und Absauganlagen","robots":{"index":"index","follow":"follow","max-snippet":"max-snippet:-1","max-image-preview":"max-image-preview:large","max-video-preview":"max-video-preview:-1"},"canonical":"https:\/\/www.tbh.eu\/it\/produkt\/ln-230\/","og_locale":"it_IT","og_type":"article","og_title":"LN 230 - TBH GmbH Filter- und Absauganlagen","og_description":"Questa unit\u00e0 di aspirazione compatta e modulare \u00e8 dotata di un motore efficiente a corrente continua  con una potenza di 1,1 kW, una capacit\u00e0 di aspirazione fino a 300 m\u00b3\/h ed un'elettronica di monitoraggio per l'utilizzo in automazione.","og_url":"https:\/\/www.tbh.eu\/it\/produkt\/ln-230\/","og_site_name":"TBH GmbH Filter- und Absauganlagen","article_modified_time":"2024-08-08T08:26:46+00:00","og_image":[{"width":300,"height":500,"url":"https:\/\/www.tbh.eu\/wp-content\/uploads\/2022\/04\/LN230_Produktbilder_300x500_web.png","type":"image\/png"}],"twitter_card":"summary_large_image","twitter_misc":{"Tempo di lettura stimato":"1 minuto"},"schema":{"@context":"https:\/\/schema.org","@graph":[{"@type":"WebPage","@id":"https:\/\/www.tbh.eu\/it\/produkt\/ln-230\/","url":"https:\/\/www.tbh.eu\/it\/produkt\/ln-230\/","name":"LN 230 - TBH GmbH Filter- und Absauganlagen","isPartOf":{"@id":"https:\/\/www.tbh.eu\/it\/#website"},"primaryImageOfPage":{"@id":"https:\/\/www.tbh.eu\/it\/produkt\/ln-230\/#primaryimage"},"image":{"@id":"https:\/\/www.tbh.eu\/it\/produkt\/ln-230\/#primaryimage"},"thumbnailUrl":"https:\/\/www.tbh.eu\/wp-content\/uploads\/2022\/04\/LN230_Produktbilder_300x500_web.png","datePublished":"2022-04-01T10:15:52+00:00","dateModified":"2024-08-08T08:26:46+00:00","breadcrumb":{"@id":"https:\/\/www.tbh.eu\/it\/produkt\/ln-230\/#breadcrumb"},"inLanguage":"it-IT","potentialAction":[{"@type":"ReadAction","target":["https:\/\/www.tbh.eu\/it\/produkt\/ln-230\/"]}]},{"@type":"ImageObject","inLanguage":"it-IT","@id":"https:\/\/www.tbh.eu\/it\/produkt\/ln-230\/#primaryimage","url":"https:\/\/www.tbh.eu\/wp-content\/uploads\/2022\/04\/LN230_Produktbilder_300x500_web.png","contentUrl":"https:\/\/www.tbh.eu\/wp-content\/uploads\/2022\/04\/LN230_Produktbilder_300x500_web.png","width":300,"height":500,"caption":"Anlage mit leistungsstarkem"},{"@type":"BreadcrumbList","@id":"https:\/\/www.tbh.eu\/it\/produkt\/ln-230\/#breadcrumb","itemListElement":[{"@type":"ListItem","position":1,"name":"Startseite","item":"https:\/\/www.tbh.eu\/it\/"},{"@type":"ListItem","position":2,"name":"Negozio","item":"https:\/\/www.tbh.eu\/it\/negozio\/"},{"@type":"ListItem","position":3,"name":"LN 230"}]},{"@type":"WebSite","@id":"https:\/\/www.tbh.eu\/it\/#website","url":"https:\/\/www.tbh.eu\/it\/","name":"TBH GmbH Filter- und Absauganlagen","description":"Filter- und Absauganlagen zur Reinhaltung der Luft am Arbeitsplatz","publisher":{"@id":"https:\/\/www.tbh.eu\/it\/#organization"},"potentialAction":[{"@type":"SearchAction","target":{"@type":"EntryPoint","urlTemplate":"https:\/\/www.tbh.eu\/it\/?s={search_term_string}"},"query-input":{"@type":"PropertyValueSpecification","valueRequired":true,"valueName":"search_term_string"}}],"inLanguage":"it-IT"},{"@type":"Organization","@id":"https:\/\/www.tbh.eu\/it\/#organization","name":"TBH GmbH Filter- und Absauganlagen","url":"https:\/\/www.tbh.eu\/it\/","logo":{"@type":"ImageObject","inLanguage":"it-IT","@id":"https:\/\/www.tbh.eu\/it\/#\/schema\/logo\/image\/","url":"https:\/\/www.tbh.eu\/wp-content\/uploads\/2025\/10\/Logo_TBH_neu.webp","contentUrl":"https:\/\/www.tbh.eu\/wp-content\/uploads\/2025\/10\/Logo_TBH_neu.webp","width":169,"height":71,"caption":"TBH GmbH Filter- und Absauganlagen"},"image":{"@id":"https:\/\/www.tbh.eu\/it\/#\/schema\/logo\/image\/"}}]}},"_links":{"self":[{"href":"https:\/\/www.tbh.eu\/it\/wp-json\/wp\/v2\/product\/6422","targetHints":{"allow":["GET"]}}],"collection":[{"href":"https:\/\/www.tbh.eu\/it\/wp-json\/wp\/v2\/product"}],"about":[{"href":"https:\/\/www.tbh.eu\/it\/wp-json\/wp\/v2\/types\/product"}],"wp:featuredmedia":[{"embeddable":true,"href":"https:\/\/www.tbh.eu\/it\/wp-json\/wp\/v2\/media\/5154"}],"wp:attachment":[{"href":"https:\/\/www.tbh.eu\/it\/wp-json\/wp\/v2\/media?parent=6422"}],"wp:term":[{"taxonomy":"product_brand","embeddable":true,"href":"https:\/\/www.tbh.eu\/it\/wp-json\/wp\/v2\/product_brand?post=6422"},{"taxonomy":"product_cat","embeddable":true,"href":"https:\/\/www.tbh.eu\/it\/wp-json\/wp\/v2\/product_cat?post=6422"},{"taxonomy":"product_tag","embeddable":true,"href":"https:\/\/www.tbh.eu\/it\/wp-json\/wp\/v2\/product_tag?post=6422"}],"curies":[{"name":"wp","href":"https:\/\/api.w.org\/{rel}","templated":true}]}}