{"id":17039,"date":"2022-04-07T14:20:36","date_gmt":"2022-04-07T14:20:36","guid":{"rendered":"https:\/\/www.tbh.eu\/produkt\/oen-710\/"},"modified":"2026-02-24T13:45:40","modified_gmt":"2026-02-24T13:45:40","slug":"oen-710","status":"publish","type":"product","link":"https:\/\/www.tbh.eu\/fr\/produkt\/oen-710\/","title":{"rendered":"OEN 710"},"content":{"rendered":"","protected":false},"excerpt":{"rendered":"<p>L&rsquo;OEN 710 convient aux processus avec une faible proportion de brouillard d&rsquo;\u00e9mulsion et une proportion moyenne de particules. Une s\u00e9paration efficace des liquides avec en m\u00eame temps une s\u00e9paration optimis\u00e9e des particules est garantie par la maille en aluminium et les filtres \u00e0 saturation. Le syst\u00e8me est disponible avec une puissance moteur de 3,0 kW et un d\u00e9bit d&rsquo;air \u00e0 soufflage libre de max. 2000 m\u00b3\/h.<\/p>\n","protected":false},"featured_media":21310,"template":"","meta":{"_acf_changed":false},"product_brand":[],"product_cat":[387,381],"product_tag":[374],"class_list":{"0":"post-17039","1":"product","2":"type-product","3":"status-publish","4":"has-post-thumbnail","6":"product_cat-serie-oen-fr","7":"product_cat-systemes-a-cartouches-filtrantes-fr","8":"product_tag-systemes-a-cartouches-filtrantes","10":"first","11":"instock","12":"shipping-taxable","13":"product-type-simple"},"acf":[],"yoast_head":"<!-- This site is optimized with the Yoast SEO plugin v27.3 - https:\/\/yoast.com\/product\/yoast-seo-wordpress\/ -->\n<title>OEN 710 - TBH GmbH Filter- und Absauganlagen<\/title>\n<meta name=\"robots\" content=\"index, follow, max-snippet:-1, max-image-preview:large, max-video-preview:-1\" \/>\n<link rel=\"canonical\" href=\"https:\/\/www.tbh.eu\/fr\/produkt\/oen-710\/\" \/>\n<meta property=\"og:locale\" content=\"fr_FR\" \/>\n<meta property=\"og:type\" content=\"article\" \/>\n<meta property=\"og:title\" content=\"OEN 710 - TBH GmbH Filter- und Absauganlagen\" \/>\n<meta property=\"og:description\" content=\"L&#039;OEN 710 convient aux processus avec une faible proportion de brouillard d&#039;\u00e9mulsion et une proportion moyenne de particules. Une s\u00e9paration efficace des liquides avec en m\u00eame temps une s\u00e9paration optimis\u00e9e des particules est garantie par la maille en aluminium et les filtres \u00e0 saturation. Le syst\u00e8me est disponible avec une puissance moteur de 3,0 kW et un d\u00e9bit d&#039;air \u00e0 soufflage libre de max. 2000 m\u00b3\/h.\" \/>\n<meta property=\"og:url\" content=\"https:\/\/www.tbh.eu\/fr\/produkt\/oen-710\/\" \/>\n<meta property=\"og:site_name\" content=\"TBH GmbH Filter- und Absauganlagen\" \/>\n<meta property=\"article:modified_time\" content=\"2026-02-24T13:45:40+00:00\" \/>\n<meta property=\"og:image\" content=\"https:\/\/www.tbh.eu\/wp-content\/uploads\/2022\/04\/90079_OEN-710-1.jpg\" \/>\n\t<meta property=\"og:image:width\" content=\"1152\" \/>\n\t<meta property=\"og:image:height\" content=\"2048\" \/>\n\t<meta property=\"og:image:type\" content=\"image\/jpeg\" \/>\n<meta name=\"twitter:card\" content=\"summary_large_image\" \/>\n<script type=\"application\/ld+json\" class=\"yoast-schema-graph\">{\"@context\":\"https:\\\/\\\/schema.org\",\"@graph\":[{\"@type\":\"WebPage\",\"@id\":\"https:\\\/\\\/www.tbh.eu\\\/fr\\\/produkt\\\/oen-710\\\/\",\"url\":\"https:\\\/\\\/www.tbh.eu\\\/fr\\\/produkt\\\/oen-710\\\/\",\"name\":\"OEN 710 - TBH GmbH Filter- und Absauganlagen\",\"isPartOf\":{\"@id\":\"https:\\\/\\\/www.tbh.eu\\\/fr\\\/#website\"},\"primaryImageOfPage\":{\"@id\":\"https:\\\/\\\/www.tbh.eu\\\/fr\\\/produkt\\\/oen-710\\\/#primaryimage\"},\"image\":{\"@id\":\"https:\\\/\\\/www.tbh.eu\\\/fr\\\/produkt\\\/oen-710\\\/#primaryimage\"},\"thumbnailUrl\":\"https:\\\/\\\/www.tbh.eu\\\/wp-content\\\/uploads\\\/2022\\\/04\\\/90079_OEN-710-1.jpg\",\"datePublished\":\"2022-04-07T14:20:36+00:00\",\"dateModified\":\"2026-02-24T13:45:40+00:00\",\"breadcrumb\":{\"@id\":\"https:\\\/\\\/www.tbh.eu\\\/fr\\\/produkt\\\/oen-710\\\/#breadcrumb\"},\"inLanguage\":\"fr-FR\",\"potentialAction\":[{\"@type\":\"ReadAction\",\"target\":[\"https:\\\/\\\/www.tbh.eu\\\/fr\\\/produkt\\\/oen-710\\\/\"]}]},{\"@type\":\"ImageObject\",\"inLanguage\":\"fr-FR\",\"@id\":\"https:\\\/\\\/www.tbh.eu\\\/fr\\\/produkt\\\/oen-710\\\/#primaryimage\",\"url\":\"https:\\\/\\\/www.tbh.eu\\\/wp-content\\\/uploads\\\/2022\\\/04\\\/90079_OEN-710-1.jpg\",\"contentUrl\":\"https:\\\/\\\/www.tbh.eu\\\/wp-content\\\/uploads\\\/2022\\\/04\\\/90079_OEN-710-1.jpg\",\"width\":1152,\"height\":2048},{\"@type\":\"BreadcrumbList\",\"@id\":\"https:\\\/\\\/www.tbh.eu\\\/fr\\\/produkt\\\/oen-710\\\/#breadcrumb\",\"itemListElement\":[{\"@type\":\"ListItem\",\"position\":1,\"name\":\"Startseite\",\"item\":\"https:\\\/\\\/www.tbh.eu\\\/fr\\\/\"},{\"@type\":\"ListItem\",\"position\":2,\"name\":\"Magasin\",\"item\":\"https:\\\/\\\/www.tbh.eu\\\/magasin\\\/\"},{\"@type\":\"ListItem\",\"position\":3,\"name\":\"OEN 710\"}]},{\"@type\":\"WebSite\",\"@id\":\"https:\\\/\\\/www.tbh.eu\\\/fr\\\/#website\",\"url\":\"https:\\\/\\\/www.tbh.eu\\\/fr\\\/\",\"name\":\"TBH GmbH Filter- und Absauganlagen\",\"description\":\"Filter- und Absauganlagen zur Reinhaltung der Luft am Arbeitsplatz\",\"publisher\":{\"@id\":\"https:\\\/\\\/www.tbh.eu\\\/fr\\\/#organization\"},\"potentialAction\":[{\"@type\":\"SearchAction\",\"target\":{\"@type\":\"EntryPoint\",\"urlTemplate\":\"https:\\\/\\\/www.tbh.eu\\\/fr\\\/?s={search_term_string}\"},\"query-input\":{\"@type\":\"PropertyValueSpecification\",\"valueRequired\":true,\"valueName\":\"search_term_string\"}}],\"inLanguage\":\"fr-FR\"},{\"@type\":\"Organization\",\"@id\":\"https:\\\/\\\/www.tbh.eu\\\/fr\\\/#organization\",\"name\":\"TBH GmbH Filter- und Absauganlagen\",\"url\":\"https:\\\/\\\/www.tbh.eu\\\/fr\\\/\",\"logo\":{\"@type\":\"ImageObject\",\"inLanguage\":\"fr-FR\",\"@id\":\"https:\\\/\\\/www.tbh.eu\\\/fr\\\/#\\\/schema\\\/logo\\\/image\\\/\",\"url\":\"https:\\\/\\\/www.tbh.eu\\\/wp-content\\\/uploads\\\/2025\\\/10\\\/Logo_TBH_neu.webp\",\"contentUrl\":\"https:\\\/\\\/www.tbh.eu\\\/wp-content\\\/uploads\\\/2025\\\/10\\\/Logo_TBH_neu.webp\",\"width\":169,\"height\":71,\"caption\":\"TBH GmbH Filter- und Absauganlagen\"},\"image\":{\"@id\":\"https:\\\/\\\/www.tbh.eu\\\/fr\\\/#\\\/schema\\\/logo\\\/image\\\/\"}}]}<\/script>\n<!-- \/ Yoast SEO plugin. -->","yoast_head_json":{"title":"OEN 710 - TBH GmbH Filter- und Absauganlagen","robots":{"index":"index","follow":"follow","max-snippet":"max-snippet:-1","max-image-preview":"max-image-preview:large","max-video-preview":"max-video-preview:-1"},"canonical":"https:\/\/www.tbh.eu\/fr\/produkt\/oen-710\/","og_locale":"fr_FR","og_type":"article","og_title":"OEN 710 - TBH GmbH Filter- und Absauganlagen","og_description":"L'OEN 710 convient aux processus avec une faible proportion de brouillard d'\u00e9mulsion et une proportion moyenne de particules. Une s\u00e9paration efficace des liquides avec en m\u00eame temps une s\u00e9paration optimis\u00e9e des particules est garantie par la maille en aluminium et les filtres \u00e0 saturation. Le syst\u00e8me est disponible avec une puissance moteur de 3,0 kW et un d\u00e9bit d'air \u00e0 soufflage libre de max. 2000 m\u00b3\/h.","og_url":"https:\/\/www.tbh.eu\/fr\/produkt\/oen-710\/","og_site_name":"TBH GmbH Filter- und Absauganlagen","article_modified_time":"2026-02-24T13:45:40+00:00","og_image":[{"width":1152,"height":2048,"url":"https:\/\/www.tbh.eu\/wp-content\/uploads\/2022\/04\/90079_OEN-710-1.jpg","type":"image\/jpeg"}],"twitter_card":"summary_large_image","schema":{"@context":"https:\/\/schema.org","@graph":[{"@type":"WebPage","@id":"https:\/\/www.tbh.eu\/fr\/produkt\/oen-710\/","url":"https:\/\/www.tbh.eu\/fr\/produkt\/oen-710\/","name":"OEN 710 - TBH GmbH Filter- und Absauganlagen","isPartOf":{"@id":"https:\/\/www.tbh.eu\/fr\/#website"},"primaryImageOfPage":{"@id":"https:\/\/www.tbh.eu\/fr\/produkt\/oen-710\/#primaryimage"},"image":{"@id":"https:\/\/www.tbh.eu\/fr\/produkt\/oen-710\/#primaryimage"},"thumbnailUrl":"https:\/\/www.tbh.eu\/wp-content\/uploads\/2022\/04\/90079_OEN-710-1.jpg","datePublished":"2022-04-07T14:20:36+00:00","dateModified":"2026-02-24T13:45:40+00:00","breadcrumb":{"@id":"https:\/\/www.tbh.eu\/fr\/produkt\/oen-710\/#breadcrumb"},"inLanguage":"fr-FR","potentialAction":[{"@type":"ReadAction","target":["https:\/\/www.tbh.eu\/fr\/produkt\/oen-710\/"]}]},{"@type":"ImageObject","inLanguage":"fr-FR","@id":"https:\/\/www.tbh.eu\/fr\/produkt\/oen-710\/#primaryimage","url":"https:\/\/www.tbh.eu\/wp-content\/uploads\/2022\/04\/90079_OEN-710-1.jpg","contentUrl":"https:\/\/www.tbh.eu\/wp-content\/uploads\/2022\/04\/90079_OEN-710-1.jpg","width":1152,"height":2048},{"@type":"BreadcrumbList","@id":"https:\/\/www.tbh.eu\/fr\/produkt\/oen-710\/#breadcrumb","itemListElement":[{"@type":"ListItem","position":1,"name":"Startseite","item":"https:\/\/www.tbh.eu\/fr\/"},{"@type":"ListItem","position":2,"name":"Magasin","item":"https:\/\/www.tbh.eu\/magasin\/"},{"@type":"ListItem","position":3,"name":"OEN 710"}]},{"@type":"WebSite","@id":"https:\/\/www.tbh.eu\/fr\/#website","url":"https:\/\/www.tbh.eu\/fr\/","name":"TBH GmbH Filter- und Absauganlagen","description":"Filter- und Absauganlagen zur Reinhaltung der Luft am Arbeitsplatz","publisher":{"@id":"https:\/\/www.tbh.eu\/fr\/#organization"},"potentialAction":[{"@type":"SearchAction","target":{"@type":"EntryPoint","urlTemplate":"https:\/\/www.tbh.eu\/fr\/?s={search_term_string}"},"query-input":{"@type":"PropertyValueSpecification","valueRequired":true,"valueName":"search_term_string"}}],"inLanguage":"fr-FR"},{"@type":"Organization","@id":"https:\/\/www.tbh.eu\/fr\/#organization","name":"TBH GmbH Filter- und Absauganlagen","url":"https:\/\/www.tbh.eu\/fr\/","logo":{"@type":"ImageObject","inLanguage":"fr-FR","@id":"https:\/\/www.tbh.eu\/fr\/#\/schema\/logo\/image\/","url":"https:\/\/www.tbh.eu\/wp-content\/uploads\/2025\/10\/Logo_TBH_neu.webp","contentUrl":"https:\/\/www.tbh.eu\/wp-content\/uploads\/2025\/10\/Logo_TBH_neu.webp","width":169,"height":71,"caption":"TBH GmbH Filter- und Absauganlagen"},"image":{"@id":"https:\/\/www.tbh.eu\/fr\/#\/schema\/logo\/image\/"}}]}},"_links":{"self":[{"href":"https:\/\/www.tbh.eu\/fr\/wp-json\/wp\/v2\/product\/17039","targetHints":{"allow":["GET"]}}],"collection":[{"href":"https:\/\/www.tbh.eu\/fr\/wp-json\/wp\/v2\/product"}],"about":[{"href":"https:\/\/www.tbh.eu\/fr\/wp-json\/wp\/v2\/types\/product"}],"wp:featuredmedia":[{"embeddable":true,"href":"https:\/\/www.tbh.eu\/fr\/wp-json\/wp\/v2\/media\/21310"}],"wp:attachment":[{"href":"https:\/\/www.tbh.eu\/fr\/wp-json\/wp\/v2\/media?parent=17039"}],"wp:term":[{"taxonomy":"product_brand","embeddable":true,"href":"https:\/\/www.tbh.eu\/fr\/wp-json\/wp\/v2\/product_brand?post=17039"},{"taxonomy":"product_cat","embeddable":true,"href":"https:\/\/www.tbh.eu\/fr\/wp-json\/wp\/v2\/product_cat?post=17039"},{"taxonomy":"product_tag","embeddable":true,"href":"https:\/\/www.tbh.eu\/fr\/wp-json\/wp\/v2\/product_tag?post=17039"}],"curies":[{"name":"wp","href":"https:\/\/api.w.org\/{rel}","templated":true}]}}