{"id":17034,"date":"2022-04-05T09:44:59","date_gmt":"2022-04-05T09:44:59","guid":{"rendered":"https:\/\/www.tbh.eu\/produkt\/gl-desk-20-30\/"},"modified":"2024-03-21T16:32:26","modified_gmt":"2024-03-21T16:32:26","slug":"gl-desk-20-30","status":"publish","type":"product","link":"https:\/\/www.tbh.eu\/fr\/produkt\/gl-desk-20-30\/","title":{"rendered":"GL-Desk 20\/ 30"},"content":{"rendered":"","protected":false},"excerpt":{"rendered":"<p>Le GL Desk est disponible dans les variantes 20 et 30. Selon l&rsquo;application, il peut \u00eatre configur\u00e9 avec un grand ou un petit filtre \u00e0 charbon actif. Sur le GL 30, le filtre \u00e0 charbon actif dispose de plus de contenu.<\/p>\n","protected":false},"featured_media":14282,"template":"","meta":{"_acf_changed":false},"product_brand":[],"product_cat":[388],"product_tag":[],"class_list":{"0":"post-17034","1":"product","2":"type-product","3":"status-publish","4":"has-post-thumbnail","6":"product_cat-serie-gl-desk-fr","8":"first","9":"instock","10":"shipping-taxable","11":"product-type-simple"},"acf":[],"yoast_head":"<!-- This site is optimized with the Yoast SEO plugin v27.3 - https:\/\/yoast.com\/product\/yoast-seo-wordpress\/ -->\n<title>GL-Desk 20\/ 30 - TBH GmbH Filter- und Absauganlagen<\/title>\n<meta name=\"robots\" content=\"index, follow, max-snippet:-1, max-image-preview:large, max-video-preview:-1\" \/>\n<link rel=\"canonical\" href=\"https:\/\/www.tbh.eu\/fr\/produkt\/gl-desk-20-30\/\" \/>\n<meta property=\"og:locale\" content=\"fr_FR\" \/>\n<meta property=\"og:type\" content=\"article\" \/>\n<meta property=\"og:title\" content=\"GL-Desk 20\/ 30 - TBH GmbH Filter- und Absauganlagen\" \/>\n<meta property=\"og:description\" content=\"Le GL Desk est disponible dans les variantes 20 et 30. Selon l&#039;application, il peut \u00eatre configur\u00e9 avec un grand ou un petit filtre \u00e0 charbon actif. Sur le GL 30, le filtre \u00e0 charbon actif dispose de plus de contenu.\" \/>\n<meta property=\"og:url\" content=\"https:\/\/www.tbh.eu\/fr\/produkt\/gl-desk-20-30\/\" \/>\n<meta property=\"og:site_name\" content=\"TBH GmbH Filter- und Absauganlagen\" \/>\n<meta property=\"article:modified_time\" content=\"2024-03-21T16:32:26+00:00\" \/>\n<meta property=\"og:image\" content=\"https:\/\/www.tbh.eu\/wp-content\/uploads\/2022\/04\/GL-Desk_Laser_Produktbilder_300x500_web.png\" \/>\n\t<meta property=\"og:image:width\" content=\"300\" \/>\n\t<meta property=\"og:image:height\" content=\"500\" \/>\n\t<meta property=\"og:image:type\" content=\"image\/png\" \/>\n<meta name=\"twitter:card\" content=\"summary_large_image\" \/>\n<script type=\"application\/ld+json\" class=\"yoast-schema-graph\">{\"@context\":\"https:\\\/\\\/schema.org\",\"@graph\":[{\"@type\":\"WebPage\",\"@id\":\"https:\\\/\\\/www.tbh.eu\\\/fr\\\/produkt\\\/gl-desk-20-30\\\/\",\"url\":\"https:\\\/\\\/www.tbh.eu\\\/fr\\\/produkt\\\/gl-desk-20-30\\\/\",\"name\":\"GL-Desk 20\\\/ 30 - TBH GmbH Filter- und Absauganlagen\",\"isPartOf\":{\"@id\":\"https:\\\/\\\/www.tbh.eu\\\/fr\\\/#website\"},\"primaryImageOfPage\":{\"@id\":\"https:\\\/\\\/www.tbh.eu\\\/fr\\\/produkt\\\/gl-desk-20-30\\\/#primaryimage\"},\"image\":{\"@id\":\"https:\\\/\\\/www.tbh.eu\\\/fr\\\/produkt\\\/gl-desk-20-30\\\/#primaryimage\"},\"thumbnailUrl\":\"https:\\\/\\\/www.tbh.eu\\\/wp-content\\\/uploads\\\/2022\\\/04\\\/GL-Desk_Laser_Produktbilder_300x500_web.png\",\"datePublished\":\"2022-04-05T09:44:59+00:00\",\"dateModified\":\"2024-03-21T16:32:26+00:00\",\"breadcrumb\":{\"@id\":\"https:\\\/\\\/www.tbh.eu\\\/fr\\\/produkt\\\/gl-desk-20-30\\\/#breadcrumb\"},\"inLanguage\":\"fr-FR\",\"potentialAction\":[{\"@type\":\"ReadAction\",\"target\":[\"https:\\\/\\\/www.tbh.eu\\\/fr\\\/produkt\\\/gl-desk-20-30\\\/\"]}]},{\"@type\":\"ImageObject\",\"inLanguage\":\"fr-FR\",\"@id\":\"https:\\\/\\\/www.tbh.eu\\\/fr\\\/produkt\\\/gl-desk-20-30\\\/#primaryimage\",\"url\":\"https:\\\/\\\/www.tbh.eu\\\/wp-content\\\/uploads\\\/2022\\\/04\\\/GL-Desk_Laser_Produktbilder_300x500_web.png\",\"contentUrl\":\"https:\\\/\\\/www.tbh.eu\\\/wp-content\\\/uploads\\\/2022\\\/04\\\/GL-Desk_Laser_Produktbilder_300x500_web.png\",\"width\":300,\"height\":500,\"caption\":\"Aspiration \u00e0 \u00e9conomie d'\u00e9nergie\"},{\"@type\":\"BreadcrumbList\",\"@id\":\"https:\\\/\\\/www.tbh.eu\\\/fr\\\/produkt\\\/gl-desk-20-30\\\/#breadcrumb\",\"itemListElement\":[{\"@type\":\"ListItem\",\"position\":1,\"name\":\"Startseite\",\"item\":\"https:\\\/\\\/www.tbh.eu\\\/fr\\\/\"},{\"@type\":\"ListItem\",\"position\":2,\"name\":\"Magasin\",\"item\":\"https:\\\/\\\/www.tbh.eu\\\/magasin\\\/\"},{\"@type\":\"ListItem\",\"position\":3,\"name\":\"GL-Desk 20\\\/ 30\"}]},{\"@type\":\"WebSite\",\"@id\":\"https:\\\/\\\/www.tbh.eu\\\/fr\\\/#website\",\"url\":\"https:\\\/\\\/www.tbh.eu\\\/fr\\\/\",\"name\":\"TBH GmbH Filter- und Absauganlagen\",\"description\":\"Filter- und Absauganlagen zur Reinhaltung der Luft am Arbeitsplatz\",\"publisher\":{\"@id\":\"https:\\\/\\\/www.tbh.eu\\\/fr\\\/#organization\"},\"potentialAction\":[{\"@type\":\"SearchAction\",\"target\":{\"@type\":\"EntryPoint\",\"urlTemplate\":\"https:\\\/\\\/www.tbh.eu\\\/fr\\\/?s={search_term_string}\"},\"query-input\":{\"@type\":\"PropertyValueSpecification\",\"valueRequired\":true,\"valueName\":\"search_term_string\"}}],\"inLanguage\":\"fr-FR\"},{\"@type\":\"Organization\",\"@id\":\"https:\\\/\\\/www.tbh.eu\\\/fr\\\/#organization\",\"name\":\"TBH GmbH Filter- und Absauganlagen\",\"url\":\"https:\\\/\\\/www.tbh.eu\\\/fr\\\/\",\"logo\":{\"@type\":\"ImageObject\",\"inLanguage\":\"fr-FR\",\"@id\":\"https:\\\/\\\/www.tbh.eu\\\/fr\\\/#\\\/schema\\\/logo\\\/image\\\/\",\"url\":\"https:\\\/\\\/www.tbh.eu\\\/wp-content\\\/uploads\\\/2025\\\/10\\\/Logo_TBH_neu.webp\",\"contentUrl\":\"https:\\\/\\\/www.tbh.eu\\\/wp-content\\\/uploads\\\/2025\\\/10\\\/Logo_TBH_neu.webp\",\"width\":169,\"height\":71,\"caption\":\"TBH GmbH Filter- und Absauganlagen\"},\"image\":{\"@id\":\"https:\\\/\\\/www.tbh.eu\\\/fr\\\/#\\\/schema\\\/logo\\\/image\\\/\"}}]}<\/script>\n<!-- \/ Yoast SEO plugin. -->","yoast_head_json":{"title":"GL-Desk 20\/ 30 - TBH GmbH Filter- und Absauganlagen","robots":{"index":"index","follow":"follow","max-snippet":"max-snippet:-1","max-image-preview":"max-image-preview:large","max-video-preview":"max-video-preview:-1"},"canonical":"https:\/\/www.tbh.eu\/fr\/produkt\/gl-desk-20-30\/","og_locale":"fr_FR","og_type":"article","og_title":"GL-Desk 20\/ 30 - TBH GmbH Filter- und Absauganlagen","og_description":"Le GL Desk est disponible dans les variantes 20 et 30. Selon l'application, il peut \u00eatre configur\u00e9 avec un grand ou un petit filtre \u00e0 charbon actif. Sur le GL 30, le filtre \u00e0 charbon actif dispose de plus de contenu.","og_url":"https:\/\/www.tbh.eu\/fr\/produkt\/gl-desk-20-30\/","og_site_name":"TBH GmbH Filter- und Absauganlagen","article_modified_time":"2024-03-21T16:32:26+00:00","og_image":[{"width":300,"height":500,"url":"https:\/\/www.tbh.eu\/wp-content\/uploads\/2022\/04\/GL-Desk_Laser_Produktbilder_300x500_web.png","type":"image\/png"}],"twitter_card":"summary_large_image","schema":{"@context":"https:\/\/schema.org","@graph":[{"@type":"WebPage","@id":"https:\/\/www.tbh.eu\/fr\/produkt\/gl-desk-20-30\/","url":"https:\/\/www.tbh.eu\/fr\/produkt\/gl-desk-20-30\/","name":"GL-Desk 20\/ 30 - TBH GmbH Filter- und Absauganlagen","isPartOf":{"@id":"https:\/\/www.tbh.eu\/fr\/#website"},"primaryImageOfPage":{"@id":"https:\/\/www.tbh.eu\/fr\/produkt\/gl-desk-20-30\/#primaryimage"},"image":{"@id":"https:\/\/www.tbh.eu\/fr\/produkt\/gl-desk-20-30\/#primaryimage"},"thumbnailUrl":"https:\/\/www.tbh.eu\/wp-content\/uploads\/2022\/04\/GL-Desk_Laser_Produktbilder_300x500_web.png","datePublished":"2022-04-05T09:44:59+00:00","dateModified":"2024-03-21T16:32:26+00:00","breadcrumb":{"@id":"https:\/\/www.tbh.eu\/fr\/produkt\/gl-desk-20-30\/#breadcrumb"},"inLanguage":"fr-FR","potentialAction":[{"@type":"ReadAction","target":["https:\/\/www.tbh.eu\/fr\/produkt\/gl-desk-20-30\/"]}]},{"@type":"ImageObject","inLanguage":"fr-FR","@id":"https:\/\/www.tbh.eu\/fr\/produkt\/gl-desk-20-30\/#primaryimage","url":"https:\/\/www.tbh.eu\/wp-content\/uploads\/2022\/04\/GL-Desk_Laser_Produktbilder_300x500_web.png","contentUrl":"https:\/\/www.tbh.eu\/wp-content\/uploads\/2022\/04\/GL-Desk_Laser_Produktbilder_300x500_web.png","width":300,"height":500,"caption":"Aspiration \u00e0 \u00e9conomie d'\u00e9nergie"},{"@type":"BreadcrumbList","@id":"https:\/\/www.tbh.eu\/fr\/produkt\/gl-desk-20-30\/#breadcrumb","itemListElement":[{"@type":"ListItem","position":1,"name":"Startseite","item":"https:\/\/www.tbh.eu\/fr\/"},{"@type":"ListItem","position":2,"name":"Magasin","item":"https:\/\/www.tbh.eu\/magasin\/"},{"@type":"ListItem","position":3,"name":"GL-Desk 20\/ 30"}]},{"@type":"WebSite","@id":"https:\/\/www.tbh.eu\/fr\/#website","url":"https:\/\/www.tbh.eu\/fr\/","name":"TBH GmbH Filter- und Absauganlagen","description":"Filter- und Absauganlagen zur Reinhaltung der Luft am Arbeitsplatz","publisher":{"@id":"https:\/\/www.tbh.eu\/fr\/#organization"},"potentialAction":[{"@type":"SearchAction","target":{"@type":"EntryPoint","urlTemplate":"https:\/\/www.tbh.eu\/fr\/?s={search_term_string}"},"query-input":{"@type":"PropertyValueSpecification","valueRequired":true,"valueName":"search_term_string"}}],"inLanguage":"fr-FR"},{"@type":"Organization","@id":"https:\/\/www.tbh.eu\/fr\/#organization","name":"TBH GmbH Filter- und Absauganlagen","url":"https:\/\/www.tbh.eu\/fr\/","logo":{"@type":"ImageObject","inLanguage":"fr-FR","@id":"https:\/\/www.tbh.eu\/fr\/#\/schema\/logo\/image\/","url":"https:\/\/www.tbh.eu\/wp-content\/uploads\/2025\/10\/Logo_TBH_neu.webp","contentUrl":"https:\/\/www.tbh.eu\/wp-content\/uploads\/2025\/10\/Logo_TBH_neu.webp","width":169,"height":71,"caption":"TBH GmbH Filter- und Absauganlagen"},"image":{"@id":"https:\/\/www.tbh.eu\/fr\/#\/schema\/logo\/image\/"}}]}},"_links":{"self":[{"href":"https:\/\/www.tbh.eu\/fr\/wp-json\/wp\/v2\/product\/17034","targetHints":{"allow":["GET"]}}],"collection":[{"href":"https:\/\/www.tbh.eu\/fr\/wp-json\/wp\/v2\/product"}],"about":[{"href":"https:\/\/www.tbh.eu\/fr\/wp-json\/wp\/v2\/types\/product"}],"wp:featuredmedia":[{"embeddable":true,"href":"https:\/\/www.tbh.eu\/fr\/wp-json\/wp\/v2\/media\/14282"}],"wp:attachment":[{"href":"https:\/\/www.tbh.eu\/fr\/wp-json\/wp\/v2\/media?parent=17034"}],"wp:term":[{"taxonomy":"product_brand","embeddable":true,"href":"https:\/\/www.tbh.eu\/fr\/wp-json\/wp\/v2\/product_brand?post=17034"},{"taxonomy":"product_cat","embeddable":true,"href":"https:\/\/www.tbh.eu\/fr\/wp-json\/wp\/v2\/product_cat?post=17034"},{"taxonomy":"product_tag","embeddable":true,"href":"https:\/\/www.tbh.eu\/fr\/wp-json\/wp\/v2\/product_tag?post=17034"}],"curies":[{"name":"wp","href":"https:\/\/api.w.org\/{rel}","templated":true}]}}