{"id":17029,"date":"2022-04-07T12:46:46","date_gmt":"2022-04-07T12:46:46","guid":{"rendered":"https:\/\/www.tbh.eu\/produkt\/fp-213\/"},"modified":"2026-02-24T13:07:10","modified_gmt":"2026-02-24T13:07:10","slug":"fp-213","status":"publish","type":"product","link":"https:\/\/www.tbh.eu\/fr\/produkt\/fp-213\/","title":{"rendered":"FP 213"},"content":{"rendered":"","protected":false},"excerpt":{"rendered":"<p>Le FP 213, avec une puissance moteur de 1,8 kW, est disponible dans les versions mod\u00e8le de base (cartouche filtrante antistatique, classe de poussi\u00e8re M), avec une surface filtrante \u00e9largie gr\u00e2ce \u00e0 un filtre \u00e0 particules H14 et avec un filtre \u00e0 charbon actif.<\/p>\n","protected":false},"featured_media":21219,"template":"","meta":{"_acf_changed":false},"product_brand":[],"product_cat":[385,381],"product_tag":[374],"class_list":{"0":"post-17029","1":"product","2":"type-product","3":"status-publish","4":"has-post-thumbnail","6":"product_cat-serie-fp-200-fr","7":"product_cat-systemes-a-cartouches-filtrantes-fr","8":"product_tag-systemes-a-cartouches-filtrantes","10":"first","11":"instock","12":"shipping-taxable","13":"product-type-simple"},"acf":[],"yoast_head":"<!-- This site is optimized with the Yoast SEO plugin v27.3 - https:\/\/yoast.com\/product\/yoast-seo-wordpress\/ -->\n<title>FP 213 - TBH GmbH Filter- und Absauganlagen<\/title>\n<meta name=\"robots\" content=\"index, follow, max-snippet:-1, max-image-preview:large, max-video-preview:-1\" \/>\n<link rel=\"canonical\" href=\"https:\/\/www.tbh.eu\/fr\/produkt\/fp-213\/\" \/>\n<meta property=\"og:locale\" content=\"fr_FR\" \/>\n<meta property=\"og:type\" content=\"article\" \/>\n<meta property=\"og:title\" content=\"FP 213 - TBH GmbH Filter- und Absauganlagen\" \/>\n<meta property=\"og:description\" content=\"Le FP 213, avec une puissance moteur de 1,8 kW, est disponible dans les versions mod\u00e8le de base (cartouche filtrante antistatique, classe de poussi\u00e8re M), avec une surface filtrante \u00e9largie gr\u00e2ce \u00e0 un filtre \u00e0 particules H14 et avec un filtre \u00e0 charbon actif.\" \/>\n<meta property=\"og:url\" content=\"https:\/\/www.tbh.eu\/fr\/produkt\/fp-213\/\" \/>\n<meta property=\"og:site_name\" content=\"TBH GmbH Filter- und Absauganlagen\" \/>\n<meta property=\"article:modified_time\" content=\"2026-02-24T13:07:10+00:00\" \/>\n<meta property=\"og:image\" content=\"https:\/\/www.tbh.eu\/wp-content\/uploads\/2022\/04\/90194_FP-211-576x1024.png\" \/>\n\t<meta property=\"og:image:width\" content=\"576\" \/>\n\t<meta property=\"og:image:height\" content=\"1024\" \/>\n\t<meta property=\"og:image:type\" content=\"image\/png\" \/>\n<meta name=\"twitter:card\" content=\"summary_large_image\" \/>\n<script type=\"application\/ld+json\" class=\"yoast-schema-graph\">{\"@context\":\"https:\\\/\\\/schema.org\",\"@graph\":[{\"@type\":\"WebPage\",\"@id\":\"https:\\\/\\\/www.tbh.eu\\\/fr\\\/produkt\\\/fp-213\\\/\",\"url\":\"https:\\\/\\\/www.tbh.eu\\\/fr\\\/produkt\\\/fp-213\\\/\",\"name\":\"FP 213 - TBH GmbH Filter- und Absauganlagen\",\"isPartOf\":{\"@id\":\"https:\\\/\\\/www.tbh.eu\\\/fr\\\/#website\"},\"primaryImageOfPage\":{\"@id\":\"https:\\\/\\\/www.tbh.eu\\\/fr\\\/produkt\\\/fp-213\\\/#primaryimage\"},\"image\":{\"@id\":\"https:\\\/\\\/www.tbh.eu\\\/fr\\\/produkt\\\/fp-213\\\/#primaryimage\"},\"thumbnailUrl\":\"https:\\\/\\\/www.tbh.eu\\\/wp-content\\\/uploads\\\/2022\\\/04\\\/90194_FP-211.png\",\"datePublished\":\"2022-04-07T12:46:46+00:00\",\"dateModified\":\"2026-02-24T13:07:10+00:00\",\"breadcrumb\":{\"@id\":\"https:\\\/\\\/www.tbh.eu\\\/fr\\\/produkt\\\/fp-213\\\/#breadcrumb\"},\"inLanguage\":\"fr-FR\",\"potentialAction\":[{\"@type\":\"ReadAction\",\"target\":[\"https:\\\/\\\/www.tbh.eu\\\/fr\\\/produkt\\\/fp-213\\\/\"]}]},{\"@type\":\"ImageObject\",\"inLanguage\":\"fr-FR\",\"@id\":\"https:\\\/\\\/www.tbh.eu\\\/fr\\\/produkt\\\/fp-213\\\/#primaryimage\",\"url\":\"https:\\\/\\\/www.tbh.eu\\\/wp-content\\\/uploads\\\/2022\\\/04\\\/90194_FP-211.png\",\"contentUrl\":\"https:\\\/\\\/www.tbh.eu\\\/wp-content\\\/uploads\\\/2022\\\/04\\\/90194_FP-211.png\",\"width\":2812,\"height\":5000},{\"@type\":\"BreadcrumbList\",\"@id\":\"https:\\\/\\\/www.tbh.eu\\\/fr\\\/produkt\\\/fp-213\\\/#breadcrumb\",\"itemListElement\":[{\"@type\":\"ListItem\",\"position\":1,\"name\":\"Startseite\",\"item\":\"https:\\\/\\\/www.tbh.eu\\\/fr\\\/\"},{\"@type\":\"ListItem\",\"position\":2,\"name\":\"Magasin\",\"item\":\"https:\\\/\\\/www.tbh.eu\\\/magasin\\\/\"},{\"@type\":\"ListItem\",\"position\":3,\"name\":\"FP 213\"}]},{\"@type\":\"WebSite\",\"@id\":\"https:\\\/\\\/www.tbh.eu\\\/fr\\\/#website\",\"url\":\"https:\\\/\\\/www.tbh.eu\\\/fr\\\/\",\"name\":\"TBH GmbH Filter- und Absauganlagen\",\"description\":\"Filter- und Absauganlagen zur Reinhaltung der Luft am Arbeitsplatz\",\"publisher\":{\"@id\":\"https:\\\/\\\/www.tbh.eu\\\/fr\\\/#organization\"},\"potentialAction\":[{\"@type\":\"SearchAction\",\"target\":{\"@type\":\"EntryPoint\",\"urlTemplate\":\"https:\\\/\\\/www.tbh.eu\\\/fr\\\/?s={search_term_string}\"},\"query-input\":{\"@type\":\"PropertyValueSpecification\",\"valueRequired\":true,\"valueName\":\"search_term_string\"}}],\"inLanguage\":\"fr-FR\"},{\"@type\":\"Organization\",\"@id\":\"https:\\\/\\\/www.tbh.eu\\\/fr\\\/#organization\",\"name\":\"TBH GmbH Filter- und Absauganlagen\",\"url\":\"https:\\\/\\\/www.tbh.eu\\\/fr\\\/\",\"logo\":{\"@type\":\"ImageObject\",\"inLanguage\":\"fr-FR\",\"@id\":\"https:\\\/\\\/www.tbh.eu\\\/fr\\\/#\\\/schema\\\/logo\\\/image\\\/\",\"url\":\"https:\\\/\\\/www.tbh.eu\\\/wp-content\\\/uploads\\\/2025\\\/10\\\/Logo_TBH_neu.webp\",\"contentUrl\":\"https:\\\/\\\/www.tbh.eu\\\/wp-content\\\/uploads\\\/2025\\\/10\\\/Logo_TBH_neu.webp\",\"width\":169,\"height\":71,\"caption\":\"TBH GmbH Filter- und Absauganlagen\"},\"image\":{\"@id\":\"https:\\\/\\\/www.tbh.eu\\\/fr\\\/#\\\/schema\\\/logo\\\/image\\\/\"}}]}<\/script>\n<!-- \/ Yoast SEO plugin. -->","yoast_head_json":{"title":"FP 213 - TBH GmbH Filter- und Absauganlagen","robots":{"index":"index","follow":"follow","max-snippet":"max-snippet:-1","max-image-preview":"max-image-preview:large","max-video-preview":"max-video-preview:-1"},"canonical":"https:\/\/www.tbh.eu\/fr\/produkt\/fp-213\/","og_locale":"fr_FR","og_type":"article","og_title":"FP 213 - TBH GmbH Filter- und Absauganlagen","og_description":"Le FP 213, avec une puissance moteur de 1,8 kW, est disponible dans les versions mod\u00e8le de base (cartouche filtrante antistatique, classe de poussi\u00e8re M), avec une surface filtrante \u00e9largie gr\u00e2ce \u00e0 un filtre \u00e0 particules H14 et avec un filtre \u00e0 charbon actif.","og_url":"https:\/\/www.tbh.eu\/fr\/produkt\/fp-213\/","og_site_name":"TBH GmbH Filter- und Absauganlagen","article_modified_time":"2026-02-24T13:07:10+00:00","og_image":[{"width":576,"height":1024,"url":"https:\/\/www.tbh.eu\/wp-content\/uploads\/2022\/04\/90194_FP-211-576x1024.png","type":"image\/png"}],"twitter_card":"summary_large_image","schema":{"@context":"https:\/\/schema.org","@graph":[{"@type":"WebPage","@id":"https:\/\/www.tbh.eu\/fr\/produkt\/fp-213\/","url":"https:\/\/www.tbh.eu\/fr\/produkt\/fp-213\/","name":"FP 213 - TBH GmbH Filter- und Absauganlagen","isPartOf":{"@id":"https:\/\/www.tbh.eu\/fr\/#website"},"primaryImageOfPage":{"@id":"https:\/\/www.tbh.eu\/fr\/produkt\/fp-213\/#primaryimage"},"image":{"@id":"https:\/\/www.tbh.eu\/fr\/produkt\/fp-213\/#primaryimage"},"thumbnailUrl":"https:\/\/www.tbh.eu\/wp-content\/uploads\/2022\/04\/90194_FP-211.png","datePublished":"2022-04-07T12:46:46+00:00","dateModified":"2026-02-24T13:07:10+00:00","breadcrumb":{"@id":"https:\/\/www.tbh.eu\/fr\/produkt\/fp-213\/#breadcrumb"},"inLanguage":"fr-FR","potentialAction":[{"@type":"ReadAction","target":["https:\/\/www.tbh.eu\/fr\/produkt\/fp-213\/"]}]},{"@type":"ImageObject","inLanguage":"fr-FR","@id":"https:\/\/www.tbh.eu\/fr\/produkt\/fp-213\/#primaryimage","url":"https:\/\/www.tbh.eu\/wp-content\/uploads\/2022\/04\/90194_FP-211.png","contentUrl":"https:\/\/www.tbh.eu\/wp-content\/uploads\/2022\/04\/90194_FP-211.png","width":2812,"height":5000},{"@type":"BreadcrumbList","@id":"https:\/\/www.tbh.eu\/fr\/produkt\/fp-213\/#breadcrumb","itemListElement":[{"@type":"ListItem","position":1,"name":"Startseite","item":"https:\/\/www.tbh.eu\/fr\/"},{"@type":"ListItem","position":2,"name":"Magasin","item":"https:\/\/www.tbh.eu\/magasin\/"},{"@type":"ListItem","position":3,"name":"FP 213"}]},{"@type":"WebSite","@id":"https:\/\/www.tbh.eu\/fr\/#website","url":"https:\/\/www.tbh.eu\/fr\/","name":"TBH GmbH Filter- und Absauganlagen","description":"Filter- und Absauganlagen zur Reinhaltung der Luft am Arbeitsplatz","publisher":{"@id":"https:\/\/www.tbh.eu\/fr\/#organization"},"potentialAction":[{"@type":"SearchAction","target":{"@type":"EntryPoint","urlTemplate":"https:\/\/www.tbh.eu\/fr\/?s={search_term_string}"},"query-input":{"@type":"PropertyValueSpecification","valueRequired":true,"valueName":"search_term_string"}}],"inLanguage":"fr-FR"},{"@type":"Organization","@id":"https:\/\/www.tbh.eu\/fr\/#organization","name":"TBH GmbH Filter- und Absauganlagen","url":"https:\/\/www.tbh.eu\/fr\/","logo":{"@type":"ImageObject","inLanguage":"fr-FR","@id":"https:\/\/www.tbh.eu\/fr\/#\/schema\/logo\/image\/","url":"https:\/\/www.tbh.eu\/wp-content\/uploads\/2025\/10\/Logo_TBH_neu.webp","contentUrl":"https:\/\/www.tbh.eu\/wp-content\/uploads\/2025\/10\/Logo_TBH_neu.webp","width":169,"height":71,"caption":"TBH GmbH Filter- und Absauganlagen"},"image":{"@id":"https:\/\/www.tbh.eu\/fr\/#\/schema\/logo\/image\/"}}]}},"_links":{"self":[{"href":"https:\/\/www.tbh.eu\/fr\/wp-json\/wp\/v2\/product\/17029","targetHints":{"allow":["GET"]}}],"collection":[{"href":"https:\/\/www.tbh.eu\/fr\/wp-json\/wp\/v2\/product"}],"about":[{"href":"https:\/\/www.tbh.eu\/fr\/wp-json\/wp\/v2\/types\/product"}],"wp:featuredmedia":[{"embeddable":true,"href":"https:\/\/www.tbh.eu\/fr\/wp-json\/wp\/v2\/media\/21219"}],"wp:attachment":[{"href":"https:\/\/www.tbh.eu\/fr\/wp-json\/wp\/v2\/media?parent=17029"}],"wp:term":[{"taxonomy":"product_brand","embeddable":true,"href":"https:\/\/www.tbh.eu\/fr\/wp-json\/wp\/v2\/product_brand?post=17029"},{"taxonomy":"product_cat","embeddable":true,"href":"https:\/\/www.tbh.eu\/fr\/wp-json\/wp\/v2\/product_cat?post=17029"},{"taxonomy":"product_tag","embeddable":true,"href":"https:\/\/www.tbh.eu\/fr\/wp-json\/wp\/v2\/product_tag?post=17029"}],"curies":[{"name":"wp","href":"https:\/\/api.w.org\/{rel}","templated":true}]}}