{"id":17028,"date":"2022-04-07T12:50:24","date_gmt":"2022-04-07T12:50:24","guid":{"rendered":"https:\/\/www.tbh.eu\/produkt\/fp-211-atex\/"},"modified":"2026-02-24T14:48:10","modified_gmt":"2026-02-24T14:48:10","slug":"fp211-atex","status":"publish","type":"product","link":"https:\/\/www.tbh.eu\/fr\/produkt\/fp211-atex\/","title":{"rendered":"FP 211 ATEX"},"content":{"rendered":"<p>Le FP 211 ATEX est un syst\u00e8me de filtration et d&rsquo;aspiration performant destin\u00e9 au d\u00e9poussi\u00e9rage industriel de grandes quantit\u00e9s de poussi\u00e8res s\u00e8ches et explosives (non m\u00e9talliques). Six cartouches filtrantes antistatiques nettoyables (classe de poussi\u00e8re M) sont nettoy\u00e9es automatiquement par des jets d&rsquo;air comprim\u00e9, ce qui garantit une tr\u00e8s longue dur\u00e9e de vie et un fonctionnement s\u00fbr. Con\u00e7u selon la norme ATEX (directive 2014\/34\/UE), adapt\u00e9 \u00e0 l&rsquo;aspiration dans la zone 21 (installation du syst\u00e8me en dehors de la zone) ; \u00e9limination de la poussi\u00e8re via un bac de collecte amovible.<\/p>\n","protected":false},"excerpt":{"rendered":"<p>Le FP 211 ATEX dispose d&rsquo;une puissance moteur de 3,0 kW et d&rsquo;un d\u00e9bit d&rsquo;air maximal de 2000 m3\/h. Le syst\u00e8me d&rsquo;aspiration est disponible en version standard (cartouche filtrante antistatique, classe de poussi\u00e8re M + filtre \u00e0 particules HEPA H13) et avec un module interm\u00e9diaire (filtre \u00e0 charbon actif).<\/p>\n","protected":false},"featured_media":23690,"template":"","meta":{"_acf_changed":false},"product_brand":[],"product_cat":[384,381],"product_tag":[374],"class_list":{"0":"post-17028","1":"product","2":"type-product","3":"status-publish","4":"has-post-thumbnail","6":"product_cat-serie-fp-200-atex-fr","7":"product_cat-systemes-a-cartouches-filtrantes-fr","8":"product_tag-systemes-a-cartouches-filtrantes","10":"first","11":"instock","12":"shipping-taxable","13":"product-type-simple"},"acf":[],"yoast_head":"<!-- This site is optimized with the Yoast SEO plugin v27.3 - https:\/\/yoast.com\/product\/yoast-seo-wordpress\/ -->\n<title>FP 211 ATEX - TBH GmbH Filter- und Absauganlagen<\/title>\n<meta name=\"description\" content=\"Le FP-211-ATEX est adapt\u00e9 \u00e0 l&#039;aspiration et \u00e0 la filtration de poussi\u00e8res non m\u00e9talliques, la s\u00e9rie FP-Atex de TBH\" \/>\n<meta name=\"robots\" content=\"index, follow, max-snippet:-1, max-image-preview:large, max-video-preview:-1\" \/>\n<link rel=\"canonical\" href=\"https:\/\/www.tbh.eu\/fr\/produkt\/fp211-atex\/\" \/>\n<meta property=\"og:locale\" content=\"fr_FR\" \/>\n<meta property=\"og:type\" content=\"article\" \/>\n<meta property=\"og:title\" content=\"FP 211 ATEX - TBH GmbH Filter- und Absauganlagen\" \/>\n<meta property=\"og:description\" content=\"Le FP-211-ATEX est adapt\u00e9 \u00e0 l&#039;aspiration et \u00e0 la filtration de poussi\u00e8res non m\u00e9talliques, la s\u00e9rie FP-Atex de TBH\" \/>\n<meta property=\"og:url\" content=\"https:\/\/www.tbh.eu\/fr\/produkt\/fp211-atex\/\" \/>\n<meta property=\"og:site_name\" content=\"TBH GmbH Filter- und Absauganlagen\" \/>\n<meta property=\"article:modified_time\" content=\"2026-02-24T14:48:10+00:00\" \/>\n<meta property=\"og:image\" content=\"https:\/\/www.tbh.eu\/wp-content\/uploads\/2026\/02\/FP200-Atex-Gruppe-500x600-1.png\" \/>\n\t<meta property=\"og:image:width\" content=\"500\" \/>\n\t<meta property=\"og:image:height\" content=\"600\" \/>\n\t<meta property=\"og:image:type\" content=\"image\/png\" \/>\n<meta name=\"twitter:card\" content=\"summary_large_image\" \/>\n<meta name=\"twitter:label1\" content=\"Dur\u00e9e de lecture estim\u00e9e\" \/>\n\t<meta name=\"twitter:data1\" content=\"1 minute\" \/>\n<script type=\"application\/ld+json\" class=\"yoast-schema-graph\">{\"@context\":\"https:\\\/\\\/schema.org\",\"@graph\":[{\"@type\":\"WebPage\",\"@id\":\"https:\\\/\\\/www.tbh.eu\\\/fr\\\/produkt\\\/fp211-atex\\\/\",\"url\":\"https:\\\/\\\/www.tbh.eu\\\/fr\\\/produkt\\\/fp211-atex\\\/\",\"name\":\"FP 211 ATEX - TBH GmbH Filter- und Absauganlagen\",\"isPartOf\":{\"@id\":\"https:\\\/\\\/www.tbh.eu\\\/fr\\\/#website\"},\"primaryImageOfPage\":{\"@id\":\"https:\\\/\\\/www.tbh.eu\\\/fr\\\/produkt\\\/fp211-atex\\\/#primaryimage\"},\"image\":{\"@id\":\"https:\\\/\\\/www.tbh.eu\\\/fr\\\/produkt\\\/fp211-atex\\\/#primaryimage\"},\"thumbnailUrl\":\"https:\\\/\\\/www.tbh.eu\\\/wp-content\\\/uploads\\\/2026\\\/02\\\/FP200-Atex-Gruppe-500x600-1.png\",\"datePublished\":\"2022-04-07T12:50:24+00:00\",\"dateModified\":\"2026-02-24T14:48:10+00:00\",\"description\":\"Le FP-211-ATEX est adapt\u00e9 \u00e0 l'aspiration et \u00e0 la filtration de poussi\u00e8res non m\u00e9talliques, la s\u00e9rie FP-Atex de TBH\",\"breadcrumb\":{\"@id\":\"https:\\\/\\\/www.tbh.eu\\\/fr\\\/produkt\\\/fp211-atex\\\/#breadcrumb\"},\"inLanguage\":\"fr-FR\",\"potentialAction\":[{\"@type\":\"ReadAction\",\"target\":[\"https:\\\/\\\/www.tbh.eu\\\/fr\\\/produkt\\\/fp211-atex\\\/\"]}]},{\"@type\":\"ImageObject\",\"inLanguage\":\"fr-FR\",\"@id\":\"https:\\\/\\\/www.tbh.eu\\\/fr\\\/produkt\\\/fp211-atex\\\/#primaryimage\",\"url\":\"https:\\\/\\\/www.tbh.eu\\\/wp-content\\\/uploads\\\/2026\\\/02\\\/FP200-Atex-Gruppe-500x600-1.png\",\"contentUrl\":\"https:\\\/\\\/www.tbh.eu\\\/wp-content\\\/uploads\\\/2026\\\/02\\\/FP200-Atex-Gruppe-500x600-1.png\",\"width\":500,\"height\":600},{\"@type\":\"BreadcrumbList\",\"@id\":\"https:\\\/\\\/www.tbh.eu\\\/fr\\\/produkt\\\/fp211-atex\\\/#breadcrumb\",\"itemListElement\":[{\"@type\":\"ListItem\",\"position\":1,\"name\":\"Startseite\",\"item\":\"https:\\\/\\\/www.tbh.eu\\\/fr\\\/\"},{\"@type\":\"ListItem\",\"position\":2,\"name\":\"Magasin\",\"item\":\"https:\\\/\\\/www.tbh.eu\\\/magasin\\\/\"},{\"@type\":\"ListItem\",\"position\":3,\"name\":\"FP 211 ATEX\"}]},{\"@type\":\"WebSite\",\"@id\":\"https:\\\/\\\/www.tbh.eu\\\/fr\\\/#website\",\"url\":\"https:\\\/\\\/www.tbh.eu\\\/fr\\\/\",\"name\":\"TBH GmbH Filter- und Absauganlagen\",\"description\":\"Filter- und Absauganlagen zur Reinhaltung der Luft am Arbeitsplatz\",\"publisher\":{\"@id\":\"https:\\\/\\\/www.tbh.eu\\\/fr\\\/#organization\"},\"potentialAction\":[{\"@type\":\"SearchAction\",\"target\":{\"@type\":\"EntryPoint\",\"urlTemplate\":\"https:\\\/\\\/www.tbh.eu\\\/fr\\\/?s={search_term_string}\"},\"query-input\":{\"@type\":\"PropertyValueSpecification\",\"valueRequired\":true,\"valueName\":\"search_term_string\"}}],\"inLanguage\":\"fr-FR\"},{\"@type\":\"Organization\",\"@id\":\"https:\\\/\\\/www.tbh.eu\\\/fr\\\/#organization\",\"name\":\"TBH GmbH Filter- und Absauganlagen\",\"url\":\"https:\\\/\\\/www.tbh.eu\\\/fr\\\/\",\"logo\":{\"@type\":\"ImageObject\",\"inLanguage\":\"fr-FR\",\"@id\":\"https:\\\/\\\/www.tbh.eu\\\/fr\\\/#\\\/schema\\\/logo\\\/image\\\/\",\"url\":\"https:\\\/\\\/www.tbh.eu\\\/wp-content\\\/uploads\\\/2025\\\/10\\\/Logo_TBH_neu.webp\",\"contentUrl\":\"https:\\\/\\\/www.tbh.eu\\\/wp-content\\\/uploads\\\/2025\\\/10\\\/Logo_TBH_neu.webp\",\"width\":169,\"height\":71,\"caption\":\"TBH GmbH Filter- und Absauganlagen\"},\"image\":{\"@id\":\"https:\\\/\\\/www.tbh.eu\\\/fr\\\/#\\\/schema\\\/logo\\\/image\\\/\"}}]}<\/script>\n<!-- \/ Yoast SEO plugin. -->","yoast_head_json":{"title":"FP 211 ATEX - TBH GmbH Filter- und Absauganlagen","description":"Le FP-211-ATEX est adapt\u00e9 \u00e0 l'aspiration et \u00e0 la filtration de poussi\u00e8res non m\u00e9talliques, la s\u00e9rie FP-Atex de TBH","robots":{"index":"index","follow":"follow","max-snippet":"max-snippet:-1","max-image-preview":"max-image-preview:large","max-video-preview":"max-video-preview:-1"},"canonical":"https:\/\/www.tbh.eu\/fr\/produkt\/fp211-atex\/","og_locale":"fr_FR","og_type":"article","og_title":"FP 211 ATEX - TBH GmbH Filter- und Absauganlagen","og_description":"Le FP-211-ATEX est adapt\u00e9 \u00e0 l'aspiration et \u00e0 la filtration de poussi\u00e8res non m\u00e9talliques, la s\u00e9rie FP-Atex de TBH","og_url":"https:\/\/www.tbh.eu\/fr\/produkt\/fp211-atex\/","og_site_name":"TBH GmbH Filter- und Absauganlagen","article_modified_time":"2026-02-24T14:48:10+00:00","og_image":[{"width":500,"height":600,"url":"https:\/\/www.tbh.eu\/wp-content\/uploads\/2026\/02\/FP200-Atex-Gruppe-500x600-1.png","type":"image\/png"}],"twitter_card":"summary_large_image","twitter_misc":{"Dur\u00e9e de lecture estim\u00e9e":"1 minute"},"schema":{"@context":"https:\/\/schema.org","@graph":[{"@type":"WebPage","@id":"https:\/\/www.tbh.eu\/fr\/produkt\/fp211-atex\/","url":"https:\/\/www.tbh.eu\/fr\/produkt\/fp211-atex\/","name":"FP 211 ATEX - TBH GmbH Filter- und Absauganlagen","isPartOf":{"@id":"https:\/\/www.tbh.eu\/fr\/#website"},"primaryImageOfPage":{"@id":"https:\/\/www.tbh.eu\/fr\/produkt\/fp211-atex\/#primaryimage"},"image":{"@id":"https:\/\/www.tbh.eu\/fr\/produkt\/fp211-atex\/#primaryimage"},"thumbnailUrl":"https:\/\/www.tbh.eu\/wp-content\/uploads\/2026\/02\/FP200-Atex-Gruppe-500x600-1.png","datePublished":"2022-04-07T12:50:24+00:00","dateModified":"2026-02-24T14:48:10+00:00","description":"Le FP-211-ATEX est adapt\u00e9 \u00e0 l'aspiration et \u00e0 la filtration de poussi\u00e8res non m\u00e9talliques, la s\u00e9rie FP-Atex de TBH","breadcrumb":{"@id":"https:\/\/www.tbh.eu\/fr\/produkt\/fp211-atex\/#breadcrumb"},"inLanguage":"fr-FR","potentialAction":[{"@type":"ReadAction","target":["https:\/\/www.tbh.eu\/fr\/produkt\/fp211-atex\/"]}]},{"@type":"ImageObject","inLanguage":"fr-FR","@id":"https:\/\/www.tbh.eu\/fr\/produkt\/fp211-atex\/#primaryimage","url":"https:\/\/www.tbh.eu\/wp-content\/uploads\/2026\/02\/FP200-Atex-Gruppe-500x600-1.png","contentUrl":"https:\/\/www.tbh.eu\/wp-content\/uploads\/2026\/02\/FP200-Atex-Gruppe-500x600-1.png","width":500,"height":600},{"@type":"BreadcrumbList","@id":"https:\/\/www.tbh.eu\/fr\/produkt\/fp211-atex\/#breadcrumb","itemListElement":[{"@type":"ListItem","position":1,"name":"Startseite","item":"https:\/\/www.tbh.eu\/fr\/"},{"@type":"ListItem","position":2,"name":"Magasin","item":"https:\/\/www.tbh.eu\/magasin\/"},{"@type":"ListItem","position":3,"name":"FP 211 ATEX"}]},{"@type":"WebSite","@id":"https:\/\/www.tbh.eu\/fr\/#website","url":"https:\/\/www.tbh.eu\/fr\/","name":"TBH GmbH Filter- und Absauganlagen","description":"Filter- und Absauganlagen zur Reinhaltung der Luft am Arbeitsplatz","publisher":{"@id":"https:\/\/www.tbh.eu\/fr\/#organization"},"potentialAction":[{"@type":"SearchAction","target":{"@type":"EntryPoint","urlTemplate":"https:\/\/www.tbh.eu\/fr\/?s={search_term_string}"},"query-input":{"@type":"PropertyValueSpecification","valueRequired":true,"valueName":"search_term_string"}}],"inLanguage":"fr-FR"},{"@type":"Organization","@id":"https:\/\/www.tbh.eu\/fr\/#organization","name":"TBH GmbH Filter- und Absauganlagen","url":"https:\/\/www.tbh.eu\/fr\/","logo":{"@type":"ImageObject","inLanguage":"fr-FR","@id":"https:\/\/www.tbh.eu\/fr\/#\/schema\/logo\/image\/","url":"https:\/\/www.tbh.eu\/wp-content\/uploads\/2025\/10\/Logo_TBH_neu.webp","contentUrl":"https:\/\/www.tbh.eu\/wp-content\/uploads\/2025\/10\/Logo_TBH_neu.webp","width":169,"height":71,"caption":"TBH GmbH Filter- und Absauganlagen"},"image":{"@id":"https:\/\/www.tbh.eu\/fr\/#\/schema\/logo\/image\/"}}]}},"_links":{"self":[{"href":"https:\/\/www.tbh.eu\/fr\/wp-json\/wp\/v2\/product\/17028","targetHints":{"allow":["GET"]}}],"collection":[{"href":"https:\/\/www.tbh.eu\/fr\/wp-json\/wp\/v2\/product"}],"about":[{"href":"https:\/\/www.tbh.eu\/fr\/wp-json\/wp\/v2\/types\/product"}],"wp:featuredmedia":[{"embeddable":true,"href":"https:\/\/www.tbh.eu\/fr\/wp-json\/wp\/v2\/media\/23690"}],"wp:attachment":[{"href":"https:\/\/www.tbh.eu\/fr\/wp-json\/wp\/v2\/media?parent=17028"}],"wp:term":[{"taxonomy":"product_brand","embeddable":true,"href":"https:\/\/www.tbh.eu\/fr\/wp-json\/wp\/v2\/product_brand?post=17028"},{"taxonomy":"product_cat","embeddable":true,"href":"https:\/\/www.tbh.eu\/fr\/wp-json\/wp\/v2\/product_cat?post=17028"},{"taxonomy":"product_tag","embeddable":true,"href":"https:\/\/www.tbh.eu\/fr\/wp-json\/wp\/v2\/product_tag?post=17028"}],"curies":[{"name":"wp","href":"https:\/\/api.w.org\/{rel}","templated":true}]}}