{"id":17027,"date":"2022-04-07T12:52:11","date_gmt":"2022-04-07T12:52:11","guid":{"rendered":"https:\/\/www.tbh.eu\/produkt\/fp-213-atex\/"},"modified":"2026-02-24T15:01:11","modified_gmt":"2026-02-24T15:01:11","slug":"fp-213-atex","status":"publish","type":"product","link":"https:\/\/www.tbh.eu\/fr\/produkt\/fp-213-atex\/","title":{"rendered":"FP 213 ATEX"},"content":{"rendered":"<p>Le FP 213 ATEX est un syst\u00e8me de filtration et d&rsquo;aspiration puissant destin\u00e9 \u00e0 l&rsquo;aspiration en toute s\u00e9curit\u00e9 de poussi\u00e8res s\u00e8ches explosives (non m\u00e9talliques) dans les applications industrielles. Il fonctionne avec six cartouches filtrantes antistatiques et nettoyables (classe de poussi\u00e8re M) et un syst\u00e8me de nettoyage automatique \u00e0 air comprim\u00e9 pour une longue dur\u00e9e de vie. Avec une pression statique \u00e9lev\u00e9e pouvant atteindre 15 000 Pa et un d\u00e9bit d&rsquo;air effectif de 50 \u00e0 400 m\u00b3\/h. Con\u00e7u selon la norme ATEX (RL 2014\/34\/EU) pour l&rsquo;aspiration dans la zone 21 (installation du syst\u00e8me en dehors de la zone) et avec un syst\u00e8me de remplacement des filtres brevet\u00e9 \u00e0 faible contamination.<\/p>\n","protected":false},"excerpt":{"rendered":"<p>Le FP 213 ATEX est un syst\u00e8me de filtration et d&rsquo;aspiration puissant destin\u00e9 \u00e0 l&rsquo;aspiration en toute s\u00e9curit\u00e9 de poussi\u00e8res s\u00e8ches explosives (non m\u00e9talliques) dans les applications industrielles. Il fonctionne avec six cartouches filtrantes antistatiques et nettoyables (classe de poussi\u00e8re M) et un syst\u00e8me de nettoyage automatique \u00e0 air comprim\u00e9 pour une longue dur\u00e9e de vie. Avec une pression statique \u00e9lev\u00e9e pouvant atteindre 15 000 Pa et un d\u00e9bit d&rsquo;air effectif de 50 \u00e0 400 m\u00b3\/h. Con\u00e7u selon la norme ATEX (RL 2014\/34\/EU) pour l&rsquo;aspiration dans la zone 21 (installation du syst\u00e8me en dehors de la zone) et avec un syst\u00e8me de remplacement des filtres brevet\u00e9 \u00e0 faible contamination.<\/p>\n","protected":false},"featured_media":23690,"template":"","meta":{"_acf_changed":false},"product_brand":[],"product_cat":[384,381],"product_tag":[374],"class_list":{"0":"post-17027","1":"product","2":"type-product","3":"status-publish","4":"has-post-thumbnail","6":"product_cat-serie-fp-200-atex-fr","7":"product_cat-systemes-a-cartouches-filtrantes-fr","8":"product_tag-systemes-a-cartouches-filtrantes","10":"first","11":"instock","12":"shipping-taxable","13":"product-type-simple"},"acf":[],"yoast_head":"<!-- This site is optimized with the Yoast SEO plugin v27.3 - https:\/\/yoast.com\/product\/yoast-seo-wordpress\/ -->\n<title>FP 213 ATEX - TBH GmbH Filter- und Absauganlagen<\/title>\n<meta name=\"description\" content=\"FP213 ATEX : syst\u00e8me de filtration et d&#039;aspiration pour poussi\u00e8res non m\u00e9talliques explosives (zone 21). 6 cartouches antistatiques, nettoyage \u00e0 l&#039;air comprim\u00e9, jusqu&#039;\u00e0 15 000 Pa.\" \/>\n<meta name=\"robots\" content=\"index, follow, max-snippet:-1, max-image-preview:large, max-video-preview:-1\" \/>\n<link rel=\"canonical\" href=\"https:\/\/www.tbh.eu\/fr\/produkt\/fp-213-atex\/\" \/>\n<meta property=\"og:locale\" content=\"fr_FR\" \/>\n<meta property=\"og:type\" content=\"article\" \/>\n<meta property=\"og:title\" content=\"FP 213 ATEX - TBH GmbH Filter- und Absauganlagen\" \/>\n<meta property=\"og:description\" content=\"FP213 ATEX : syst\u00e8me de filtration et d&#039;aspiration pour poussi\u00e8res non m\u00e9talliques explosives (zone 21). 6 cartouches antistatiques, nettoyage \u00e0 l&#039;air comprim\u00e9, jusqu&#039;\u00e0 15 000 Pa.\" \/>\n<meta property=\"og:url\" content=\"https:\/\/www.tbh.eu\/fr\/produkt\/fp-213-atex\/\" \/>\n<meta property=\"og:site_name\" content=\"TBH GmbH Filter- und Absauganlagen\" \/>\n<meta property=\"article:modified_time\" content=\"2026-02-24T15:01:11+00:00\" \/>\n<meta property=\"og:image\" content=\"https:\/\/www.tbh.eu\/wp-content\/uploads\/2026\/02\/FP200-Atex-Gruppe-500x600-1.png\" \/>\n\t<meta property=\"og:image:width\" content=\"500\" \/>\n\t<meta property=\"og:image:height\" content=\"600\" \/>\n\t<meta property=\"og:image:type\" content=\"image\/png\" \/>\n<meta name=\"twitter:card\" content=\"summary_large_image\" \/>\n<meta name=\"twitter:label1\" content=\"Dur\u00e9e de lecture estim\u00e9e\" \/>\n\t<meta name=\"twitter:data1\" content=\"1 minute\" \/>\n<script type=\"application\/ld+json\" class=\"yoast-schema-graph\">{\"@context\":\"https:\\\/\\\/schema.org\",\"@graph\":[{\"@type\":\"WebPage\",\"@id\":\"https:\\\/\\\/www.tbh.eu\\\/fr\\\/produkt\\\/fp-213-atex\\\/\",\"url\":\"https:\\\/\\\/www.tbh.eu\\\/fr\\\/produkt\\\/fp-213-atex\\\/\",\"name\":\"FP 213 ATEX - TBH GmbH Filter- und Absauganlagen\",\"isPartOf\":{\"@id\":\"https:\\\/\\\/www.tbh.eu\\\/fr\\\/#website\"},\"primaryImageOfPage\":{\"@id\":\"https:\\\/\\\/www.tbh.eu\\\/fr\\\/produkt\\\/fp-213-atex\\\/#primaryimage\"},\"image\":{\"@id\":\"https:\\\/\\\/www.tbh.eu\\\/fr\\\/produkt\\\/fp-213-atex\\\/#primaryimage\"},\"thumbnailUrl\":\"https:\\\/\\\/www.tbh.eu\\\/wp-content\\\/uploads\\\/2026\\\/02\\\/FP200-Atex-Gruppe-500x600-1.png\",\"datePublished\":\"2022-04-07T12:52:11+00:00\",\"dateModified\":\"2026-02-24T15:01:11+00:00\",\"description\":\"FP213 ATEX : syst\u00e8me de filtration et d'aspiration pour poussi\u00e8res non m\u00e9talliques explosives (zone 21). 6 cartouches antistatiques, nettoyage \u00e0 l'air comprim\u00e9, jusqu'\u00e0 15 000 Pa.\",\"breadcrumb\":{\"@id\":\"https:\\\/\\\/www.tbh.eu\\\/fr\\\/produkt\\\/fp-213-atex\\\/#breadcrumb\"},\"inLanguage\":\"fr-FR\",\"potentialAction\":[{\"@type\":\"ReadAction\",\"target\":[\"https:\\\/\\\/www.tbh.eu\\\/fr\\\/produkt\\\/fp-213-atex\\\/\"]}]},{\"@type\":\"ImageObject\",\"inLanguage\":\"fr-FR\",\"@id\":\"https:\\\/\\\/www.tbh.eu\\\/fr\\\/produkt\\\/fp-213-atex\\\/#primaryimage\",\"url\":\"https:\\\/\\\/www.tbh.eu\\\/wp-content\\\/uploads\\\/2026\\\/02\\\/FP200-Atex-Gruppe-500x600-1.png\",\"contentUrl\":\"https:\\\/\\\/www.tbh.eu\\\/wp-content\\\/uploads\\\/2026\\\/02\\\/FP200-Atex-Gruppe-500x600-1.png\",\"width\":500,\"height\":600},{\"@type\":\"BreadcrumbList\",\"@id\":\"https:\\\/\\\/www.tbh.eu\\\/fr\\\/produkt\\\/fp-213-atex\\\/#breadcrumb\",\"itemListElement\":[{\"@type\":\"ListItem\",\"position\":1,\"name\":\"Startseite\",\"item\":\"https:\\\/\\\/www.tbh.eu\\\/fr\\\/\"},{\"@type\":\"ListItem\",\"position\":2,\"name\":\"Magasin\",\"item\":\"https:\\\/\\\/www.tbh.eu\\\/magasin\\\/\"},{\"@type\":\"ListItem\",\"position\":3,\"name\":\"FP 213 ATEX\"}]},{\"@type\":\"WebSite\",\"@id\":\"https:\\\/\\\/www.tbh.eu\\\/fr\\\/#website\",\"url\":\"https:\\\/\\\/www.tbh.eu\\\/fr\\\/\",\"name\":\"TBH GmbH Filter- und Absauganlagen\",\"description\":\"Filter- und Absauganlagen zur Reinhaltung der Luft am Arbeitsplatz\",\"publisher\":{\"@id\":\"https:\\\/\\\/www.tbh.eu\\\/fr\\\/#organization\"},\"potentialAction\":[{\"@type\":\"SearchAction\",\"target\":{\"@type\":\"EntryPoint\",\"urlTemplate\":\"https:\\\/\\\/www.tbh.eu\\\/fr\\\/?s={search_term_string}\"},\"query-input\":{\"@type\":\"PropertyValueSpecification\",\"valueRequired\":true,\"valueName\":\"search_term_string\"}}],\"inLanguage\":\"fr-FR\"},{\"@type\":\"Organization\",\"@id\":\"https:\\\/\\\/www.tbh.eu\\\/fr\\\/#organization\",\"name\":\"TBH GmbH Filter- und Absauganlagen\",\"url\":\"https:\\\/\\\/www.tbh.eu\\\/fr\\\/\",\"logo\":{\"@type\":\"ImageObject\",\"inLanguage\":\"fr-FR\",\"@id\":\"https:\\\/\\\/www.tbh.eu\\\/fr\\\/#\\\/schema\\\/logo\\\/image\\\/\",\"url\":\"https:\\\/\\\/www.tbh.eu\\\/wp-content\\\/uploads\\\/2025\\\/10\\\/Logo_TBH_neu.webp\",\"contentUrl\":\"https:\\\/\\\/www.tbh.eu\\\/wp-content\\\/uploads\\\/2025\\\/10\\\/Logo_TBH_neu.webp\",\"width\":169,\"height\":71,\"caption\":\"TBH GmbH Filter- und Absauganlagen\"},\"image\":{\"@id\":\"https:\\\/\\\/www.tbh.eu\\\/fr\\\/#\\\/schema\\\/logo\\\/image\\\/\"}}]}<\/script>\n<!-- \/ Yoast SEO plugin. -->","yoast_head_json":{"title":"FP 213 ATEX - TBH GmbH Filter- und Absauganlagen","description":"FP213 ATEX : syst\u00e8me de filtration et d'aspiration pour poussi\u00e8res non m\u00e9talliques explosives (zone 21). 6 cartouches antistatiques, nettoyage \u00e0 l'air comprim\u00e9, jusqu'\u00e0 15 000 Pa.","robots":{"index":"index","follow":"follow","max-snippet":"max-snippet:-1","max-image-preview":"max-image-preview:large","max-video-preview":"max-video-preview:-1"},"canonical":"https:\/\/www.tbh.eu\/fr\/produkt\/fp-213-atex\/","og_locale":"fr_FR","og_type":"article","og_title":"FP 213 ATEX - TBH GmbH Filter- und Absauganlagen","og_description":"FP213 ATEX : syst\u00e8me de filtration et d'aspiration pour poussi\u00e8res non m\u00e9talliques explosives (zone 21). 6 cartouches antistatiques, nettoyage \u00e0 l'air comprim\u00e9, jusqu'\u00e0 15 000 Pa.","og_url":"https:\/\/www.tbh.eu\/fr\/produkt\/fp-213-atex\/","og_site_name":"TBH GmbH Filter- und Absauganlagen","article_modified_time":"2026-02-24T15:01:11+00:00","og_image":[{"width":500,"height":600,"url":"https:\/\/www.tbh.eu\/wp-content\/uploads\/2026\/02\/FP200-Atex-Gruppe-500x600-1.png","type":"image\/png"}],"twitter_card":"summary_large_image","twitter_misc":{"Dur\u00e9e de lecture estim\u00e9e":"1 minute"},"schema":{"@context":"https:\/\/schema.org","@graph":[{"@type":"WebPage","@id":"https:\/\/www.tbh.eu\/fr\/produkt\/fp-213-atex\/","url":"https:\/\/www.tbh.eu\/fr\/produkt\/fp-213-atex\/","name":"FP 213 ATEX - TBH GmbH Filter- und Absauganlagen","isPartOf":{"@id":"https:\/\/www.tbh.eu\/fr\/#website"},"primaryImageOfPage":{"@id":"https:\/\/www.tbh.eu\/fr\/produkt\/fp-213-atex\/#primaryimage"},"image":{"@id":"https:\/\/www.tbh.eu\/fr\/produkt\/fp-213-atex\/#primaryimage"},"thumbnailUrl":"https:\/\/www.tbh.eu\/wp-content\/uploads\/2026\/02\/FP200-Atex-Gruppe-500x600-1.png","datePublished":"2022-04-07T12:52:11+00:00","dateModified":"2026-02-24T15:01:11+00:00","description":"FP213 ATEX : syst\u00e8me de filtration et d'aspiration pour poussi\u00e8res non m\u00e9talliques explosives (zone 21). 6 cartouches antistatiques, nettoyage \u00e0 l'air comprim\u00e9, jusqu'\u00e0 15 000 Pa.","breadcrumb":{"@id":"https:\/\/www.tbh.eu\/fr\/produkt\/fp-213-atex\/#breadcrumb"},"inLanguage":"fr-FR","potentialAction":[{"@type":"ReadAction","target":["https:\/\/www.tbh.eu\/fr\/produkt\/fp-213-atex\/"]}]},{"@type":"ImageObject","inLanguage":"fr-FR","@id":"https:\/\/www.tbh.eu\/fr\/produkt\/fp-213-atex\/#primaryimage","url":"https:\/\/www.tbh.eu\/wp-content\/uploads\/2026\/02\/FP200-Atex-Gruppe-500x600-1.png","contentUrl":"https:\/\/www.tbh.eu\/wp-content\/uploads\/2026\/02\/FP200-Atex-Gruppe-500x600-1.png","width":500,"height":600},{"@type":"BreadcrumbList","@id":"https:\/\/www.tbh.eu\/fr\/produkt\/fp-213-atex\/#breadcrumb","itemListElement":[{"@type":"ListItem","position":1,"name":"Startseite","item":"https:\/\/www.tbh.eu\/fr\/"},{"@type":"ListItem","position":2,"name":"Magasin","item":"https:\/\/www.tbh.eu\/magasin\/"},{"@type":"ListItem","position":3,"name":"FP 213 ATEX"}]},{"@type":"WebSite","@id":"https:\/\/www.tbh.eu\/fr\/#website","url":"https:\/\/www.tbh.eu\/fr\/","name":"TBH GmbH Filter- und Absauganlagen","description":"Filter- und Absauganlagen zur Reinhaltung der Luft am Arbeitsplatz","publisher":{"@id":"https:\/\/www.tbh.eu\/fr\/#organization"},"potentialAction":[{"@type":"SearchAction","target":{"@type":"EntryPoint","urlTemplate":"https:\/\/www.tbh.eu\/fr\/?s={search_term_string}"},"query-input":{"@type":"PropertyValueSpecification","valueRequired":true,"valueName":"search_term_string"}}],"inLanguage":"fr-FR"},{"@type":"Organization","@id":"https:\/\/www.tbh.eu\/fr\/#organization","name":"TBH GmbH Filter- und Absauganlagen","url":"https:\/\/www.tbh.eu\/fr\/","logo":{"@type":"ImageObject","inLanguage":"fr-FR","@id":"https:\/\/www.tbh.eu\/fr\/#\/schema\/logo\/image\/","url":"https:\/\/www.tbh.eu\/wp-content\/uploads\/2025\/10\/Logo_TBH_neu.webp","contentUrl":"https:\/\/www.tbh.eu\/wp-content\/uploads\/2025\/10\/Logo_TBH_neu.webp","width":169,"height":71,"caption":"TBH GmbH Filter- und Absauganlagen"},"image":{"@id":"https:\/\/www.tbh.eu\/fr\/#\/schema\/logo\/image\/"}}]}},"_links":{"self":[{"href":"https:\/\/www.tbh.eu\/fr\/wp-json\/wp\/v2\/product\/17027","targetHints":{"allow":["GET"]}}],"collection":[{"href":"https:\/\/www.tbh.eu\/fr\/wp-json\/wp\/v2\/product"}],"about":[{"href":"https:\/\/www.tbh.eu\/fr\/wp-json\/wp\/v2\/types\/product"}],"wp:featuredmedia":[{"embeddable":true,"href":"https:\/\/www.tbh.eu\/fr\/wp-json\/wp\/v2\/media\/23690"}],"wp:attachment":[{"href":"https:\/\/www.tbh.eu\/fr\/wp-json\/wp\/v2\/media?parent=17027"}],"wp:term":[{"taxonomy":"product_brand","embeddable":true,"href":"https:\/\/www.tbh.eu\/fr\/wp-json\/wp\/v2\/product_brand?post=17027"},{"taxonomy":"product_cat","embeddable":true,"href":"https:\/\/www.tbh.eu\/fr\/wp-json\/wp\/v2\/product_cat?post=17027"},{"taxonomy":"product_tag","embeddable":true,"href":"https:\/\/www.tbh.eu\/fr\/wp-json\/wp\/v2\/product_tag?post=17027"}],"curies":[{"name":"wp","href":"https:\/\/api.w.org\/{rel}","templated":true}]}}