{"id":17025,"date":"2022-04-07T13:01:52","date_gmt":"2022-04-07T13:01:52","guid":{"rendered":"https:\/\/www.tbh.eu\/produkt\/fpv-202\/"},"modified":"2026-02-24T13:17:50","modified_gmt":"2026-02-24T13:17:50","slug":"fpv-202","status":"publish","type":"product","link":"https:\/\/www.tbh.eu\/fr\/produkt\/fpv-202\/","title":{"rendered":"FPV 202"},"content":{"rendered":"","protected":false},"excerpt":{"rendered":"<p>Le pr\u00e9s\u00e9parateur pour cartouches filtrantes prolonge consid\u00e9rablement la dur\u00e9e de vie des syst\u00e8mes d\u2019extraction et de filtration raccord\u00e9s des s\u00e9ries LN, GL et TFS gr\u00e2ce \u00e0 une cartouche filtrante autonettoyante int\u00e9gr\u00e9e.<\/p>\n","protected":false},"featured_media":14344,"template":"","meta":{"_acf_changed":false},"product_brand":[],"product_cat":[386,381],"product_tag":[374],"class_list":{"0":"post-17025","1":"product","2":"type-product","3":"status-publish","4":"has-post-thumbnail","6":"product_cat-serie-fpv-fr","7":"product_cat-systemes-a-cartouches-filtrantes-fr","8":"product_tag-systemes-a-cartouches-filtrantes","10":"first","11":"instock","12":"shipping-taxable","13":"product-type-simple"},"acf":[],"yoast_head":"<!-- This site is optimized with the Yoast SEO plugin v27.3 - https:\/\/yoast.com\/product\/yoast-seo-wordpress\/ -->\n<title>FPV 202 - TBH GmbH Filter- und Absauganlagen<\/title>\n<meta name=\"robots\" content=\"index, follow, max-snippet:-1, max-image-preview:large, max-video-preview:-1\" \/>\n<link rel=\"canonical\" href=\"https:\/\/www.tbh.eu\/fr\/produkt\/fpv-202\/\" \/>\n<meta property=\"og:locale\" content=\"fr_FR\" \/>\n<meta property=\"og:type\" content=\"article\" \/>\n<meta property=\"og:title\" content=\"FPV 202 - TBH GmbH Filter- und Absauganlagen\" \/>\n<meta property=\"og:description\" content=\"Le pr\u00e9s\u00e9parateur pour cartouches filtrantes prolonge consid\u00e9rablement la dur\u00e9e de vie des syst\u00e8mes d\u2019extraction et de filtration raccord\u00e9s des s\u00e9ries LN, GL et TFS gr\u00e2ce \u00e0 une cartouche filtrante autonettoyante int\u00e9gr\u00e9e.\" \/>\n<meta property=\"og:url\" content=\"https:\/\/www.tbh.eu\/fr\/produkt\/fpv-202\/\" \/>\n<meta property=\"og:site_name\" content=\"TBH GmbH Filter- und Absauganlagen\" \/>\n<meta property=\"article:modified_time\" content=\"2026-02-24T13:17:50+00:00\" \/>\n<meta property=\"og:image\" content=\"https:\/\/www.tbh.eu\/wp-content\/uploads\/2022\/05\/FPV202-500x600-web.png\" \/>\n\t<meta property=\"og:image:width\" content=\"580\" \/>\n\t<meta property=\"og:image:height\" content=\"604\" \/>\n\t<meta property=\"og:image:type\" content=\"image\/png\" \/>\n<meta name=\"twitter:card\" content=\"summary_large_image\" \/>\n<script type=\"application\/ld+json\" class=\"yoast-schema-graph\">{\"@context\":\"https:\\\/\\\/schema.org\",\"@graph\":[{\"@type\":\"WebPage\",\"@id\":\"https:\\\/\\\/www.tbh.eu\\\/fr\\\/produkt\\\/fpv-202\\\/\",\"url\":\"https:\\\/\\\/www.tbh.eu\\\/fr\\\/produkt\\\/fpv-202\\\/\",\"name\":\"FPV 202 - TBH GmbH Filter- und Absauganlagen\",\"isPartOf\":{\"@id\":\"https:\\\/\\\/www.tbh.eu\\\/fr\\\/#website\"},\"primaryImageOfPage\":{\"@id\":\"https:\\\/\\\/www.tbh.eu\\\/fr\\\/produkt\\\/fpv-202\\\/#primaryimage\"},\"image\":{\"@id\":\"https:\\\/\\\/www.tbh.eu\\\/fr\\\/produkt\\\/fpv-202\\\/#primaryimage\"},\"thumbnailUrl\":\"https:\\\/\\\/www.tbh.eu\\\/wp-content\\\/uploads\\\/2022\\\/05\\\/FPV202-500x600-web.png\",\"datePublished\":\"2022-04-07T13:01:52+00:00\",\"dateModified\":\"2026-02-24T13:17:50+00:00\",\"breadcrumb\":{\"@id\":\"https:\\\/\\\/www.tbh.eu\\\/fr\\\/produkt\\\/fpv-202\\\/#breadcrumb\"},\"inLanguage\":\"fr-FR\",\"potentialAction\":[{\"@type\":\"ReadAction\",\"target\":[\"https:\\\/\\\/www.tbh.eu\\\/fr\\\/produkt\\\/fpv-202\\\/\"]}]},{\"@type\":\"ImageObject\",\"inLanguage\":\"fr-FR\",\"@id\":\"https:\\\/\\\/www.tbh.eu\\\/fr\\\/produkt\\\/fpv-202\\\/#primaryimage\",\"url\":\"https:\\\/\\\/www.tbh.eu\\\/wp-content\\\/uploads\\\/2022\\\/05\\\/FPV202-500x600-web.png\",\"contentUrl\":\"https:\\\/\\\/www.tbh.eu\\\/wp-content\\\/uploads\\\/2022\\\/05\\\/FPV202-500x600-web.png\",\"width\":580,\"height\":604,\"caption\":\"pour une dur\u00e9e de vie prolong\u00e9e du syst\u00e8me\"},{\"@type\":\"BreadcrumbList\",\"@id\":\"https:\\\/\\\/www.tbh.eu\\\/fr\\\/produkt\\\/fpv-202\\\/#breadcrumb\",\"itemListElement\":[{\"@type\":\"ListItem\",\"position\":1,\"name\":\"Startseite\",\"item\":\"https:\\\/\\\/www.tbh.eu\\\/fr\\\/\"},{\"@type\":\"ListItem\",\"position\":2,\"name\":\"Magasin\",\"item\":\"https:\\\/\\\/www.tbh.eu\\\/magasin\\\/\"},{\"@type\":\"ListItem\",\"position\":3,\"name\":\"FPV 202\"}]},{\"@type\":\"WebSite\",\"@id\":\"https:\\\/\\\/www.tbh.eu\\\/fr\\\/#website\",\"url\":\"https:\\\/\\\/www.tbh.eu\\\/fr\\\/\",\"name\":\"TBH GmbH Filter- und Absauganlagen\",\"description\":\"Filter- und Absauganlagen zur Reinhaltung der Luft am Arbeitsplatz\",\"publisher\":{\"@id\":\"https:\\\/\\\/www.tbh.eu\\\/fr\\\/#organization\"},\"potentialAction\":[{\"@type\":\"SearchAction\",\"target\":{\"@type\":\"EntryPoint\",\"urlTemplate\":\"https:\\\/\\\/www.tbh.eu\\\/fr\\\/?s={search_term_string}\"},\"query-input\":{\"@type\":\"PropertyValueSpecification\",\"valueRequired\":true,\"valueName\":\"search_term_string\"}}],\"inLanguage\":\"fr-FR\"},{\"@type\":\"Organization\",\"@id\":\"https:\\\/\\\/www.tbh.eu\\\/fr\\\/#organization\",\"name\":\"TBH GmbH Filter- und Absauganlagen\",\"url\":\"https:\\\/\\\/www.tbh.eu\\\/fr\\\/\",\"logo\":{\"@type\":\"ImageObject\",\"inLanguage\":\"fr-FR\",\"@id\":\"https:\\\/\\\/www.tbh.eu\\\/fr\\\/#\\\/schema\\\/logo\\\/image\\\/\",\"url\":\"https:\\\/\\\/www.tbh.eu\\\/wp-content\\\/uploads\\\/2025\\\/10\\\/Logo_TBH_neu.webp\",\"contentUrl\":\"https:\\\/\\\/www.tbh.eu\\\/wp-content\\\/uploads\\\/2025\\\/10\\\/Logo_TBH_neu.webp\",\"width\":169,\"height\":71,\"caption\":\"TBH GmbH Filter- und Absauganlagen\"},\"image\":{\"@id\":\"https:\\\/\\\/www.tbh.eu\\\/fr\\\/#\\\/schema\\\/logo\\\/image\\\/\"}}]}<\/script>\n<!-- \/ Yoast SEO plugin. -->","yoast_head_json":{"title":"FPV 202 - TBH GmbH Filter- und Absauganlagen","robots":{"index":"index","follow":"follow","max-snippet":"max-snippet:-1","max-image-preview":"max-image-preview:large","max-video-preview":"max-video-preview:-1"},"canonical":"https:\/\/www.tbh.eu\/fr\/produkt\/fpv-202\/","og_locale":"fr_FR","og_type":"article","og_title":"FPV 202 - TBH GmbH Filter- und Absauganlagen","og_description":"Le pr\u00e9s\u00e9parateur pour cartouches filtrantes prolonge consid\u00e9rablement la dur\u00e9e de vie des syst\u00e8mes d\u2019extraction et de filtration raccord\u00e9s des s\u00e9ries LN, GL et TFS gr\u00e2ce \u00e0 une cartouche filtrante autonettoyante int\u00e9gr\u00e9e.","og_url":"https:\/\/www.tbh.eu\/fr\/produkt\/fpv-202\/","og_site_name":"TBH GmbH Filter- und Absauganlagen","article_modified_time":"2026-02-24T13:17:50+00:00","og_image":[{"width":580,"height":604,"url":"https:\/\/www.tbh.eu\/wp-content\/uploads\/2022\/05\/FPV202-500x600-web.png","type":"image\/png"}],"twitter_card":"summary_large_image","schema":{"@context":"https:\/\/schema.org","@graph":[{"@type":"WebPage","@id":"https:\/\/www.tbh.eu\/fr\/produkt\/fpv-202\/","url":"https:\/\/www.tbh.eu\/fr\/produkt\/fpv-202\/","name":"FPV 202 - TBH GmbH Filter- und Absauganlagen","isPartOf":{"@id":"https:\/\/www.tbh.eu\/fr\/#website"},"primaryImageOfPage":{"@id":"https:\/\/www.tbh.eu\/fr\/produkt\/fpv-202\/#primaryimage"},"image":{"@id":"https:\/\/www.tbh.eu\/fr\/produkt\/fpv-202\/#primaryimage"},"thumbnailUrl":"https:\/\/www.tbh.eu\/wp-content\/uploads\/2022\/05\/FPV202-500x600-web.png","datePublished":"2022-04-07T13:01:52+00:00","dateModified":"2026-02-24T13:17:50+00:00","breadcrumb":{"@id":"https:\/\/www.tbh.eu\/fr\/produkt\/fpv-202\/#breadcrumb"},"inLanguage":"fr-FR","potentialAction":[{"@type":"ReadAction","target":["https:\/\/www.tbh.eu\/fr\/produkt\/fpv-202\/"]}]},{"@type":"ImageObject","inLanguage":"fr-FR","@id":"https:\/\/www.tbh.eu\/fr\/produkt\/fpv-202\/#primaryimage","url":"https:\/\/www.tbh.eu\/wp-content\/uploads\/2022\/05\/FPV202-500x600-web.png","contentUrl":"https:\/\/www.tbh.eu\/wp-content\/uploads\/2022\/05\/FPV202-500x600-web.png","width":580,"height":604,"caption":"pour une dur\u00e9e de vie prolong\u00e9e du syst\u00e8me"},{"@type":"BreadcrumbList","@id":"https:\/\/www.tbh.eu\/fr\/produkt\/fpv-202\/#breadcrumb","itemListElement":[{"@type":"ListItem","position":1,"name":"Startseite","item":"https:\/\/www.tbh.eu\/fr\/"},{"@type":"ListItem","position":2,"name":"Magasin","item":"https:\/\/www.tbh.eu\/magasin\/"},{"@type":"ListItem","position":3,"name":"FPV 202"}]},{"@type":"WebSite","@id":"https:\/\/www.tbh.eu\/fr\/#website","url":"https:\/\/www.tbh.eu\/fr\/","name":"TBH GmbH Filter- und Absauganlagen","description":"Filter- und Absauganlagen zur Reinhaltung der Luft am Arbeitsplatz","publisher":{"@id":"https:\/\/www.tbh.eu\/fr\/#organization"},"potentialAction":[{"@type":"SearchAction","target":{"@type":"EntryPoint","urlTemplate":"https:\/\/www.tbh.eu\/fr\/?s={search_term_string}"},"query-input":{"@type":"PropertyValueSpecification","valueRequired":true,"valueName":"search_term_string"}}],"inLanguage":"fr-FR"},{"@type":"Organization","@id":"https:\/\/www.tbh.eu\/fr\/#organization","name":"TBH GmbH Filter- und Absauganlagen","url":"https:\/\/www.tbh.eu\/fr\/","logo":{"@type":"ImageObject","inLanguage":"fr-FR","@id":"https:\/\/www.tbh.eu\/fr\/#\/schema\/logo\/image\/","url":"https:\/\/www.tbh.eu\/wp-content\/uploads\/2025\/10\/Logo_TBH_neu.webp","contentUrl":"https:\/\/www.tbh.eu\/wp-content\/uploads\/2025\/10\/Logo_TBH_neu.webp","width":169,"height":71,"caption":"TBH GmbH Filter- und Absauganlagen"},"image":{"@id":"https:\/\/www.tbh.eu\/fr\/#\/schema\/logo\/image\/"}}]}},"_links":{"self":[{"href":"https:\/\/www.tbh.eu\/fr\/wp-json\/wp\/v2\/product\/17025","targetHints":{"allow":["GET"]}}],"collection":[{"href":"https:\/\/www.tbh.eu\/fr\/wp-json\/wp\/v2\/product"}],"about":[{"href":"https:\/\/www.tbh.eu\/fr\/wp-json\/wp\/v2\/types\/product"}],"wp:featuredmedia":[{"embeddable":true,"href":"https:\/\/www.tbh.eu\/fr\/wp-json\/wp\/v2\/media\/14344"}],"wp:attachment":[{"href":"https:\/\/www.tbh.eu\/fr\/wp-json\/wp\/v2\/media?parent=17025"}],"wp:term":[{"taxonomy":"product_brand","embeddable":true,"href":"https:\/\/www.tbh.eu\/fr\/wp-json\/wp\/v2\/product_brand?post=17025"},{"taxonomy":"product_cat","embeddable":true,"href":"https:\/\/www.tbh.eu\/fr\/wp-json\/wp\/v2\/product_cat?post=17025"},{"taxonomy":"product_tag","embeddable":true,"href":"https:\/\/www.tbh.eu\/fr\/wp-json\/wp\/v2\/product_tag?post=17025"}],"curies":[{"name":"wp","href":"https:\/\/api.w.org\/{rel}","templated":true}]}}