{"id":16953,"date":"2022-07-07T07:06:56","date_gmt":"2022-07-07T07:06:56","guid":{"rendered":"https:\/\/www.tbh.eu\/service\/telecharger-les-images\/"},"modified":"2024-03-20T15:57:20","modified_gmt":"2024-03-20T15:57:20","slug":"telecharger-les-images","status":"publish","type":"page","link":"https:\/\/www.tbh.eu\/fr\/service\/telecharger-les-images\/","title":{"rendered":"T\u00e9l\u00e9charger les images"},"content":{"rendered":"\t\t<div data-elementor-type=\"wp-page\" data-elementor-id=\"16953\" class=\"elementor elementor-16953 elementor-7258\" data-elementor-post-type=\"page\">\n\t\t\t\t\t\t<section class=\"elementor-section elementor-top-section elementor-element elementor-element-7500ee1a elementor-section-boxed elementor-section-height-default elementor-section-height-default\" data-id=\"7500ee1a\" data-element_type=\"section\">\n\t\t\t\t\t\t<div class=\"elementor-container elementor-column-gap-default\">\n\t\t\t\t\t<div class=\"elementor-column elementor-col-50 elementor-top-column elementor-element elementor-element-1db32b18\" data-id=\"1db32b18\" data-element_type=\"column\">\n\t\t\t<div class=\"elementor-widget-wrap elementor-element-populated\">\n\t\t\t\t\t\t<div class=\"elementor-element elementor-element-74825e76 elementor-widget elementor-widget-heading\" data-id=\"74825e76\" data-element_type=\"widget\" data-widget_type=\"heading.default\">\n\t\t\t\t<div class=\"elementor-widget-container\">\n\t\t\t\t\t<h1 class=\"elementor-heading-title elementor-size-default\">T\u00e9l\u00e9charger les images<\/h1>\t\t\t\t<\/div>\n\t\t\t\t<\/div>\n\t\t\t\t\t<\/div>\n\t\t<\/div>\n\t\t\t\t<div class=\"elementor-column elementor-col-50 elementor-top-column elementor-element elementor-element-4b9cbbb4\" data-id=\"4b9cbbb4\" data-element_type=\"column\">\n\t\t\t<div class=\"elementor-widget-wrap elementor-element-populated\">\n\t\t\t\t\t\t<div class=\"elementor-element elementor-element-42c898ca elementor-widget elementor-widget-text-editor\" data-id=\"42c898ca\" data-element_type=\"widget\" data-widget_type=\"text-editor.default\">\n\t\t\t\t<div class=\"elementor-widget-container\">\n\t\t\t\t\t\t\t\t\t<p>Vous trouverez ici les images des produits TBH \u00e0 t\u00e9l\u00e9charger.<\/p>\t\t\t\t\t\t\t\t<\/div>\n\t\t\t\t<\/div>\n\t\t\t\t\t<\/div>\n\t\t<\/div>\n\t\t\t\t\t<\/div>\n\t\t<\/section>\n\t\t\t\t<section class=\"elementor-section elementor-top-section elementor-element elementor-element-97a38f1 elementor-section-boxed elementor-section-height-default elementor-section-height-default\" data-id=\"97a38f1\" data-element_type=\"section\">\n\t\t\t\t\t\t<div class=\"elementor-container elementor-column-gap-default\">\n\t\t\t\t\t<div class=\"elementor-column elementor-col-33 elementor-top-column elementor-element elementor-element-4f375a6\" data-id=\"4f375a6\" data-element_type=\"column\">\n\t\t\t<div class=\"elementor-widget-wrap\">\n\t\t\t\t\t\t\t<\/div>\n\t\t<\/div>\n\t\t\t\t<div class=\"elementor-column elementor-col-66 elementor-top-column elementor-element elementor-element-ee77a37\" data-id=\"ee77a37\" data-element_type=\"column\" data-settings=\"{&quot;background_background&quot;:&quot;classic&quot;}\">\n\t\t\t<div class=\"elementor-widget-wrap elementor-element-populated\">\n\t\t\t\t\t\t<div class=\"elementor-element elementor-element-5252a9e elementor-widget elementor-widget-shortcode\" data-id=\"5252a9e\" data-element_type=\"widget\" data-widget_type=\"shortcode.default\">\n\t\t\t\t<div class=\"elementor-widget-container\">\n\t\t\t\t\t\t\t<div class=\"elementor-shortcode\">                <div id=\"wpdmtree\"><\/div>       <link rel=\"stylesheet\" href=\"https:\/\/www.tbh.eu\/wp-content\/plugins\/wpdm-extended-shortcodes\/css\/jqueryFileTree.css\" \/>              <div id=\"tree69d1fa9cd5636\"><\/div>    <script>        jQuery( function($) {                 var nw = 0;            $.getScript('https:\/\/www.tbh.eu\/wp-content\/plugins\/wpdm-extended-shortcodes\/js\/jqueryFileTree.js', function() {              $('#tree69d1fa9cd5636').fileTree({                script: 'https:\/\/www.tbh.eu\/?task=wpdm_tree&params=OIUu7RODPPJygP1zd79umrcdoiCiYwgtaNyhP_H1v6N54izEHbqLqft4Wbnwwr3hcrfZt0IZurTW4ClTfgLWf1MmuTjhPD-mdfJvdq27fzOI',                 expandSpeed: 1000,                collapseSpeed: 1000,                root: '361',                multiFolder: false            }, function(file) {               if(nw === 1)                window.open(file);                else                location.href = file;                          });            });                    });    <\/script>    <\/div>\n\t\t\t\t\t\t<\/div>\n\t\t\t\t<\/div>\n\t\t\t\t\t<\/div>\n\t\t<\/div>\n\t\t\t\t\t<\/div>\n\t\t<\/section>\n\t\t\t\t<\/div>\n\t\t","protected":false},"excerpt":{"rendered":"<p>T\u00e9l\u00e9charger les images Vous trouverez ici les images des produits TBH \u00e0 t\u00e9l\u00e9charger.<\/p>\n","protected":false},"author":1,"featured_media":0,"parent":15776,"menu_order":0,"comment_status":"closed","ping_status":"closed","template":"","meta":{"_acf_changed":false,"footnotes":""},"class_list":["post-16953","page","type-page","status-publish","hentry"],"acf":[],"yoast_head":"<!-- This site is optimized with the Yoast SEO plugin v27.3 - https:\/\/yoast.com\/product\/yoast-seo-wordpress\/ -->\n<title>T\u00e9l\u00e9charger les images - TBH GmbH Filter- und Absauganlagen<\/title>\n<meta name=\"description\" content=\"Vous trouverez ici les photos des produits TBH \u00e0 t\u00e9l\u00e9charger. TBH Syst\u00e8mes d\u2019extraction et de filtration de Straubenhardt, Bade-Wurtemberg, Allemagne.\" \/>\n<meta name=\"robots\" content=\"index, follow, max-snippet:-1, max-image-preview:large, max-video-preview:-1\" \/>\n<link rel=\"canonical\" href=\"https:\/\/www.tbh.eu\/fr\/service\/telecharger-les-images\/\" \/>\n<meta property=\"og:locale\" content=\"fr_FR\" \/>\n<meta property=\"og:type\" content=\"article\" \/>\n<meta property=\"og:title\" content=\"T\u00e9l\u00e9charger les images - TBH GmbH Filter- und Absauganlagen\" \/>\n<meta property=\"og:description\" content=\"Vous trouverez ici les photos des produits TBH \u00e0 t\u00e9l\u00e9charger. TBH Syst\u00e8mes d\u2019extraction et de filtration de Straubenhardt, Bade-Wurtemberg, Allemagne.\" \/>\n<meta property=\"og:url\" content=\"https:\/\/www.tbh.eu\/fr\/service\/telecharger-les-images\/\" \/>\n<meta property=\"og:site_name\" content=\"TBH GmbH Filter- und Absauganlagen\" \/>\n<meta property=\"article:modified_time\" content=\"2024-03-20T15:57:20+00:00\" \/>\n<meta name=\"twitter:card\" content=\"summary_large_image\" \/>\n<script type=\"application\/ld+json\" class=\"yoast-schema-graph\">{\"@context\":\"https:\\\/\\\/schema.org\",\"@graph\":[{\"@type\":\"WebPage\",\"@id\":\"https:\\\/\\\/www.tbh.eu\\\/fr\\\/service\\\/telecharger-les-images\\\/\",\"url\":\"https:\\\/\\\/www.tbh.eu\\\/fr\\\/service\\\/telecharger-les-images\\\/\",\"name\":\"T\u00e9l\u00e9charger les images - TBH GmbH Filter- und Absauganlagen\",\"isPartOf\":{\"@id\":\"https:\\\/\\\/www.tbh.eu\\\/fr\\\/#website\"},\"datePublished\":\"2022-07-07T07:06:56+00:00\",\"dateModified\":\"2024-03-20T15:57:20+00:00\",\"description\":\"Vous trouverez ici les photos des produits TBH \u00e0 t\u00e9l\u00e9charger. TBH Syst\u00e8mes d\u2019extraction et de filtration de Straubenhardt, Bade-Wurtemberg, Allemagne.\",\"breadcrumb\":{\"@id\":\"https:\\\/\\\/www.tbh.eu\\\/fr\\\/service\\\/telecharger-les-images\\\/#breadcrumb\"},\"inLanguage\":\"fr-FR\",\"potentialAction\":[{\"@type\":\"ReadAction\",\"target\":[\"https:\\\/\\\/www.tbh.eu\\\/fr\\\/service\\\/telecharger-les-images\\\/\"]}]},{\"@type\":\"BreadcrumbList\",\"@id\":\"https:\\\/\\\/www.tbh.eu\\\/fr\\\/service\\\/telecharger-les-images\\\/#breadcrumb\",\"itemListElement\":[{\"@type\":\"ListItem\",\"position\":1,\"name\":\"Startseite\",\"item\":\"https:\\\/\\\/www.tbh.eu\\\/fr\\\/\"},{\"@type\":\"ListItem\",\"position\":2,\"name\":\"Service\",\"item\":\"https:\\\/\\\/www.tbh.eu\\\/fr\\\/service\\\/\"},{\"@type\":\"ListItem\",\"position\":3,\"name\":\"T\u00e9l\u00e9charger les images\"}]},{\"@type\":\"WebSite\",\"@id\":\"https:\\\/\\\/www.tbh.eu\\\/fr\\\/#website\",\"url\":\"https:\\\/\\\/www.tbh.eu\\\/fr\\\/\",\"name\":\"TBH GmbH Filter- und Absauganlagen\",\"description\":\"Filter- und Absauganlagen zur Reinhaltung der Luft am Arbeitsplatz\",\"publisher\":{\"@id\":\"https:\\\/\\\/www.tbh.eu\\\/fr\\\/#organization\"},\"potentialAction\":[{\"@type\":\"SearchAction\",\"target\":{\"@type\":\"EntryPoint\",\"urlTemplate\":\"https:\\\/\\\/www.tbh.eu\\\/fr\\\/?s={search_term_string}\"},\"query-input\":{\"@type\":\"PropertyValueSpecification\",\"valueRequired\":true,\"valueName\":\"search_term_string\"}}],\"inLanguage\":\"fr-FR\"},{\"@type\":\"Organization\",\"@id\":\"https:\\\/\\\/www.tbh.eu\\\/fr\\\/#organization\",\"name\":\"TBH GmbH Filter- und Absauganlagen\",\"url\":\"https:\\\/\\\/www.tbh.eu\\\/fr\\\/\",\"logo\":{\"@type\":\"ImageObject\",\"inLanguage\":\"fr-FR\",\"@id\":\"https:\\\/\\\/www.tbh.eu\\\/fr\\\/#\\\/schema\\\/logo\\\/image\\\/\",\"url\":\"https:\\\/\\\/www.tbh.eu\\\/wp-content\\\/uploads\\\/2025\\\/10\\\/Logo_TBH_neu.webp\",\"contentUrl\":\"https:\\\/\\\/www.tbh.eu\\\/wp-content\\\/uploads\\\/2025\\\/10\\\/Logo_TBH_neu.webp\",\"width\":169,\"height\":71,\"caption\":\"TBH GmbH Filter- und Absauganlagen\"},\"image\":{\"@id\":\"https:\\\/\\\/www.tbh.eu\\\/fr\\\/#\\\/schema\\\/logo\\\/image\\\/\"}}]}<\/script>\n<!-- \/ Yoast SEO plugin. -->","yoast_head_json":{"title":"T\u00e9l\u00e9charger les images - TBH GmbH Filter- und Absauganlagen","description":"Vous trouverez ici les photos des produits TBH \u00e0 t\u00e9l\u00e9charger. TBH Syst\u00e8mes d\u2019extraction et de filtration de Straubenhardt, Bade-Wurtemberg, Allemagne.","robots":{"index":"index","follow":"follow","max-snippet":"max-snippet:-1","max-image-preview":"max-image-preview:large","max-video-preview":"max-video-preview:-1"},"canonical":"https:\/\/www.tbh.eu\/fr\/service\/telecharger-les-images\/","og_locale":"fr_FR","og_type":"article","og_title":"T\u00e9l\u00e9charger les images - TBH GmbH Filter- und Absauganlagen","og_description":"Vous trouverez ici les photos des produits TBH \u00e0 t\u00e9l\u00e9charger. TBH Syst\u00e8mes d\u2019extraction et de filtration de Straubenhardt, Bade-Wurtemberg, Allemagne.","og_url":"https:\/\/www.tbh.eu\/fr\/service\/telecharger-les-images\/","og_site_name":"TBH GmbH Filter- und Absauganlagen","article_modified_time":"2024-03-20T15:57:20+00:00","twitter_card":"summary_large_image","schema":{"@context":"https:\/\/schema.org","@graph":[{"@type":"WebPage","@id":"https:\/\/www.tbh.eu\/fr\/service\/telecharger-les-images\/","url":"https:\/\/www.tbh.eu\/fr\/service\/telecharger-les-images\/","name":"T\u00e9l\u00e9charger les images - TBH GmbH Filter- und Absauganlagen","isPartOf":{"@id":"https:\/\/www.tbh.eu\/fr\/#website"},"datePublished":"2022-07-07T07:06:56+00:00","dateModified":"2024-03-20T15:57:20+00:00","description":"Vous trouverez ici les photos des produits TBH \u00e0 t\u00e9l\u00e9charger. TBH Syst\u00e8mes d\u2019extraction et de filtration de Straubenhardt, Bade-Wurtemberg, Allemagne.","breadcrumb":{"@id":"https:\/\/www.tbh.eu\/fr\/service\/telecharger-les-images\/#breadcrumb"},"inLanguage":"fr-FR","potentialAction":[{"@type":"ReadAction","target":["https:\/\/www.tbh.eu\/fr\/service\/telecharger-les-images\/"]}]},{"@type":"BreadcrumbList","@id":"https:\/\/www.tbh.eu\/fr\/service\/telecharger-les-images\/#breadcrumb","itemListElement":[{"@type":"ListItem","position":1,"name":"Startseite","item":"https:\/\/www.tbh.eu\/fr\/"},{"@type":"ListItem","position":2,"name":"Service","item":"https:\/\/www.tbh.eu\/fr\/service\/"},{"@type":"ListItem","position":3,"name":"T\u00e9l\u00e9charger les images"}]},{"@type":"WebSite","@id":"https:\/\/www.tbh.eu\/fr\/#website","url":"https:\/\/www.tbh.eu\/fr\/","name":"TBH GmbH Filter- und Absauganlagen","description":"Filter- und Absauganlagen zur Reinhaltung der Luft am Arbeitsplatz","publisher":{"@id":"https:\/\/www.tbh.eu\/fr\/#organization"},"potentialAction":[{"@type":"SearchAction","target":{"@type":"EntryPoint","urlTemplate":"https:\/\/www.tbh.eu\/fr\/?s={search_term_string}"},"query-input":{"@type":"PropertyValueSpecification","valueRequired":true,"valueName":"search_term_string"}}],"inLanguage":"fr-FR"},{"@type":"Organization","@id":"https:\/\/www.tbh.eu\/fr\/#organization","name":"TBH GmbH Filter- und Absauganlagen","url":"https:\/\/www.tbh.eu\/fr\/","logo":{"@type":"ImageObject","inLanguage":"fr-FR","@id":"https:\/\/www.tbh.eu\/fr\/#\/schema\/logo\/image\/","url":"https:\/\/www.tbh.eu\/wp-content\/uploads\/2025\/10\/Logo_TBH_neu.webp","contentUrl":"https:\/\/www.tbh.eu\/wp-content\/uploads\/2025\/10\/Logo_TBH_neu.webp","width":169,"height":71,"caption":"TBH GmbH Filter- und Absauganlagen"},"image":{"@id":"https:\/\/www.tbh.eu\/fr\/#\/schema\/logo\/image\/"}}]}},"_links":{"self":[{"href":"https:\/\/www.tbh.eu\/fr\/wp-json\/wp\/v2\/pages\/16953","targetHints":{"allow":["GET"]}}],"collection":[{"href":"https:\/\/www.tbh.eu\/fr\/wp-json\/wp\/v2\/pages"}],"about":[{"href":"https:\/\/www.tbh.eu\/fr\/wp-json\/wp\/v2\/types\/page"}],"author":[{"embeddable":true,"href":"https:\/\/www.tbh.eu\/fr\/wp-json\/wp\/v2\/users\/1"}],"replies":[{"embeddable":true,"href":"https:\/\/www.tbh.eu\/fr\/wp-json\/wp\/v2\/comments?post=16953"}],"version-history":[{"count":1,"href":"https:\/\/www.tbh.eu\/fr\/wp-json\/wp\/v2\/pages\/16953\/revisions"}],"predecessor-version":[{"id":16954,"href":"https:\/\/www.tbh.eu\/fr\/wp-json\/wp\/v2\/pages\/16953\/revisions\/16954"}],"up":[{"embeddable":true,"href":"https:\/\/www.tbh.eu\/fr\/wp-json\/wp\/v2\/pages\/15776"}],"wp:attachment":[{"href":"https:\/\/www.tbh.eu\/fr\/wp-json\/wp\/v2\/media?parent=16953"}],"curies":[{"name":"wp","href":"https:\/\/api.w.org\/{rel}","templated":true}]}}