{"id":20143,"date":"2022-04-07T14:18:59","date_gmt":"2022-04-07T14:18:59","guid":{"rendered":"https:\/\/www.tbh.eu\/produkt\/oen-150\/"},"modified":"2022-04-07T14:18:59","modified_gmt":"2022-04-07T14:18:59","slug":"oen-150","status":"publish","type":"product","link":"https:\/\/www.tbh.eu\/es\/produkt\/oen-150\/","title":{"rendered":"OEN 150"},"content":{"rendered":"","protected":false},"excerpt":{"rendered":"<p>Los sistemas est\u00e1n dise\u00f1ados para procesos con una baja proporci\u00f3n de neblina de emulsi\u00f3n y una proporci\u00f3n media de part\u00edculas. El tejido de aluminio y los filtros de saturaci\u00f3n aseguran una separaci\u00f3n eficaz de l\u00edquidos y optimizan la separaci\u00f3n de part\u00edculas. La unidad est\u00e1 disponible en versiones est\u00e1ndar o con un m\u00f3dulo de carb\u00f3n activado.<\/p>\n","protected":false},"featured_media":21318,"template":"","meta":{"_acf_changed":false},"product_brand":[],"product_cat":[612,606],"product_tag":[613],"class_list":{"0":"post-20143","1":"product","2":"type-product","3":"status-publish","4":"has-post-thumbnail","6":"product_cat-serie-oen-es","7":"product_cat-sistemas-con-cartuchos-filtracion-es","8":"product_tag-sistemasconcartuchosdefiltracion","10":"first","11":"instock","12":"shipping-taxable","13":"product-type-simple"},"acf":[],"yoast_head":"<!-- This site is optimized with the Yoast SEO plugin v27.3 - https:\/\/yoast.com\/product\/yoast-seo-wordpress\/ -->\n<title>OEN 150 - TBH GmbH Filter- und Absauganlagen<\/title>\n<meta name=\"robots\" content=\"index, follow, max-snippet:-1, max-image-preview:large, max-video-preview:-1\" \/>\n<link rel=\"canonical\" href=\"https:\/\/www.tbh.eu\/es\/produkt\/oen-150\/\" \/>\n<meta property=\"og:locale\" content=\"es_ES\" \/>\n<meta property=\"og:type\" content=\"article\" \/>\n<meta property=\"og:title\" content=\"OEN 150 - TBH GmbH Filter- und Absauganlagen\" \/>\n<meta property=\"og:description\" content=\"Los sistemas est\u00e1n dise\u00f1ados para procesos con una baja proporci\u00f3n de neblina de emulsi\u00f3n y una proporci\u00f3n media de part\u00edculas. El tejido de aluminio y los filtros de saturaci\u00f3n aseguran una separaci\u00f3n eficaz de l\u00edquidos y optimizan la separaci\u00f3n de part\u00edculas. La unidad est\u00e1 disponible en versiones est\u00e1ndar o con un m\u00f3dulo de carb\u00f3n activado.\" \/>\n<meta property=\"og:url\" content=\"https:\/\/www.tbh.eu\/es\/produkt\/oen-150\/\" \/>\n<meta property=\"og:site_name\" content=\"TBH GmbH Filter- und Absauganlagen\" \/>\n<meta property=\"og:image\" content=\"https:\/\/www.tbh.eu\/wp-content\/uploads\/2022\/04\/90180_OEN-150.jpg\" \/>\n\t<meta property=\"og:image:width\" content=\"1152\" \/>\n\t<meta property=\"og:image:height\" content=\"2048\" \/>\n\t<meta property=\"og:image:type\" content=\"image\/jpeg\" \/>\n<meta name=\"twitter:card\" content=\"summary_large_image\" \/>\n<script type=\"application\/ld+json\" class=\"yoast-schema-graph\">{\"@context\":\"https:\\\/\\\/schema.org\",\"@graph\":[{\"@type\":\"WebPage\",\"@id\":\"https:\\\/\\\/www.tbh.eu\\\/es\\\/produkt\\\/oen-150\\\/\",\"url\":\"https:\\\/\\\/www.tbh.eu\\\/es\\\/produkt\\\/oen-150\\\/\",\"name\":\"OEN 150 - TBH GmbH Filter- und Absauganlagen\",\"isPartOf\":{\"@id\":\"https:\\\/\\\/www.tbh.eu\\\/es\\\/#website\"},\"primaryImageOfPage\":{\"@id\":\"https:\\\/\\\/www.tbh.eu\\\/es\\\/produkt\\\/oen-150\\\/#primaryimage\"},\"image\":{\"@id\":\"https:\\\/\\\/www.tbh.eu\\\/es\\\/produkt\\\/oen-150\\\/#primaryimage\"},\"thumbnailUrl\":\"https:\\\/\\\/www.tbh.eu\\\/wp-content\\\/uploads\\\/2022\\\/04\\\/90180_OEN-150.jpg\",\"datePublished\":\"2022-04-07T14:18:59+00:00\",\"breadcrumb\":{\"@id\":\"https:\\\/\\\/www.tbh.eu\\\/es\\\/produkt\\\/oen-150\\\/#breadcrumb\"},\"inLanguage\":\"es\",\"potentialAction\":[{\"@type\":\"ReadAction\",\"target\":[\"https:\\\/\\\/www.tbh.eu\\\/es\\\/produkt\\\/oen-150\\\/\"]}]},{\"@type\":\"ImageObject\",\"inLanguage\":\"es\",\"@id\":\"https:\\\/\\\/www.tbh.eu\\\/es\\\/produkt\\\/oen-150\\\/#primaryimage\",\"url\":\"https:\\\/\\\/www.tbh.eu\\\/wp-content\\\/uploads\\\/2022\\\/04\\\/90180_OEN-150.jpg\",\"contentUrl\":\"https:\\\/\\\/www.tbh.eu\\\/wp-content\\\/uploads\\\/2022\\\/04\\\/90180_OEN-150.jpg\",\"width\":1152,\"height\":2048},{\"@type\":\"BreadcrumbList\",\"@id\":\"https:\\\/\\\/www.tbh.eu\\\/es\\\/produkt\\\/oen-150\\\/#breadcrumb\",\"itemListElement\":[{\"@type\":\"ListItem\",\"position\":1,\"name\":\"Startseite\",\"item\":\"https:\\\/\\\/www.tbh.eu\\\/es\\\/\"},{\"@type\":\"ListItem\",\"position\":2,\"name\":\"Tienda\",\"item\":\"https:\\\/\\\/www.tbh.eu\\\/tienda\\\/\"},{\"@type\":\"ListItem\",\"position\":3,\"name\":\"OEN 150\"}]},{\"@type\":\"WebSite\",\"@id\":\"https:\\\/\\\/www.tbh.eu\\\/es\\\/#website\",\"url\":\"https:\\\/\\\/www.tbh.eu\\\/es\\\/\",\"name\":\"TBH GmbH Filter- und Absauganlagen\",\"description\":\"Filter- und Absauganlagen zur Reinhaltung der Luft am Arbeitsplatz\",\"publisher\":{\"@id\":\"https:\\\/\\\/www.tbh.eu\\\/es\\\/#organization\"},\"potentialAction\":[{\"@type\":\"SearchAction\",\"target\":{\"@type\":\"EntryPoint\",\"urlTemplate\":\"https:\\\/\\\/www.tbh.eu\\\/es\\\/?s={search_term_string}\"},\"query-input\":{\"@type\":\"PropertyValueSpecification\",\"valueRequired\":true,\"valueName\":\"search_term_string\"}}],\"inLanguage\":\"es\"},{\"@type\":\"Organization\",\"@id\":\"https:\\\/\\\/www.tbh.eu\\\/es\\\/#organization\",\"name\":\"TBH GmbH Filter- und Absauganlagen\",\"url\":\"https:\\\/\\\/www.tbh.eu\\\/es\\\/\",\"logo\":{\"@type\":\"ImageObject\",\"inLanguage\":\"es\",\"@id\":\"https:\\\/\\\/www.tbh.eu\\\/es\\\/#\\\/schema\\\/logo\\\/image\\\/\",\"url\":\"https:\\\/\\\/www.tbh.eu\\\/wp-content\\\/uploads\\\/2025\\\/10\\\/Logo_TBH_neu.webp\",\"contentUrl\":\"https:\\\/\\\/www.tbh.eu\\\/wp-content\\\/uploads\\\/2025\\\/10\\\/Logo_TBH_neu.webp\",\"width\":169,\"height\":71,\"caption\":\"TBH GmbH Filter- und Absauganlagen\"},\"image\":{\"@id\":\"https:\\\/\\\/www.tbh.eu\\\/es\\\/#\\\/schema\\\/logo\\\/image\\\/\"}}]}<\/script>\n<!-- \/ Yoast SEO plugin. -->","yoast_head_json":{"title":"OEN 150 - TBH GmbH Filter- und Absauganlagen","robots":{"index":"index","follow":"follow","max-snippet":"max-snippet:-1","max-image-preview":"max-image-preview:large","max-video-preview":"max-video-preview:-1"},"canonical":"https:\/\/www.tbh.eu\/es\/produkt\/oen-150\/","og_locale":"es_ES","og_type":"article","og_title":"OEN 150 - TBH GmbH Filter- und Absauganlagen","og_description":"Los sistemas est\u00e1n dise\u00f1ados para procesos con una baja proporci\u00f3n de neblina de emulsi\u00f3n y una proporci\u00f3n media de part\u00edculas. El tejido de aluminio y los filtros de saturaci\u00f3n aseguran una separaci\u00f3n eficaz de l\u00edquidos y optimizan la separaci\u00f3n de part\u00edculas. La unidad est\u00e1 disponible en versiones est\u00e1ndar o con un m\u00f3dulo de carb\u00f3n activado.","og_url":"https:\/\/www.tbh.eu\/es\/produkt\/oen-150\/","og_site_name":"TBH GmbH Filter- und Absauganlagen","og_image":[{"width":1152,"height":2048,"url":"https:\/\/www.tbh.eu\/wp-content\/uploads\/2022\/04\/90180_OEN-150.jpg","type":"image\/jpeg"}],"twitter_card":"summary_large_image","schema":{"@context":"https:\/\/schema.org","@graph":[{"@type":"WebPage","@id":"https:\/\/www.tbh.eu\/es\/produkt\/oen-150\/","url":"https:\/\/www.tbh.eu\/es\/produkt\/oen-150\/","name":"OEN 150 - TBH GmbH Filter- und Absauganlagen","isPartOf":{"@id":"https:\/\/www.tbh.eu\/es\/#website"},"primaryImageOfPage":{"@id":"https:\/\/www.tbh.eu\/es\/produkt\/oen-150\/#primaryimage"},"image":{"@id":"https:\/\/www.tbh.eu\/es\/produkt\/oen-150\/#primaryimage"},"thumbnailUrl":"https:\/\/www.tbh.eu\/wp-content\/uploads\/2022\/04\/90180_OEN-150.jpg","datePublished":"2022-04-07T14:18:59+00:00","breadcrumb":{"@id":"https:\/\/www.tbh.eu\/es\/produkt\/oen-150\/#breadcrumb"},"inLanguage":"es","potentialAction":[{"@type":"ReadAction","target":["https:\/\/www.tbh.eu\/es\/produkt\/oen-150\/"]}]},{"@type":"ImageObject","inLanguage":"es","@id":"https:\/\/www.tbh.eu\/es\/produkt\/oen-150\/#primaryimage","url":"https:\/\/www.tbh.eu\/wp-content\/uploads\/2022\/04\/90180_OEN-150.jpg","contentUrl":"https:\/\/www.tbh.eu\/wp-content\/uploads\/2022\/04\/90180_OEN-150.jpg","width":1152,"height":2048},{"@type":"BreadcrumbList","@id":"https:\/\/www.tbh.eu\/es\/produkt\/oen-150\/#breadcrumb","itemListElement":[{"@type":"ListItem","position":1,"name":"Startseite","item":"https:\/\/www.tbh.eu\/es\/"},{"@type":"ListItem","position":2,"name":"Tienda","item":"https:\/\/www.tbh.eu\/tienda\/"},{"@type":"ListItem","position":3,"name":"OEN 150"}]},{"@type":"WebSite","@id":"https:\/\/www.tbh.eu\/es\/#website","url":"https:\/\/www.tbh.eu\/es\/","name":"TBH GmbH Filter- und Absauganlagen","description":"Filter- und Absauganlagen zur Reinhaltung der Luft am Arbeitsplatz","publisher":{"@id":"https:\/\/www.tbh.eu\/es\/#organization"},"potentialAction":[{"@type":"SearchAction","target":{"@type":"EntryPoint","urlTemplate":"https:\/\/www.tbh.eu\/es\/?s={search_term_string}"},"query-input":{"@type":"PropertyValueSpecification","valueRequired":true,"valueName":"search_term_string"}}],"inLanguage":"es"},{"@type":"Organization","@id":"https:\/\/www.tbh.eu\/es\/#organization","name":"TBH GmbH Filter- und Absauganlagen","url":"https:\/\/www.tbh.eu\/es\/","logo":{"@type":"ImageObject","inLanguage":"es","@id":"https:\/\/www.tbh.eu\/es\/#\/schema\/logo\/image\/","url":"https:\/\/www.tbh.eu\/wp-content\/uploads\/2025\/10\/Logo_TBH_neu.webp","contentUrl":"https:\/\/www.tbh.eu\/wp-content\/uploads\/2025\/10\/Logo_TBH_neu.webp","width":169,"height":71,"caption":"TBH GmbH Filter- und Absauganlagen"},"image":{"@id":"https:\/\/www.tbh.eu\/es\/#\/schema\/logo\/image\/"}}]}},"_links":{"self":[{"href":"https:\/\/www.tbh.eu\/es\/wp-json\/wp\/v2\/product\/20143","targetHints":{"allow":["GET"]}}],"collection":[{"href":"https:\/\/www.tbh.eu\/es\/wp-json\/wp\/v2\/product"}],"about":[{"href":"https:\/\/www.tbh.eu\/es\/wp-json\/wp\/v2\/types\/product"}],"wp:featuredmedia":[{"embeddable":true,"href":"https:\/\/www.tbh.eu\/es\/wp-json\/wp\/v2\/media\/21318"}],"wp:attachment":[{"href":"https:\/\/www.tbh.eu\/es\/wp-json\/wp\/v2\/media?parent=20143"}],"wp:term":[{"taxonomy":"product_brand","embeddable":true,"href":"https:\/\/www.tbh.eu\/es\/wp-json\/wp\/v2\/product_brand?post=20143"},{"taxonomy":"product_cat","embeddable":true,"href":"https:\/\/www.tbh.eu\/es\/wp-json\/wp\/v2\/product_cat?post=20143"},{"taxonomy":"product_tag","embeddable":true,"href":"https:\/\/www.tbh.eu\/es\/wp-json\/wp\/v2\/product_tag?post=20143"}],"curies":[{"name":"wp","href":"https:\/\/api.w.org\/{rel}","templated":true}]}}