{"id":20134,"date":"2022-04-07T12:52:11","date_gmt":"2022-04-07T12:52:11","guid":{"rendered":"https:\/\/www.tbh.eu\/produkt\/fp-213-atex\/"},"modified":"2026-02-24T15:02:06","modified_gmt":"2026-02-24T15:02:06","slug":"fp-213-atex","status":"publish","type":"product","link":"https:\/\/www.tbh.eu\/es\/produkt\/fp-213-atex\/","title":{"rendered":"FP 213 ATEX"},"content":{"rendered":"<p>El FP 213 ATEX es un potente sistema de filtrado y aspiraci\u00f3n para la aspiraci\u00f3n segura de polvos secos y explosivos (no met\u00e1licos) en aplicaciones industriales. Funciona con seis cartuchos filtrantes antiest\u00e1ticos y limpiables (clase de polvo M) y limpieza autom\u00e1tica con aire comprimido para una larga vida \u00fatil. Con una alta presi\u00f3n est\u00e1tica de hasta 15 000 Pa y un caudal de aire efectivo de 50-400 m\u00b3\/h. Desarrollado seg\u00fan ATEX (RL 2014\/34\/EU) para la aspiraci\u00f3n de la zona 21 (instalaci\u00f3n del sistema fuera de la zona) y con un cambio de filtro patentado y de baja contaminaci\u00f3n.<\/p>\n","protected":false},"excerpt":{"rendered":"<p>El FP 213 ATEX es un potente sistema de filtrado y aspiraci\u00f3n para la aspiraci\u00f3n segura de polvos secos y explosivos (no met\u00e1licos) en aplicaciones industriales. Funciona con seis cartuchos filtrantes antiest\u00e1ticos y limpiables (clase de polvo M) y limpieza autom\u00e1tica con aire comprimido para una larga vida \u00fatil. Con una alta presi\u00f3n est\u00e1tica de hasta 15 000 Pa y un caudal de aire efectivo de 50-400 m\u00b3\/h. Desarrollado seg\u00fan ATEX (RL 2014\/34\/EU) para la aspiraci\u00f3n de la zona 21 (instalaci\u00f3n del sistema fuera de la zona) y con un cambio de filtro patentado y de baja contaminaci\u00f3n.<\/p>\n","protected":false},"featured_media":23692,"template":"","meta":{"_acf_changed":false},"product_brand":[],"product_cat":[609,606],"product_tag":[613],"class_list":{"0":"post-20134","1":"product","2":"type-product","3":"status-publish","4":"has-post-thumbnail","6":"product_cat-serie-fp-200-atex-es","7":"product_cat-sistemas-con-cartuchos-filtracion-es","8":"product_tag-sistemasconcartuchosdefiltracion","10":"first","11":"instock","12":"shipping-taxable","13":"product-type-simple"},"acf":[],"yoast_head":"<!-- This site is optimized with the Yoast SEO plugin v27.3 - https:\/\/yoast.com\/product\/yoast-seo-wordpress\/ -->\n<title>FP 213 ATEX - TBH GmbH Filter- und Absauganlagen<\/title>\n<meta name=\"description\" content=\"FP213 ATEX: Sistema de filtrado y aspiraci\u00f3n para polvos no met\u00e1licos explosivos (zona 21). 6 cartuchos antiest\u00e1ticos, limpieza con aire comprimido, hasta 15 000 Pa.\" \/>\n<meta name=\"robots\" content=\"index, follow, max-snippet:-1, max-image-preview:large, max-video-preview:-1\" \/>\n<link rel=\"canonical\" href=\"https:\/\/www.tbh.eu\/es\/produkt\/fp-213-atex\/\" \/>\n<meta property=\"og:locale\" content=\"es_ES\" \/>\n<meta property=\"og:type\" content=\"article\" \/>\n<meta property=\"og:title\" content=\"FP 213 ATEX - TBH GmbH Filter- und Absauganlagen\" \/>\n<meta property=\"og:description\" content=\"FP213 ATEX: Sistema de filtrado y aspiraci\u00f3n para polvos no met\u00e1licos explosivos (zona 21). 6 cartuchos antiest\u00e1ticos, limpieza con aire comprimido, hasta 15 000 Pa.\" \/>\n<meta property=\"og:url\" content=\"https:\/\/www.tbh.eu\/es\/produkt\/fp-213-atex\/\" \/>\n<meta property=\"og:site_name\" content=\"TBH GmbH Filter- und Absauganlagen\" \/>\n<meta property=\"article:modified_time\" content=\"2026-02-24T15:02:06+00:00\" \/>\n<meta property=\"og:image\" content=\"https:\/\/www.tbh.eu\/wp-content\/uploads\/2026\/02\/FP200-Atex-Gruppe-500x600-1.png\" \/>\n\t<meta property=\"og:image:width\" content=\"500\" \/>\n\t<meta property=\"og:image:height\" content=\"600\" \/>\n\t<meta property=\"og:image:type\" content=\"image\/png\" \/>\n<meta name=\"twitter:card\" content=\"summary_large_image\" \/>\n<meta name=\"twitter:label1\" content=\"Tiempo de lectura\" \/>\n\t<meta name=\"twitter:data1\" content=\"1 minuto\" \/>\n<script type=\"application\/ld+json\" class=\"yoast-schema-graph\">{\"@context\":\"https:\\\/\\\/schema.org\",\"@graph\":[{\"@type\":\"WebPage\",\"@id\":\"https:\\\/\\\/www.tbh.eu\\\/es\\\/produkt\\\/fp-213-atex\\\/\",\"url\":\"https:\\\/\\\/www.tbh.eu\\\/es\\\/produkt\\\/fp-213-atex\\\/\",\"name\":\"FP 213 ATEX - TBH GmbH Filter- und Absauganlagen\",\"isPartOf\":{\"@id\":\"https:\\\/\\\/www.tbh.eu\\\/es\\\/#website\"},\"primaryImageOfPage\":{\"@id\":\"https:\\\/\\\/www.tbh.eu\\\/es\\\/produkt\\\/fp-213-atex\\\/#primaryimage\"},\"image\":{\"@id\":\"https:\\\/\\\/www.tbh.eu\\\/es\\\/produkt\\\/fp-213-atex\\\/#primaryimage\"},\"thumbnailUrl\":\"https:\\\/\\\/www.tbh.eu\\\/wp-content\\\/uploads\\\/2026\\\/02\\\/FP200-Atex-Gruppe-500x600-1.png\",\"datePublished\":\"2022-04-07T12:52:11+00:00\",\"dateModified\":\"2026-02-24T15:02:06+00:00\",\"description\":\"FP213 ATEX: Sistema de filtrado y aspiraci\u00f3n para polvos no met\u00e1licos explosivos (zona 21). 6 cartuchos antiest\u00e1ticos, limpieza con aire comprimido, hasta 15 000 Pa.\",\"breadcrumb\":{\"@id\":\"https:\\\/\\\/www.tbh.eu\\\/es\\\/produkt\\\/fp-213-atex\\\/#breadcrumb\"},\"inLanguage\":\"es\",\"potentialAction\":[{\"@type\":\"ReadAction\",\"target\":[\"https:\\\/\\\/www.tbh.eu\\\/es\\\/produkt\\\/fp-213-atex\\\/\"]}]},{\"@type\":\"ImageObject\",\"inLanguage\":\"es\",\"@id\":\"https:\\\/\\\/www.tbh.eu\\\/es\\\/produkt\\\/fp-213-atex\\\/#primaryimage\",\"url\":\"https:\\\/\\\/www.tbh.eu\\\/wp-content\\\/uploads\\\/2026\\\/02\\\/FP200-Atex-Gruppe-500x600-1.png\",\"contentUrl\":\"https:\\\/\\\/www.tbh.eu\\\/wp-content\\\/uploads\\\/2026\\\/02\\\/FP200-Atex-Gruppe-500x600-1.png\",\"width\":500,\"height\":600},{\"@type\":\"BreadcrumbList\",\"@id\":\"https:\\\/\\\/www.tbh.eu\\\/es\\\/produkt\\\/fp-213-atex\\\/#breadcrumb\",\"itemListElement\":[{\"@type\":\"ListItem\",\"position\":1,\"name\":\"Startseite\",\"item\":\"https:\\\/\\\/www.tbh.eu\\\/es\\\/\"},{\"@type\":\"ListItem\",\"position\":2,\"name\":\"Tienda\",\"item\":\"https:\\\/\\\/www.tbh.eu\\\/tienda\\\/\"},{\"@type\":\"ListItem\",\"position\":3,\"name\":\"FP 213 ATEX\"}]},{\"@type\":\"WebSite\",\"@id\":\"https:\\\/\\\/www.tbh.eu\\\/es\\\/#website\",\"url\":\"https:\\\/\\\/www.tbh.eu\\\/es\\\/\",\"name\":\"TBH GmbH Filter- und Absauganlagen\",\"description\":\"Filter- und Absauganlagen zur Reinhaltung der Luft am Arbeitsplatz\",\"publisher\":{\"@id\":\"https:\\\/\\\/www.tbh.eu\\\/es\\\/#organization\"},\"potentialAction\":[{\"@type\":\"SearchAction\",\"target\":{\"@type\":\"EntryPoint\",\"urlTemplate\":\"https:\\\/\\\/www.tbh.eu\\\/es\\\/?s={search_term_string}\"},\"query-input\":{\"@type\":\"PropertyValueSpecification\",\"valueRequired\":true,\"valueName\":\"search_term_string\"}}],\"inLanguage\":\"es\"},{\"@type\":\"Organization\",\"@id\":\"https:\\\/\\\/www.tbh.eu\\\/es\\\/#organization\",\"name\":\"TBH GmbH Filter- und Absauganlagen\",\"url\":\"https:\\\/\\\/www.tbh.eu\\\/es\\\/\",\"logo\":{\"@type\":\"ImageObject\",\"inLanguage\":\"es\",\"@id\":\"https:\\\/\\\/www.tbh.eu\\\/es\\\/#\\\/schema\\\/logo\\\/image\\\/\",\"url\":\"https:\\\/\\\/www.tbh.eu\\\/wp-content\\\/uploads\\\/2025\\\/10\\\/Logo_TBH_neu.webp\",\"contentUrl\":\"https:\\\/\\\/www.tbh.eu\\\/wp-content\\\/uploads\\\/2025\\\/10\\\/Logo_TBH_neu.webp\",\"width\":169,\"height\":71,\"caption\":\"TBH GmbH Filter- und Absauganlagen\"},\"image\":{\"@id\":\"https:\\\/\\\/www.tbh.eu\\\/es\\\/#\\\/schema\\\/logo\\\/image\\\/\"}}]}<\/script>\n<!-- \/ Yoast SEO plugin. -->","yoast_head_json":{"title":"FP 213 ATEX - TBH GmbH Filter- und Absauganlagen","description":"FP213 ATEX: Sistema de filtrado y aspiraci\u00f3n para polvos no met\u00e1licos explosivos (zona 21). 6 cartuchos antiest\u00e1ticos, limpieza con aire comprimido, hasta 15 000 Pa.","robots":{"index":"index","follow":"follow","max-snippet":"max-snippet:-1","max-image-preview":"max-image-preview:large","max-video-preview":"max-video-preview:-1"},"canonical":"https:\/\/www.tbh.eu\/es\/produkt\/fp-213-atex\/","og_locale":"es_ES","og_type":"article","og_title":"FP 213 ATEX - TBH GmbH Filter- und Absauganlagen","og_description":"FP213 ATEX: Sistema de filtrado y aspiraci\u00f3n para polvos no met\u00e1licos explosivos (zona 21). 6 cartuchos antiest\u00e1ticos, limpieza con aire comprimido, hasta 15 000 Pa.","og_url":"https:\/\/www.tbh.eu\/es\/produkt\/fp-213-atex\/","og_site_name":"TBH GmbH Filter- und Absauganlagen","article_modified_time":"2026-02-24T15:02:06+00:00","og_image":[{"width":500,"height":600,"url":"https:\/\/www.tbh.eu\/wp-content\/uploads\/2026\/02\/FP200-Atex-Gruppe-500x600-1.png","type":"image\/png"}],"twitter_card":"summary_large_image","twitter_misc":{"Tiempo de lectura":"1 minuto"},"schema":{"@context":"https:\/\/schema.org","@graph":[{"@type":"WebPage","@id":"https:\/\/www.tbh.eu\/es\/produkt\/fp-213-atex\/","url":"https:\/\/www.tbh.eu\/es\/produkt\/fp-213-atex\/","name":"FP 213 ATEX - TBH GmbH Filter- und Absauganlagen","isPartOf":{"@id":"https:\/\/www.tbh.eu\/es\/#website"},"primaryImageOfPage":{"@id":"https:\/\/www.tbh.eu\/es\/produkt\/fp-213-atex\/#primaryimage"},"image":{"@id":"https:\/\/www.tbh.eu\/es\/produkt\/fp-213-atex\/#primaryimage"},"thumbnailUrl":"https:\/\/www.tbh.eu\/wp-content\/uploads\/2026\/02\/FP200-Atex-Gruppe-500x600-1.png","datePublished":"2022-04-07T12:52:11+00:00","dateModified":"2026-02-24T15:02:06+00:00","description":"FP213 ATEX: Sistema de filtrado y aspiraci\u00f3n para polvos no met\u00e1licos explosivos (zona 21). 6 cartuchos antiest\u00e1ticos, limpieza con aire comprimido, hasta 15 000 Pa.","breadcrumb":{"@id":"https:\/\/www.tbh.eu\/es\/produkt\/fp-213-atex\/#breadcrumb"},"inLanguage":"es","potentialAction":[{"@type":"ReadAction","target":["https:\/\/www.tbh.eu\/es\/produkt\/fp-213-atex\/"]}]},{"@type":"ImageObject","inLanguage":"es","@id":"https:\/\/www.tbh.eu\/es\/produkt\/fp-213-atex\/#primaryimage","url":"https:\/\/www.tbh.eu\/wp-content\/uploads\/2026\/02\/FP200-Atex-Gruppe-500x600-1.png","contentUrl":"https:\/\/www.tbh.eu\/wp-content\/uploads\/2026\/02\/FP200-Atex-Gruppe-500x600-1.png","width":500,"height":600},{"@type":"BreadcrumbList","@id":"https:\/\/www.tbh.eu\/es\/produkt\/fp-213-atex\/#breadcrumb","itemListElement":[{"@type":"ListItem","position":1,"name":"Startseite","item":"https:\/\/www.tbh.eu\/es\/"},{"@type":"ListItem","position":2,"name":"Tienda","item":"https:\/\/www.tbh.eu\/tienda\/"},{"@type":"ListItem","position":3,"name":"FP 213 ATEX"}]},{"@type":"WebSite","@id":"https:\/\/www.tbh.eu\/es\/#website","url":"https:\/\/www.tbh.eu\/es\/","name":"TBH GmbH Filter- und Absauganlagen","description":"Filter- und Absauganlagen zur Reinhaltung der Luft am Arbeitsplatz","publisher":{"@id":"https:\/\/www.tbh.eu\/es\/#organization"},"potentialAction":[{"@type":"SearchAction","target":{"@type":"EntryPoint","urlTemplate":"https:\/\/www.tbh.eu\/es\/?s={search_term_string}"},"query-input":{"@type":"PropertyValueSpecification","valueRequired":true,"valueName":"search_term_string"}}],"inLanguage":"es"},{"@type":"Organization","@id":"https:\/\/www.tbh.eu\/es\/#organization","name":"TBH GmbH Filter- und Absauganlagen","url":"https:\/\/www.tbh.eu\/es\/","logo":{"@type":"ImageObject","inLanguage":"es","@id":"https:\/\/www.tbh.eu\/es\/#\/schema\/logo\/image\/","url":"https:\/\/www.tbh.eu\/wp-content\/uploads\/2025\/10\/Logo_TBH_neu.webp","contentUrl":"https:\/\/www.tbh.eu\/wp-content\/uploads\/2025\/10\/Logo_TBH_neu.webp","width":169,"height":71,"caption":"TBH GmbH Filter- und Absauganlagen"},"image":{"@id":"https:\/\/www.tbh.eu\/es\/#\/schema\/logo\/image\/"}}]}},"_links":{"self":[{"href":"https:\/\/www.tbh.eu\/es\/wp-json\/wp\/v2\/product\/20134","targetHints":{"allow":["GET"]}}],"collection":[{"href":"https:\/\/www.tbh.eu\/es\/wp-json\/wp\/v2\/product"}],"about":[{"href":"https:\/\/www.tbh.eu\/es\/wp-json\/wp\/v2\/types\/product"}],"wp:featuredmedia":[{"embeddable":true,"href":"https:\/\/www.tbh.eu\/es\/wp-json\/wp\/v2\/media\/23692"}],"wp:attachment":[{"href":"https:\/\/www.tbh.eu\/es\/wp-json\/wp\/v2\/media?parent=20134"}],"wp:term":[{"taxonomy":"product_brand","embeddable":true,"href":"https:\/\/www.tbh.eu\/es\/wp-json\/wp\/v2\/product_brand?post=20134"},{"taxonomy":"product_cat","embeddable":true,"href":"https:\/\/www.tbh.eu\/es\/wp-json\/wp\/v2\/product_cat?post=20134"},{"taxonomy":"product_tag","embeddable":true,"href":"https:\/\/www.tbh.eu\/es\/wp-json\/wp\/v2\/product_tag?post=20134"}],"curies":[{"name":"wp","href":"https:\/\/api.w.org\/{rel}","templated":true}]}}