{"id":19699,"date":"2022-03-31T15:15:21","date_gmt":"2022-03-31T15:15:21","guid":{"rendered":"https:\/\/www.tbh.eu\/produkt\/bf-100r-bf-200r\/"},"modified":"2025-03-06T10:22:34","modified_gmt":"2025-03-06T10:22:34","slug":"bf-100r-bf-200r","status":"publish","type":"product","link":"https:\/\/www.tbh.eu\/es\/produkt\/bf-100r-bf-200r\/","title":{"rendered":"BF 100R  \/ BF 200R"},"content":{"rendered":"","protected":false},"excerpt":{"rendered":"<p>La compacta unidad de aspiraci\u00f3n con un motor sin escobillas de alto rendimiento cuenta con una electr\u00f3nica de control con funciones b\u00e1sicas para un funcionamiento aut\u00f3nomo y es modularmente configurable.<\/p>\n","protected":false},"featured_media":19691,"template":"","meta":{"_acf_changed":false},"product_brand":[],"product_cat":[519],"product_tag":[],"class_list":{"0":"post-19699","1":"product","2":"type-product","3":"status-publish","4":"has-post-thumbnail","6":"product_cat-serie-bf","8":"first","9":"instock","10":"shipping-taxable","11":"product-type-simple"},"acf":[],"yoast_head":"<!-- This site is optimized with the Yoast SEO plugin v27.3 - https:\/\/yoast.com\/product\/yoast-seo-wordpress\/ -->\n<title>BF 100R \/ BF 200R - TBH GmbH Filter- und Absauganlagen<\/title>\n<meta name=\"robots\" content=\"index, follow, max-snippet:-1, max-image-preview:large, max-video-preview:-1\" \/>\n<link rel=\"canonical\" href=\"https:\/\/www.tbh.eu\/es\/produkt\/bf-100r-bf-200r\/\" \/>\n<meta property=\"og:locale\" content=\"es_ES\" \/>\n<meta property=\"og:type\" content=\"article\" \/>\n<meta property=\"og:title\" content=\"BF 100R \/ BF 200R - TBH GmbH Filter- und Absauganlagen\" \/>\n<meta property=\"og:description\" content=\"La compacta unidad de aspiraci\u00f3n con un motor sin escobillas de alto rendimiento cuenta con una electr\u00f3nica de control con funciones b\u00e1sicas para un funcionamiento aut\u00f3nomo y es modularmente configurable.\" \/>\n<meta property=\"og:url\" content=\"https:\/\/www.tbh.eu\/es\/produkt\/bf-100r-bf-200r\/\" \/>\n<meta property=\"og:site_name\" content=\"TBH GmbH Filter- und Absauganlagen\" \/>\n<meta property=\"article:modified_time\" content=\"2025-03-06T10:22:34+00:00\" \/>\n<meta property=\"og:image\" content=\"https:\/\/www.tbh.eu\/wp-content\/uploads\/2022\/03\/BF100R_200R_Produktbilder_300x500_web.png\" \/>\n\t<meta property=\"og:image:width\" content=\"300\" \/>\n\t<meta property=\"og:image:height\" content=\"500\" \/>\n\t<meta property=\"og:image:type\" content=\"image\/png\" \/>\n<meta name=\"twitter:card\" content=\"summary_large_image\" \/>\n<script type=\"application\/ld+json\" class=\"yoast-schema-graph\">{\"@context\":\"https:\\\/\\\/schema.org\",\"@graph\":[{\"@type\":\"WebPage\",\"@id\":\"https:\\\/\\\/www.tbh.eu\\\/es\\\/produkt\\\/bf-100r-bf-200r\\\/\",\"url\":\"https:\\\/\\\/www.tbh.eu\\\/es\\\/produkt\\\/bf-100r-bf-200r\\\/\",\"name\":\"BF 100R \\\/ BF 200R - TBH GmbH Filter- und Absauganlagen\",\"isPartOf\":{\"@id\":\"https:\\\/\\\/www.tbh.eu\\\/es\\\/#website\"},\"primaryImageOfPage\":{\"@id\":\"https:\\\/\\\/www.tbh.eu\\\/es\\\/produkt\\\/bf-100r-bf-200r\\\/#primaryimage\"},\"image\":{\"@id\":\"https:\\\/\\\/www.tbh.eu\\\/es\\\/produkt\\\/bf-100r-bf-200r\\\/#primaryimage\"},\"thumbnailUrl\":\"https:\\\/\\\/www.tbh.eu\\\/wp-content\\\/uploads\\\/2022\\\/03\\\/BF100R_200R_Produktbilder_300x500_web.png\",\"datePublished\":\"2022-03-31T15:15:21+00:00\",\"dateModified\":\"2025-03-06T10:22:34+00:00\",\"breadcrumb\":{\"@id\":\"https:\\\/\\\/www.tbh.eu\\\/es\\\/produkt\\\/bf-100r-bf-200r\\\/#breadcrumb\"},\"inLanguage\":\"es\",\"potentialAction\":[{\"@type\":\"ReadAction\",\"target\":[\"https:\\\/\\\/www.tbh.eu\\\/es\\\/produkt\\\/bf-100r-bf-200r\\\/\"]}]},{\"@type\":\"ImageObject\",\"inLanguage\":\"es\",\"@id\":\"https:\\\/\\\/www.tbh.eu\\\/es\\\/produkt\\\/bf-100r-bf-200r\\\/#primaryimage\",\"url\":\"https:\\\/\\\/www.tbh.eu\\\/wp-content\\\/uploads\\\/2022\\\/03\\\/BF100R_200R_Produktbilder_300x500_web.png\",\"contentUrl\":\"https:\\\/\\\/www.tbh.eu\\\/wp-content\\\/uploads\\\/2022\\\/03\\\/BF100R_200R_Produktbilder_300x500_web.png\",\"width\":300,\"height\":500,\"caption\":\"Aspiraci\u00f3n durante el lijado\"},{\"@type\":\"BreadcrumbList\",\"@id\":\"https:\\\/\\\/www.tbh.eu\\\/es\\\/produkt\\\/bf-100r-bf-200r\\\/#breadcrumb\",\"itemListElement\":[{\"@type\":\"ListItem\",\"position\":1,\"name\":\"Startseite\",\"item\":\"https:\\\/\\\/www.tbh.eu\\\/es\\\/\"},{\"@type\":\"ListItem\",\"position\":2,\"name\":\"Tienda\",\"item\":\"https:\\\/\\\/www.tbh.eu\\\/tienda\\\/\"},{\"@type\":\"ListItem\",\"position\":3,\"name\":\"BF 100R \\\/ BF 200R\"}]},{\"@type\":\"WebSite\",\"@id\":\"https:\\\/\\\/www.tbh.eu\\\/es\\\/#website\",\"url\":\"https:\\\/\\\/www.tbh.eu\\\/es\\\/\",\"name\":\"TBH GmbH Filter- und Absauganlagen\",\"description\":\"Filter- und Absauganlagen zur Reinhaltung der Luft am Arbeitsplatz\",\"publisher\":{\"@id\":\"https:\\\/\\\/www.tbh.eu\\\/es\\\/#organization\"},\"potentialAction\":[{\"@type\":\"SearchAction\",\"target\":{\"@type\":\"EntryPoint\",\"urlTemplate\":\"https:\\\/\\\/www.tbh.eu\\\/es\\\/?s={search_term_string}\"},\"query-input\":{\"@type\":\"PropertyValueSpecification\",\"valueRequired\":true,\"valueName\":\"search_term_string\"}}],\"inLanguage\":\"es\"},{\"@type\":\"Organization\",\"@id\":\"https:\\\/\\\/www.tbh.eu\\\/es\\\/#organization\",\"name\":\"TBH GmbH Filter- und Absauganlagen\",\"url\":\"https:\\\/\\\/www.tbh.eu\\\/es\\\/\",\"logo\":{\"@type\":\"ImageObject\",\"inLanguage\":\"es\",\"@id\":\"https:\\\/\\\/www.tbh.eu\\\/es\\\/#\\\/schema\\\/logo\\\/image\\\/\",\"url\":\"https:\\\/\\\/www.tbh.eu\\\/wp-content\\\/uploads\\\/2025\\\/10\\\/Logo_TBH_neu.webp\",\"contentUrl\":\"https:\\\/\\\/www.tbh.eu\\\/wp-content\\\/uploads\\\/2025\\\/10\\\/Logo_TBH_neu.webp\",\"width\":169,\"height\":71,\"caption\":\"TBH GmbH Filter- und Absauganlagen\"},\"image\":{\"@id\":\"https:\\\/\\\/www.tbh.eu\\\/es\\\/#\\\/schema\\\/logo\\\/image\\\/\"}}]}<\/script>\n<!-- \/ Yoast SEO plugin. -->","yoast_head_json":{"title":"BF 100R \/ BF 200R - TBH GmbH Filter- und Absauganlagen","robots":{"index":"index","follow":"follow","max-snippet":"max-snippet:-1","max-image-preview":"max-image-preview:large","max-video-preview":"max-video-preview:-1"},"canonical":"https:\/\/www.tbh.eu\/es\/produkt\/bf-100r-bf-200r\/","og_locale":"es_ES","og_type":"article","og_title":"BF 100R \/ BF 200R - TBH GmbH Filter- und Absauganlagen","og_description":"La compacta unidad de aspiraci\u00f3n con un motor sin escobillas de alto rendimiento cuenta con una electr\u00f3nica de control con funciones b\u00e1sicas para un funcionamiento aut\u00f3nomo y es modularmente configurable.","og_url":"https:\/\/www.tbh.eu\/es\/produkt\/bf-100r-bf-200r\/","og_site_name":"TBH GmbH Filter- und Absauganlagen","article_modified_time":"2025-03-06T10:22:34+00:00","og_image":[{"width":300,"height":500,"url":"https:\/\/www.tbh.eu\/wp-content\/uploads\/2022\/03\/BF100R_200R_Produktbilder_300x500_web.png","type":"image\/png"}],"twitter_card":"summary_large_image","schema":{"@context":"https:\/\/schema.org","@graph":[{"@type":"WebPage","@id":"https:\/\/www.tbh.eu\/es\/produkt\/bf-100r-bf-200r\/","url":"https:\/\/www.tbh.eu\/es\/produkt\/bf-100r-bf-200r\/","name":"BF 100R \/ BF 200R - TBH GmbH Filter- und Absauganlagen","isPartOf":{"@id":"https:\/\/www.tbh.eu\/es\/#website"},"primaryImageOfPage":{"@id":"https:\/\/www.tbh.eu\/es\/produkt\/bf-100r-bf-200r\/#primaryimage"},"image":{"@id":"https:\/\/www.tbh.eu\/es\/produkt\/bf-100r-bf-200r\/#primaryimage"},"thumbnailUrl":"https:\/\/www.tbh.eu\/wp-content\/uploads\/2022\/03\/BF100R_200R_Produktbilder_300x500_web.png","datePublished":"2022-03-31T15:15:21+00:00","dateModified":"2025-03-06T10:22:34+00:00","breadcrumb":{"@id":"https:\/\/www.tbh.eu\/es\/produkt\/bf-100r-bf-200r\/#breadcrumb"},"inLanguage":"es","potentialAction":[{"@type":"ReadAction","target":["https:\/\/www.tbh.eu\/es\/produkt\/bf-100r-bf-200r\/"]}]},{"@type":"ImageObject","inLanguage":"es","@id":"https:\/\/www.tbh.eu\/es\/produkt\/bf-100r-bf-200r\/#primaryimage","url":"https:\/\/www.tbh.eu\/wp-content\/uploads\/2022\/03\/BF100R_200R_Produktbilder_300x500_web.png","contentUrl":"https:\/\/www.tbh.eu\/wp-content\/uploads\/2022\/03\/BF100R_200R_Produktbilder_300x500_web.png","width":300,"height":500,"caption":"Aspiraci\u00f3n durante el lijado"},{"@type":"BreadcrumbList","@id":"https:\/\/www.tbh.eu\/es\/produkt\/bf-100r-bf-200r\/#breadcrumb","itemListElement":[{"@type":"ListItem","position":1,"name":"Startseite","item":"https:\/\/www.tbh.eu\/es\/"},{"@type":"ListItem","position":2,"name":"Tienda","item":"https:\/\/www.tbh.eu\/tienda\/"},{"@type":"ListItem","position":3,"name":"BF 100R \/ BF 200R"}]},{"@type":"WebSite","@id":"https:\/\/www.tbh.eu\/es\/#website","url":"https:\/\/www.tbh.eu\/es\/","name":"TBH GmbH Filter- und Absauganlagen","description":"Filter- und Absauganlagen zur Reinhaltung der Luft am Arbeitsplatz","publisher":{"@id":"https:\/\/www.tbh.eu\/es\/#organization"},"potentialAction":[{"@type":"SearchAction","target":{"@type":"EntryPoint","urlTemplate":"https:\/\/www.tbh.eu\/es\/?s={search_term_string}"},"query-input":{"@type":"PropertyValueSpecification","valueRequired":true,"valueName":"search_term_string"}}],"inLanguage":"es"},{"@type":"Organization","@id":"https:\/\/www.tbh.eu\/es\/#organization","name":"TBH GmbH Filter- und Absauganlagen","url":"https:\/\/www.tbh.eu\/es\/","logo":{"@type":"ImageObject","inLanguage":"es","@id":"https:\/\/www.tbh.eu\/es\/#\/schema\/logo\/image\/","url":"https:\/\/www.tbh.eu\/wp-content\/uploads\/2025\/10\/Logo_TBH_neu.webp","contentUrl":"https:\/\/www.tbh.eu\/wp-content\/uploads\/2025\/10\/Logo_TBH_neu.webp","width":169,"height":71,"caption":"TBH GmbH Filter- und Absauganlagen"},"image":{"@id":"https:\/\/www.tbh.eu\/es\/#\/schema\/logo\/image\/"}}]}},"_links":{"self":[{"href":"https:\/\/www.tbh.eu\/es\/wp-json\/wp\/v2\/product\/19699","targetHints":{"allow":["GET"]}}],"collection":[{"href":"https:\/\/www.tbh.eu\/es\/wp-json\/wp\/v2\/product"}],"about":[{"href":"https:\/\/www.tbh.eu\/es\/wp-json\/wp\/v2\/types\/product"}],"wp:featuredmedia":[{"embeddable":true,"href":"https:\/\/www.tbh.eu\/es\/wp-json\/wp\/v2\/media\/19691"}],"wp:attachment":[{"href":"https:\/\/www.tbh.eu\/es\/wp-json\/wp\/v2\/media?parent=19699"}],"wp:term":[{"taxonomy":"product_brand","embeddable":true,"href":"https:\/\/www.tbh.eu\/es\/wp-json\/wp\/v2\/product_brand?post=19699"},{"taxonomy":"product_cat","embeddable":true,"href":"https:\/\/www.tbh.eu\/es\/wp-json\/wp\/v2\/product_cat?post=19699"},{"taxonomy":"product_tag","embeddable":true,"href":"https:\/\/www.tbh.eu\/es\/wp-json\/wp\/v2\/product_tag?post=19699"}],"curies":[{"name":"wp","href":"https:\/\/api.w.org\/{rel}","templated":true}]}}