{"id":19686,"date":"2022-03-28T09:46:13","date_gmt":"2022-03-28T09:46:13","guid":{"rendered":"https:\/\/www.tbh.eu\/produkt\/bf-9\/"},"modified":"2025-03-06T10:16:11","modified_gmt":"2025-03-06T10:16:11","slug":"bf-9","status":"publish","type":"product","link":"https:\/\/www.tbh.eu\/es\/produkt\/bf-9\/","title":{"rendered":"BF 9"},"content":{"rendered":"","protected":false},"excerpt":{"rendered":"<p>El modelo Best Price con un motor de carbono potente tiene electr\u00f3nica de control b\u00e1sica y un filtro de 2 etapas. Es adecuado como soluci\u00f3n de aspiraci\u00f3n m\u00f3vil para uso ocasional, de menos de 1 hora al d\u00eda.<\/p>\n","protected":false},"featured_media":19687,"template":"","meta":{"_acf_changed":false},"product_brand":[],"product_cat":[519],"product_tag":[],"class_list":{"0":"post-19686","1":"product","2":"type-product","3":"status-publish","4":"has-post-thumbnail","6":"product_cat-serie-bf","8":"first","9":"instock","10":"shipping-taxable","11":"product-type-simple"},"acf":[],"yoast_head":"<!-- This site is optimized with the Yoast SEO plugin v27.3 - https:\/\/yoast.com\/product\/yoast-seo-wordpress\/ -->\n<title>BF 9 - TBH GmbH Filter- und Absauganlagen<\/title>\n<meta name=\"robots\" content=\"index, follow, max-snippet:-1, max-image-preview:large, max-video-preview:-1\" \/>\n<link rel=\"canonical\" href=\"https:\/\/www.tbh.eu\/es\/produkt\/bf-9\/\" \/>\n<meta property=\"og:locale\" content=\"es_ES\" \/>\n<meta property=\"og:type\" content=\"article\" \/>\n<meta property=\"og:title\" content=\"BF 9 - TBH GmbH Filter- und Absauganlagen\" \/>\n<meta property=\"og:description\" content=\"El modelo Best Price con un motor de carbono potente tiene electr\u00f3nica de control b\u00e1sica y un filtro de 2 etapas. Es adecuado como soluci\u00f3n de aspiraci\u00f3n m\u00f3vil para uso ocasional, de menos de 1 hora al d\u00eda.\" \/>\n<meta property=\"og:url\" content=\"https:\/\/www.tbh.eu\/es\/produkt\/bf-9\/\" \/>\n<meta property=\"og:site_name\" content=\"TBH GmbH Filter- und Absauganlagen\" \/>\n<meta property=\"article:modified_time\" content=\"2025-03-06T10:16:11+00:00\" \/>\n<meta property=\"og:image\" content=\"https:\/\/www.tbh.eu\/wp-content\/uploads\/2022\/04\/BF9-BF10_Produktbilder_300x500_web.png\" \/>\n\t<meta property=\"og:image:width\" content=\"300\" \/>\n\t<meta property=\"og:image:height\" content=\"500\" \/>\n\t<meta property=\"og:image:type\" content=\"image\/png\" \/>\n<meta name=\"twitter:card\" content=\"summary_large_image\" \/>\n<script type=\"application\/ld+json\" class=\"yoast-schema-graph\">{\"@context\":\"https:\\\/\\\/schema.org\",\"@graph\":[{\"@type\":\"WebPage\",\"@id\":\"https:\\\/\\\/www.tbh.eu\\\/es\\\/produkt\\\/bf-9\\\/\",\"url\":\"https:\\\/\\\/www.tbh.eu\\\/es\\\/produkt\\\/bf-9\\\/\",\"name\":\"BF 9 - TBH GmbH Filter- und Absauganlagen\",\"isPartOf\":{\"@id\":\"https:\\\/\\\/www.tbh.eu\\\/es\\\/#website\"},\"primaryImageOfPage\":{\"@id\":\"https:\\\/\\\/www.tbh.eu\\\/es\\\/produkt\\\/bf-9\\\/#primaryimage\"},\"image\":{\"@id\":\"https:\\\/\\\/www.tbh.eu\\\/es\\\/produkt\\\/bf-9\\\/#primaryimage\"},\"thumbnailUrl\":\"https:\\\/\\\/www.tbh.eu\\\/wp-content\\\/uploads\\\/2022\\\/04\\\/BF9-BF10_Produktbilder_300x500_web.png\",\"datePublished\":\"2022-03-28T09:46:13+00:00\",\"dateModified\":\"2025-03-06T10:16:11+00:00\",\"breadcrumb\":{\"@id\":\"https:\\\/\\\/www.tbh.eu\\\/es\\\/produkt\\\/bf-9\\\/#breadcrumb\"},\"inLanguage\":\"es\",\"potentialAction\":[{\"@type\":\"ReadAction\",\"target\":[\"https:\\\/\\\/www.tbh.eu\\\/es\\\/produkt\\\/bf-9\\\/\"]}]},{\"@type\":\"ImageObject\",\"inLanguage\":\"es\",\"@id\":\"https:\\\/\\\/www.tbh.eu\\\/es\\\/produkt\\\/bf-9\\\/#primaryimage\",\"url\":\"https:\\\/\\\/www.tbh.eu\\\/wp-content\\\/uploads\\\/2022\\\/04\\\/BF9-BF10_Produktbilder_300x500_web.png\",\"contentUrl\":\"https:\\\/\\\/www.tbh.eu\\\/wp-content\\\/uploads\\\/2022\\\/04\\\/BF9-BF10_Produktbilder_300x500_web.png\",\"width\":300,\"height\":500},{\"@type\":\"BreadcrumbList\",\"@id\":\"https:\\\/\\\/www.tbh.eu\\\/es\\\/produkt\\\/bf-9\\\/#breadcrumb\",\"itemListElement\":[{\"@type\":\"ListItem\",\"position\":1,\"name\":\"Startseite\",\"item\":\"https:\\\/\\\/www.tbh.eu\\\/es\\\/\"},{\"@type\":\"ListItem\",\"position\":2,\"name\":\"Tienda\",\"item\":\"https:\\\/\\\/www.tbh.eu\\\/tienda\\\/\"},{\"@type\":\"ListItem\",\"position\":3,\"name\":\"BF 9\"}]},{\"@type\":\"WebSite\",\"@id\":\"https:\\\/\\\/www.tbh.eu\\\/es\\\/#website\",\"url\":\"https:\\\/\\\/www.tbh.eu\\\/es\\\/\",\"name\":\"TBH GmbH Filter- und Absauganlagen\",\"description\":\"Filter- und Absauganlagen zur Reinhaltung der Luft am Arbeitsplatz\",\"publisher\":{\"@id\":\"https:\\\/\\\/www.tbh.eu\\\/es\\\/#organization\"},\"potentialAction\":[{\"@type\":\"SearchAction\",\"target\":{\"@type\":\"EntryPoint\",\"urlTemplate\":\"https:\\\/\\\/www.tbh.eu\\\/es\\\/?s={search_term_string}\"},\"query-input\":{\"@type\":\"PropertyValueSpecification\",\"valueRequired\":true,\"valueName\":\"search_term_string\"}}],\"inLanguage\":\"es\"},{\"@type\":\"Organization\",\"@id\":\"https:\\\/\\\/www.tbh.eu\\\/es\\\/#organization\",\"name\":\"TBH GmbH Filter- und Absauganlagen\",\"url\":\"https:\\\/\\\/www.tbh.eu\\\/es\\\/\",\"logo\":{\"@type\":\"ImageObject\",\"inLanguage\":\"es\",\"@id\":\"https:\\\/\\\/www.tbh.eu\\\/es\\\/#\\\/schema\\\/logo\\\/image\\\/\",\"url\":\"https:\\\/\\\/www.tbh.eu\\\/wp-content\\\/uploads\\\/2025\\\/10\\\/Logo_TBH_neu.webp\",\"contentUrl\":\"https:\\\/\\\/www.tbh.eu\\\/wp-content\\\/uploads\\\/2025\\\/10\\\/Logo_TBH_neu.webp\",\"width\":169,\"height\":71,\"caption\":\"TBH GmbH Filter- und Absauganlagen\"},\"image\":{\"@id\":\"https:\\\/\\\/www.tbh.eu\\\/es\\\/#\\\/schema\\\/logo\\\/image\\\/\"}}]}<\/script>\n<!-- \/ Yoast SEO plugin. -->","yoast_head_json":{"title":"BF 9 - TBH GmbH Filter- und Absauganlagen","robots":{"index":"index","follow":"follow","max-snippet":"max-snippet:-1","max-image-preview":"max-image-preview:large","max-video-preview":"max-video-preview:-1"},"canonical":"https:\/\/www.tbh.eu\/es\/produkt\/bf-9\/","og_locale":"es_ES","og_type":"article","og_title":"BF 9 - TBH GmbH Filter- und Absauganlagen","og_description":"El modelo Best Price con un motor de carbono potente tiene electr\u00f3nica de control b\u00e1sica y un filtro de 2 etapas. Es adecuado como soluci\u00f3n de aspiraci\u00f3n m\u00f3vil para uso ocasional, de menos de 1 hora al d\u00eda.","og_url":"https:\/\/www.tbh.eu\/es\/produkt\/bf-9\/","og_site_name":"TBH GmbH Filter- und Absauganlagen","article_modified_time":"2025-03-06T10:16:11+00:00","og_image":[{"width":300,"height":500,"url":"https:\/\/www.tbh.eu\/wp-content\/uploads\/2022\/04\/BF9-BF10_Produktbilder_300x500_web.png","type":"image\/png"}],"twitter_card":"summary_large_image","schema":{"@context":"https:\/\/schema.org","@graph":[{"@type":"WebPage","@id":"https:\/\/www.tbh.eu\/es\/produkt\/bf-9\/","url":"https:\/\/www.tbh.eu\/es\/produkt\/bf-9\/","name":"BF 9 - TBH GmbH Filter- und Absauganlagen","isPartOf":{"@id":"https:\/\/www.tbh.eu\/es\/#website"},"primaryImageOfPage":{"@id":"https:\/\/www.tbh.eu\/es\/produkt\/bf-9\/#primaryimage"},"image":{"@id":"https:\/\/www.tbh.eu\/es\/produkt\/bf-9\/#primaryimage"},"thumbnailUrl":"https:\/\/www.tbh.eu\/wp-content\/uploads\/2022\/04\/BF9-BF10_Produktbilder_300x500_web.png","datePublished":"2022-03-28T09:46:13+00:00","dateModified":"2025-03-06T10:16:11+00:00","breadcrumb":{"@id":"https:\/\/www.tbh.eu\/es\/produkt\/bf-9\/#breadcrumb"},"inLanguage":"es","potentialAction":[{"@type":"ReadAction","target":["https:\/\/www.tbh.eu\/es\/produkt\/bf-9\/"]}]},{"@type":"ImageObject","inLanguage":"es","@id":"https:\/\/www.tbh.eu\/es\/produkt\/bf-9\/#primaryimage","url":"https:\/\/www.tbh.eu\/wp-content\/uploads\/2022\/04\/BF9-BF10_Produktbilder_300x500_web.png","contentUrl":"https:\/\/www.tbh.eu\/wp-content\/uploads\/2022\/04\/BF9-BF10_Produktbilder_300x500_web.png","width":300,"height":500},{"@type":"BreadcrumbList","@id":"https:\/\/www.tbh.eu\/es\/produkt\/bf-9\/#breadcrumb","itemListElement":[{"@type":"ListItem","position":1,"name":"Startseite","item":"https:\/\/www.tbh.eu\/es\/"},{"@type":"ListItem","position":2,"name":"Tienda","item":"https:\/\/www.tbh.eu\/tienda\/"},{"@type":"ListItem","position":3,"name":"BF 9"}]},{"@type":"WebSite","@id":"https:\/\/www.tbh.eu\/es\/#website","url":"https:\/\/www.tbh.eu\/es\/","name":"TBH GmbH Filter- und Absauganlagen","description":"Filter- und Absauganlagen zur Reinhaltung der Luft am Arbeitsplatz","publisher":{"@id":"https:\/\/www.tbh.eu\/es\/#organization"},"potentialAction":[{"@type":"SearchAction","target":{"@type":"EntryPoint","urlTemplate":"https:\/\/www.tbh.eu\/es\/?s={search_term_string}"},"query-input":{"@type":"PropertyValueSpecification","valueRequired":true,"valueName":"search_term_string"}}],"inLanguage":"es"},{"@type":"Organization","@id":"https:\/\/www.tbh.eu\/es\/#organization","name":"TBH GmbH Filter- und Absauganlagen","url":"https:\/\/www.tbh.eu\/es\/","logo":{"@type":"ImageObject","inLanguage":"es","@id":"https:\/\/www.tbh.eu\/es\/#\/schema\/logo\/image\/","url":"https:\/\/www.tbh.eu\/wp-content\/uploads\/2025\/10\/Logo_TBH_neu.webp","contentUrl":"https:\/\/www.tbh.eu\/wp-content\/uploads\/2025\/10\/Logo_TBH_neu.webp","width":169,"height":71,"caption":"TBH GmbH Filter- und Absauganlagen"},"image":{"@id":"https:\/\/www.tbh.eu\/es\/#\/schema\/logo\/image\/"}}]}},"_links":{"self":[{"href":"https:\/\/www.tbh.eu\/es\/wp-json\/wp\/v2\/product\/19686","targetHints":{"allow":["GET"]}}],"collection":[{"href":"https:\/\/www.tbh.eu\/es\/wp-json\/wp\/v2\/product"}],"about":[{"href":"https:\/\/www.tbh.eu\/es\/wp-json\/wp\/v2\/types\/product"}],"wp:featuredmedia":[{"embeddable":true,"href":"https:\/\/www.tbh.eu\/es\/wp-json\/wp\/v2\/media\/19687"}],"wp:attachment":[{"href":"https:\/\/www.tbh.eu\/es\/wp-json\/wp\/v2\/media?parent=19686"}],"wp:term":[{"taxonomy":"product_brand","embeddable":true,"href":"https:\/\/www.tbh.eu\/es\/wp-json\/wp\/v2\/product_brand?post=19686"},{"taxonomy":"product_cat","embeddable":true,"href":"https:\/\/www.tbh.eu\/es\/wp-json\/wp\/v2\/product_cat?post=19686"},{"taxonomy":"product_tag","embeddable":true,"href":"https:\/\/www.tbh.eu\/es\/wp-json\/wp\/v2\/product_tag?post=19686"}],"curies":[{"name":"wp","href":"https:\/\/api.w.org\/{rel}","templated":true}]}}