{"id":20041,"date":"2022-07-14T10:08:09","date_gmt":"2022-07-14T10:08:09","guid":{"rendered":"https:\/\/www.tbh.eu\/area-de-clientes-distribuidor\/"},"modified":"2024-10-28T11:15:11","modified_gmt":"2024-10-28T11:15:11","slug":"area-de-clientes-distribuidor","status":"publish","type":"page","link":"https:\/\/www.tbh.eu\/es\/area-de-clientes-distribuidor\/","title":{"rendered":"\u00c1rea de Clientes &#8211; Distribuidor"},"content":{"rendered":"\t\t<div data-elementor-type=\"wp-page\" data-elementor-id=\"20041\" class=\"elementor elementor-20041 elementor-7949\" data-elementor-post-type=\"page\">\n\t\t\t\t\t\t<section class=\"elementor-section elementor-inner-section elementor-element elementor-element-23dc23c8 elementor-section-boxed elementor-section-height-default elementor-section-height-default\" data-id=\"23dc23c8\" data-element_type=\"section\">\n\t\t\t\t\t\t<div class=\"elementor-container elementor-column-gap-no\">\n\t\t\t\t\t<div class=\"elementor-column elementor-col-25 elementor-inner-column elementor-element elementor-element-90448ea smokeEase\" data-id=\"90448ea\" data-element_type=\"column\">\n\t\t\t<div class=\"elementor-widget-wrap elementor-element-populated\">\n\t\t\t\t\t\t<div class=\"elementor-element elementor-element-69eaf815 elementor-widget elementor-widget-image\" data-id=\"69eaf815\" data-element_type=\"widget\" data-widget_type=\"image.default\">\n\t\t\t\t<div class=\"elementor-widget-container\">\n\t\t\t\t\t\t\t\t\t\t\t\t\t\t\t<img fetchpriority=\"high\" decoding=\"async\" width=\"800\" height=\"323\" src=\"https:\/\/www.tbh.eu\/wp-content\/uploads\/2022\/08\/Area-clienti-1024x413.png\" class=\"attachment-large size-large wp-image-20042\" alt=\"\" srcset=\"https:\/\/www.tbh.eu\/wp-content\/uploads\/2022\/08\/Area-clienti-1024x413.png 1024w, https:\/\/www.tbh.eu\/wp-content\/uploads\/2022\/08\/Area-clienti-300x121.png 300w, https:\/\/www.tbh.eu\/wp-content\/uploads\/2022\/08\/Area-clienti-768x310.png 768w, https:\/\/www.tbh.eu\/wp-content\/uploads\/2022\/08\/Area-clienti-1536x620.png 1536w, https:\/\/www.tbh.eu\/wp-content\/uploads\/2022\/08\/Area-clienti-2048x826.png 2048w, https:\/\/www.tbh.eu\/wp-content\/uploads\/2022\/08\/Area-clienti-220x89.png 220w, https:\/\/www.tbh.eu\/wp-content\/uploads\/2022\/08\/Area-clienti-600x242.png 600w\" sizes=\"(max-width: 800px) 100vw, 800px\" \/>\t\t\t\t\t\t\t\t\t\t\t\t\t\t\t<\/div>\n\t\t\t\t<\/div>\n\t\t\t\t<div class=\"elementor-element elementor-element-7ff699aa elementor-widget elementor-widget-heading\" data-id=\"7ff699aa\" data-element_type=\"widget\" data-widget_type=\"heading.default\">\n\t\t\t\t<div class=\"elementor-widget-container\">\n\t\t\t\t\t<h3 class=\"elementor-heading-title elementor-size-default\">Area Clienti<br><\/h3>\t\t\t\t<\/div>\n\t\t\t\t<\/div>\n\t\t\t\t<div class=\"elementor-element elementor-element-65110bf9 elementor-widget elementor-widget-text-editor\" data-id=\"65110bf9\" data-element_type=\"widget\" data-widget_type=\"text-editor.default\">\n\t\t\t\t<div class=\"elementor-widget-container\">\n\t\t\t\t\t\t\t\t\t<ul>\r\n<li>Assistenza tecnica<\/li>\r\n<li>Cataloghi e immagini<\/li>\r\n<li>Manuali e video<\/li>\r\n<li>Ordina filtri di ricambio<\/li>\r\n<\/ul>\r\n<div>&nbsp;<\/div>\t\t\t\t\t\t\t\t<\/div>\n\t\t\t\t<\/div>\n\t\t\t\t<div class=\"elementor-element elementor-element-62ee717e elementor-align-center elementor-widget elementor-widget-button\" data-id=\"62ee717e\" data-element_type=\"widget\" data-widget_type=\"button.default\">\n\t\t\t\t<div class=\"elementor-widget-container\">\n\t\t\t\t\t\t\t\t\t<div class=\"elementor-button-wrapper\">\n\t\t\t\t\t<a class=\"elementor-button elementor-button-link elementor-size-sm\" href=\"https:\/\/www.tbh.eu\/it\/dashboard\/\">\n\t\t\t\t\t\t<span class=\"elementor-button-content-wrapper\">\n\t\t\t\t\t\t<span class=\"elementor-button-icon\">\n\t\t\t\t<svg aria-hidden=\"true\" class=\"e-font-icon-svg e-fas-caret-right\" viewBox=\"0 0 192 512\" xmlns=\"http:\/\/www.w3.org\/2000\/svg\"><path d=\"M0 384.662V127.338c0-17.818 21.543-26.741 34.142-14.142l128.662 128.662c7.81 7.81 7.81 20.474 0 28.284L34.142 398.804C21.543 411.404 0 402.48 0 384.662z\"><\/path><\/svg>\t\t\t<\/span>\n\t\t\t\t\t\t\t\t\t<span class=\"elementor-button-text\">all'area clienti<\/span>\n\t\t\t\t\t<\/span>\n\t\t\t\t\t<\/a>\n\t\t\t\t<\/div>\n\t\t\t\t\t\t\t\t<\/div>\n\t\t\t\t<\/div>\n\t\t\t\t\t<\/div>\n\t\t<\/div>\n\t\t\t\t<div class=\"elementor-column elementor-col-25 elementor-inner-column elementor-element elementor-element-e08e810 smokeEase\" data-id=\"e08e810\" data-element_type=\"column\">\n\t\t\t<div class=\"elementor-widget-wrap elementor-element-populated\">\n\t\t\t\t\t\t<div class=\"elementor-element elementor-element-08b783d elementor-widget elementor-widget-image\" data-id=\"08b783d\" data-element_type=\"widget\" data-widget_type=\"image.default\">\n\t\t\t\t<div class=\"elementor-widget-container\">\n\t\t\t\t\t\t\t\t\t\t\t\t\t\t\t<img decoding=\"async\" width=\"800\" height=\"323\" src=\"https:\/\/www.tbh.eu\/wp-content\/uploads\/2022\/08\/Kundenbereich-1024x413.png\" class=\"attachment-large size-large wp-image-20043\" alt=\"\" srcset=\"https:\/\/www.tbh.eu\/wp-content\/uploads\/2022\/08\/Kundenbereich-1024x413.png 1024w, https:\/\/www.tbh.eu\/wp-content\/uploads\/2022\/08\/Kundenbereich-300x121.png 300w, https:\/\/www.tbh.eu\/wp-content\/uploads\/2022\/08\/Kundenbereich-768x310.png 768w, https:\/\/www.tbh.eu\/wp-content\/uploads\/2022\/08\/Kundenbereich-1536x620.png 1536w, https:\/\/www.tbh.eu\/wp-content\/uploads\/2022\/08\/Kundenbereich-2048x826.png 2048w, https:\/\/www.tbh.eu\/wp-content\/uploads\/2022\/08\/Kundenbereich-220x89.png 220w, https:\/\/www.tbh.eu\/wp-content\/uploads\/2022\/08\/Kundenbereich-600x242.png 600w\" sizes=\"(max-width: 800px) 100vw, 800px\" \/>\t\t\t\t\t\t\t\t\t\t\t\t\t\t\t<\/div>\n\t\t\t\t<\/div>\n\t\t\t\t<div class=\"elementor-element elementor-element-89a272c elementor-widget elementor-widget-heading\" data-id=\"89a272c\" data-element_type=\"widget\" data-widget_type=\"heading.default\">\n\t\t\t\t<div class=\"elementor-widget-container\">\n\t\t\t\t\t<h3 class=\"elementor-heading-title elementor-size-default\">\u00c1rea de clientes<br><\/h3>\t\t\t\t<\/div>\n\t\t\t\t<\/div>\n\t\t\t\t<div class=\"elementor-element elementor-element-ab61625 elementor-widget elementor-widget-text-editor\" data-id=\"ab61625\" data-element_type=\"widget\" data-widget_type=\"text-editor.default\">\n\t\t\t\t<div class=\"elementor-widget-container\">\n\t\t\t\t\t\t\t\t\t<ul>\n<li><span style=\"color: #000000;\"><strong>Mantenimiento (en Alemania)<\/strong><\/span><\/li>\n<li>Soporte t\u00e9cnico<\/li>\n<li>Cat\u00e1logos &amp; Im\u00e1genes<\/li>\n<li>Instrucciones &amp; Videos<\/li>\n<li>Pedir filtros de repuesto<\/li>\n<\/ul>\n\t\t\t\t\t\t\t\t<\/div>\n\t\t\t\t<\/div>\n\t\t\t\t<div class=\"elementor-element elementor-element-889b4d5 elementor-align-center elementor-widget elementor-widget-button\" data-id=\"889b4d5\" data-element_type=\"widget\" data-widget_type=\"button.default\">\n\t\t\t\t<div class=\"elementor-widget-container\">\n\t\t\t\t\t\t\t\t\t<div class=\"elementor-button-wrapper\">\n\t\t\t\t\t<a class=\"elementor-button elementor-button-link elementor-size-sm\" href=\"https:\/\/www.tbh.eu\/kundenbereich\/\">\n\t\t\t\t\t\t<span class=\"elementor-button-content-wrapper\">\n\t\t\t\t\t\t<span class=\"elementor-button-icon\">\n\t\t\t\t<svg aria-hidden=\"true\" class=\"e-font-icon-svg e-fas-caret-right\" viewBox=\"0 0 192 512\" xmlns=\"http:\/\/www.w3.org\/2000\/svg\"><path d=\"M0 384.662V127.338c0-17.818 21.543-26.741 34.142-14.142l128.662 128.662c7.81 7.81 7.81 20.474 0 28.284L34.142 398.804C21.543 411.404 0 402.48 0 384.662z\"><\/path><\/svg>\t\t\t<\/span>\n\t\t\t\t\t\t\t\t\t<span class=\"elementor-button-text\">acceso \u00e1rea de clientes<\/span>\n\t\t\t\t\t<\/span>\n\t\t\t\t\t<\/a>\n\t\t\t\t<\/div>\n\t\t\t\t\t\t\t\t<\/div>\n\t\t\t\t<\/div>\n\t\t\t\t\t<\/div>\n\t\t<\/div>\n\t\t\t\t<div class=\"elementor-column elementor-col-25 elementor-inner-column elementor-element elementor-element-cea3774 smokeEase\" data-id=\"cea3774\" data-element_type=\"column\">\n\t\t\t<div class=\"elementor-widget-wrap elementor-element-populated\">\n\t\t\t\t\t\t<div class=\"elementor-element elementor-element-69b8630 elementor-widget elementor-widget-image\" data-id=\"69b8630\" data-element_type=\"widget\" data-widget_type=\"image.default\">\n\t\t\t\t<div class=\"elementor-widget-container\">\n\t\t\t\t\t\t\t\t\t\t\t\t\t\t\t<img decoding=\"async\" width=\"800\" height=\"323\" src=\"https:\/\/www.tbh.eu\/wp-content\/uploads\/2022\/09\/Kundenbereich-Fahnen-Welt-1024x413.png\" class=\"attachment-large size-large wp-image-11189\" alt=\"TBH weltweit\" srcset=\"https:\/\/www.tbh.eu\/wp-content\/uploads\/2022\/09\/Kundenbereich-Fahnen-Welt-1024x413.png 1024w, https:\/\/www.tbh.eu\/wp-content\/uploads\/2022\/09\/Kundenbereich-Fahnen-Welt-300x121.png 300w, https:\/\/www.tbh.eu\/wp-content\/uploads\/2022\/09\/Kundenbereich-Fahnen-Welt-768x310.png 768w, https:\/\/www.tbh.eu\/wp-content\/uploads\/2022\/09\/Kundenbereich-Fahnen-Welt-1536x620.png 1536w, https:\/\/www.tbh.eu\/wp-content\/uploads\/2022\/09\/Kundenbereich-Fahnen-Welt-2048x827.png 2048w, https:\/\/www.tbh.eu\/wp-content\/uploads\/2022\/09\/Kundenbereich-Fahnen-Welt-220x89.png 220w, https:\/\/www.tbh.eu\/wp-content\/uploads\/2022\/09\/Kundenbereich-Fahnen-Welt-600x242.png 600w\" sizes=\"(max-width: 800px) 100vw, 800px\" \/>\t\t\t\t\t\t\t\t\t\t\t\t\t\t\t<\/div>\n\t\t\t\t<\/div>\n\t\t\t\t<div class=\"elementor-element elementor-element-9e20007 elementor-widget elementor-widget-heading\" data-id=\"9e20007\" data-element_type=\"widget\" data-widget_type=\"heading.default\">\n\t\t\t\t<div class=\"elementor-widget-container\">\n\t\t\t\t\t<h3 class=\"elementor-heading-title elementor-size-default\">Customer Area<br><\/h3>\t\t\t\t<\/div>\n\t\t\t\t<\/div>\n\t\t\t\t<div class=\"elementor-element elementor-element-e7d2f62 elementor-widget elementor-widget-text-editor\" data-id=\"e7d2f62\" data-element_type=\"widget\" data-widget_type=\"text-editor.default\">\n\t\t\t\t<div class=\"elementor-widget-container\">\n\t\t\t\t\t\t\t\t\t<ul>\n<li>Technical support<\/li>\n<li>Catalogues in 8 languages\u00a0<\/li>\n<li>Manuals in 9 languages<\/li>\n<li><span style=\"font-size: 17.6px;\">Images &amp; videos<\/span><\/li>\n<li>Order replacement filter<\/li>\n<\/ul>\n\t\t\t\t\t\t\t\t<\/div>\n\t\t\t\t<\/div>\n\t\t\t\t<div class=\"elementor-element elementor-element-928b99d elementor-align-center elementor-widget elementor-widget-button\" data-id=\"928b99d\" data-element_type=\"widget\" data-widget_type=\"button.default\">\n\t\t\t\t<div class=\"elementor-widget-container\">\n\t\t\t\t\t\t\t\t\t<div class=\"elementor-button-wrapper\">\n\t\t\t\t\t<a class=\"elementor-button elementor-button-link elementor-size-sm\" href=\"https:\/\/www.tbh.eu\/en\/dashboard\/\">\n\t\t\t\t\t\t<span class=\"elementor-button-content-wrapper\">\n\t\t\t\t\t\t<span class=\"elementor-button-icon\">\n\t\t\t\t<svg aria-hidden=\"true\" class=\"e-font-icon-svg e-fas-caret-right\" viewBox=\"0 0 192 512\" xmlns=\"http:\/\/www.w3.org\/2000\/svg\"><path d=\"M0 384.662V127.338c0-17.818 21.543-26.741 34.142-14.142l128.662 128.662c7.81 7.81 7.81 20.474 0 28.284L34.142 398.804C21.543 411.404 0 402.48 0 384.662z\"><\/path><\/svg>\t\t\t<\/span>\n\t\t\t\t\t\t\t\t\t<span class=\"elementor-button-text\">to the customer area<\/span>\n\t\t\t\t\t<\/span>\n\t\t\t\t\t<\/a>\n\t\t\t\t<\/div>\n\t\t\t\t\t\t\t\t<\/div>\n\t\t\t\t<\/div>\n\t\t\t\t\t<\/div>\n\t\t<\/div>\n\t\t\t\t<div class=\"elementor-column elementor-col-25 elementor-inner-column elementor-element elementor-element-52f6935 smokeEase\" data-id=\"52f6935\" data-element_type=\"column\">\n\t\t\t<div class=\"elementor-widget-wrap elementor-element-populated\">\n\t\t\t\t\t\t<div class=\"elementor-element elementor-element-1b43540 elementor-widget elementor-widget-image\" data-id=\"1b43540\" data-element_type=\"widget\" data-widget_type=\"image.default\">\n\t\t\t\t<div class=\"elementor-widget-container\">\n\t\t\t\t\t\t\t\t\t\t\t\t\t\t\t<img loading=\"lazy\" decoding=\"async\" width=\"800\" height=\"323\" src=\"https:\/\/www.tbh.eu\/wp-content\/uploads\/2024\/03\/Lespace-client-1024x413-1.png\" class=\"attachment-large size-large wp-image-16990\" alt=\"\" srcset=\"https:\/\/www.tbh.eu\/wp-content\/uploads\/2024\/03\/Lespace-client-1024x413-1.png 1024w, https:\/\/www.tbh.eu\/wp-content\/uploads\/2024\/03\/Lespace-client-1024x413-1-300x121.png 300w, https:\/\/www.tbh.eu\/wp-content\/uploads\/2024\/03\/Lespace-client-1024x413-1-768x310.png 768w, https:\/\/www.tbh.eu\/wp-content\/uploads\/2024\/03\/Lespace-client-1024x413-1-220x89.png 220w, https:\/\/www.tbh.eu\/wp-content\/uploads\/2024\/03\/Lespace-client-1024x413-1-600x242.png 600w\" sizes=\"(max-width: 800px) 100vw, 800px\" \/>\t\t\t\t\t\t\t\t\t\t\t\t\t\t\t<\/div>\n\t\t\t\t<\/div>\n\t\t\t\t<div class=\"elementor-element elementor-element-4dcb120 elementor-widget elementor-widget-heading\" data-id=\"4dcb120\" data-element_type=\"widget\" data-widget_type=\"heading.default\">\n\t\t\t\t<div class=\"elementor-widget-container\">\n\t\t\t\t\t<h3 class=\"elementor-heading-title elementor-size-default\">Espace client<br><\/h3>\t\t\t\t<\/div>\n\t\t\t\t<\/div>\n\t\t\t\t<div class=\"elementor-element elementor-element-a7babbe elementor-widget elementor-widget-text-editor\" data-id=\"a7babbe\" data-element_type=\"widget\" data-widget_type=\"text-editor.default\">\n\t\t\t\t<div class=\"elementor-widget-container\">\n\t\t\t\t\t\t\t\t\t<ul>\n<li>Support technique<\/li>\n<li>Catalogues en 8 langues<\/li>\n<li>Manuels en 9 langues<\/li>\n<li>Images et vid\u00e9os<\/li>\n<li>Commander des filtres de rechange<\/li>\n<\/ul>\n\t\t\t\t\t\t\t\t<\/div>\n\t\t\t\t<\/div>\n\t\t\t\t<div class=\"elementor-element elementor-element-c208125 elementor-align-center elementor-widget elementor-widget-button\" data-id=\"c208125\" data-element_type=\"widget\" data-widget_type=\"button.default\">\n\t\t\t\t<div class=\"elementor-widget-container\">\n\t\t\t\t\t\t\t\t\t<div class=\"elementor-button-wrapper\">\n\t\t\t\t\t<a class=\"elementor-button elementor-button-link elementor-size-sm\" href=\"https:\/\/www.tbh.eu\/fr\/espace-client\/\">\n\t\t\t\t\t\t<span class=\"elementor-button-content-wrapper\">\n\t\t\t\t\t\t<span class=\"elementor-button-icon\">\n\t\t\t\t<svg aria-hidden=\"true\" class=\"e-font-icon-svg e-fas-caret-right\" viewBox=\"0 0 192 512\" xmlns=\"http:\/\/www.w3.org\/2000\/svg\"><path d=\"M0 384.662V127.338c0-17.818 21.543-26.741 34.142-14.142l128.662 128.662c7.81 7.81 7.81 20.474 0 28.284L34.142 398.804C21.543 411.404 0 402.48 0 384.662z\"><\/path><\/svg>\t\t\t<\/span>\n\t\t\t\t\t\t\t\t\t<span class=\"elementor-button-text\">vers l'espace client<\/span>\n\t\t\t\t\t<\/span>\n\t\t\t\t\t<\/a>\n\t\t\t\t<\/div>\n\t\t\t\t\t\t\t\t<\/div>\n\t\t\t\t<\/div>\n\t\t\t\t\t<\/div>\n\t\t<\/div>\n\t\t\t\t\t<\/div>\n\t\t<\/section>\n\t\t\t\t<\/div>\n\t\t","protected":false},"excerpt":{"rendered":"<p>Area Clienti Assistenza tecnica Cataloghi e immagini Manuali e video Ordina filtri di ricambio &nbsp; all&#8217;area clienti \u00c1rea de clientes Mantenimiento (en Alemania) Soporte t\u00e9cnico Cat\u00e1logos &amp; Im\u00e1genes Instrucciones &amp; Videos Pedir filtros de repuesto acceso \u00e1rea de clientes Customer Area Technical support Catalogues in 8 languages\u00a0 Manuals in 9 languages Images &amp; videos Order [&hellip;]<\/p>\n","protected":false},"author":1,"featured_media":0,"parent":0,"menu_order":0,"comment_status":"closed","ping_status":"closed","template":"","meta":{"_acf_changed":false,"footnotes":""},"class_list":["post-20041","page","type-page","status-publish","hentry"],"acf":[],"yoast_head":"<!-- This site is optimized with the Yoast SEO plugin v27.3 - https:\/\/yoast.com\/product\/yoast-seo-wordpress\/ -->\n<title>\u00c1rea de Clientes - Distribuidor - TBH GmbH Filter- und Absauganlagen<\/title>\n<meta name=\"robots\" content=\"index, follow, max-snippet:-1, max-image-preview:large, max-video-preview:-1\" \/>\n<link rel=\"canonical\" href=\"https:\/\/www.tbh.eu\/es\/area-de-clientes-distribuidor\/\" \/>\n<meta property=\"og:locale\" content=\"es_ES\" \/>\n<meta property=\"og:type\" content=\"article\" \/>\n<meta property=\"og:title\" content=\"\u00c1rea de Clientes - Distribuidor - TBH GmbH Filter- und Absauganlagen\" \/>\n<meta property=\"og:description\" content=\"Area Clienti Assistenza tecnica Cataloghi e immagini Manuali e video Ordina filtri di ricambio &nbsp; all&#8217;area clienti \u00c1rea de clientes Mantenimiento (en Alemania) Soporte t\u00e9cnico Cat\u00e1logos &amp; Im\u00e1genes Instrucciones &amp; Videos Pedir filtros de repuesto acceso \u00e1rea de clientes Customer Area Technical support Catalogues in 8 languages\u00a0 Manuals in 9 languages Images &amp; videos Order [&hellip;]\" \/>\n<meta property=\"og:url\" content=\"https:\/\/www.tbh.eu\/es\/area-de-clientes-distribuidor\/\" \/>\n<meta property=\"og:site_name\" content=\"TBH GmbH Filter- und Absauganlagen\" \/>\n<meta property=\"article:modified_time\" content=\"2024-10-28T11:15:11+00:00\" \/>\n<meta property=\"og:image\" content=\"https:\/\/www.tbh.eu\/wp-content\/uploads\/2022\/08\/Area-clienti-1024x413.png\" \/>\n<meta name=\"twitter:card\" content=\"summary_large_image\" \/>\n<script type=\"application\/ld+json\" class=\"yoast-schema-graph\">{\"@context\":\"https:\\\/\\\/schema.org\",\"@graph\":[{\"@type\":\"WebPage\",\"@id\":\"https:\\\/\\\/www.tbh.eu\\\/es\\\/area-de-clientes-distribuidor\\\/\",\"url\":\"https:\\\/\\\/www.tbh.eu\\\/es\\\/area-de-clientes-distribuidor\\\/\",\"name\":\"\u00c1rea de Clientes - Distribuidor - TBH GmbH Filter- und Absauganlagen\",\"isPartOf\":{\"@id\":\"https:\\\/\\\/www.tbh.eu\\\/es\\\/#website\"},\"primaryImageOfPage\":{\"@id\":\"https:\\\/\\\/www.tbh.eu\\\/es\\\/area-de-clientes-distribuidor\\\/#primaryimage\"},\"image\":{\"@id\":\"https:\\\/\\\/www.tbh.eu\\\/es\\\/area-de-clientes-distribuidor\\\/#primaryimage\"},\"thumbnailUrl\":\"https:\\\/\\\/www.tbh.eu\\\/wp-content\\\/uploads\\\/2022\\\/08\\\/Area-clienti-1024x413.png\",\"datePublished\":\"2022-07-14T10:08:09+00:00\",\"dateModified\":\"2024-10-28T11:15:11+00:00\",\"breadcrumb\":{\"@id\":\"https:\\\/\\\/www.tbh.eu\\\/es\\\/area-de-clientes-distribuidor\\\/#breadcrumb\"},\"inLanguage\":\"es\",\"potentialAction\":[{\"@type\":\"ReadAction\",\"target\":[\"https:\\\/\\\/www.tbh.eu\\\/es\\\/area-de-clientes-distribuidor\\\/\"]}]},{\"@type\":\"ImageObject\",\"inLanguage\":\"es\",\"@id\":\"https:\\\/\\\/www.tbh.eu\\\/es\\\/area-de-clientes-distribuidor\\\/#primaryimage\",\"url\":\"https:\\\/\\\/www.tbh.eu\\\/wp-content\\\/uploads\\\/2022\\\/08\\\/Area-clienti-1024x413.png\",\"contentUrl\":\"https:\\\/\\\/www.tbh.eu\\\/wp-content\\\/uploads\\\/2022\\\/08\\\/Area-clienti-1024x413.png\"},{\"@type\":\"BreadcrumbList\",\"@id\":\"https:\\\/\\\/www.tbh.eu\\\/es\\\/area-de-clientes-distribuidor\\\/#breadcrumb\",\"itemListElement\":[{\"@type\":\"ListItem\",\"position\":1,\"name\":\"Startseite\",\"item\":\"https:\\\/\\\/www.tbh.eu\\\/es\\\/\"},{\"@type\":\"ListItem\",\"position\":2,\"name\":\"\u00c1rea de Clientes &#8211; Distribuidor\"}]},{\"@type\":\"WebSite\",\"@id\":\"https:\\\/\\\/www.tbh.eu\\\/es\\\/#website\",\"url\":\"https:\\\/\\\/www.tbh.eu\\\/es\\\/\",\"name\":\"TBH GmbH Filter- und Absauganlagen\",\"description\":\"Filter- und Absauganlagen zur Reinhaltung der Luft am Arbeitsplatz\",\"publisher\":{\"@id\":\"https:\\\/\\\/www.tbh.eu\\\/es\\\/#organization\"},\"potentialAction\":[{\"@type\":\"SearchAction\",\"target\":{\"@type\":\"EntryPoint\",\"urlTemplate\":\"https:\\\/\\\/www.tbh.eu\\\/es\\\/?s={search_term_string}\"},\"query-input\":{\"@type\":\"PropertyValueSpecification\",\"valueRequired\":true,\"valueName\":\"search_term_string\"}}],\"inLanguage\":\"es\"},{\"@type\":\"Organization\",\"@id\":\"https:\\\/\\\/www.tbh.eu\\\/es\\\/#organization\",\"name\":\"TBH GmbH Filter- und Absauganlagen\",\"url\":\"https:\\\/\\\/www.tbh.eu\\\/es\\\/\",\"logo\":{\"@type\":\"ImageObject\",\"inLanguage\":\"es\",\"@id\":\"https:\\\/\\\/www.tbh.eu\\\/es\\\/#\\\/schema\\\/logo\\\/image\\\/\",\"url\":\"https:\\\/\\\/www.tbh.eu\\\/wp-content\\\/uploads\\\/2025\\\/10\\\/Logo_TBH_neu.webp\",\"contentUrl\":\"https:\\\/\\\/www.tbh.eu\\\/wp-content\\\/uploads\\\/2025\\\/10\\\/Logo_TBH_neu.webp\",\"width\":169,\"height\":71,\"caption\":\"TBH GmbH Filter- und Absauganlagen\"},\"image\":{\"@id\":\"https:\\\/\\\/www.tbh.eu\\\/es\\\/#\\\/schema\\\/logo\\\/image\\\/\"}}]}<\/script>\n<!-- \/ Yoast SEO plugin. -->","yoast_head_json":{"title":"\u00c1rea de Clientes - Distribuidor - TBH GmbH Filter- und Absauganlagen","robots":{"index":"index","follow":"follow","max-snippet":"max-snippet:-1","max-image-preview":"max-image-preview:large","max-video-preview":"max-video-preview:-1"},"canonical":"https:\/\/www.tbh.eu\/es\/area-de-clientes-distribuidor\/","og_locale":"es_ES","og_type":"article","og_title":"\u00c1rea de Clientes - Distribuidor - TBH GmbH Filter- und Absauganlagen","og_description":"Area Clienti Assistenza tecnica Cataloghi e immagini Manuali e video Ordina filtri di ricambio &nbsp; all&#8217;area clienti \u00c1rea de clientes Mantenimiento (en Alemania) Soporte t\u00e9cnico Cat\u00e1logos &amp; Im\u00e1genes Instrucciones &amp; Videos Pedir filtros de repuesto acceso \u00e1rea de clientes Customer Area Technical support Catalogues in 8 languages\u00a0 Manuals in 9 languages Images &amp; videos Order [&hellip;]","og_url":"https:\/\/www.tbh.eu\/es\/area-de-clientes-distribuidor\/","og_site_name":"TBH GmbH Filter- und Absauganlagen","article_modified_time":"2024-10-28T11:15:11+00:00","og_image":[{"url":"https:\/\/www.tbh.eu\/wp-content\/uploads\/2022\/08\/Area-clienti-1024x413.png","type":"","width":"","height":""}],"twitter_card":"summary_large_image","schema":{"@context":"https:\/\/schema.org","@graph":[{"@type":"WebPage","@id":"https:\/\/www.tbh.eu\/es\/area-de-clientes-distribuidor\/","url":"https:\/\/www.tbh.eu\/es\/area-de-clientes-distribuidor\/","name":"\u00c1rea de Clientes - Distribuidor - TBH GmbH Filter- und Absauganlagen","isPartOf":{"@id":"https:\/\/www.tbh.eu\/es\/#website"},"primaryImageOfPage":{"@id":"https:\/\/www.tbh.eu\/es\/area-de-clientes-distribuidor\/#primaryimage"},"image":{"@id":"https:\/\/www.tbh.eu\/es\/area-de-clientes-distribuidor\/#primaryimage"},"thumbnailUrl":"https:\/\/www.tbh.eu\/wp-content\/uploads\/2022\/08\/Area-clienti-1024x413.png","datePublished":"2022-07-14T10:08:09+00:00","dateModified":"2024-10-28T11:15:11+00:00","breadcrumb":{"@id":"https:\/\/www.tbh.eu\/es\/area-de-clientes-distribuidor\/#breadcrumb"},"inLanguage":"es","potentialAction":[{"@type":"ReadAction","target":["https:\/\/www.tbh.eu\/es\/area-de-clientes-distribuidor\/"]}]},{"@type":"ImageObject","inLanguage":"es","@id":"https:\/\/www.tbh.eu\/es\/area-de-clientes-distribuidor\/#primaryimage","url":"https:\/\/www.tbh.eu\/wp-content\/uploads\/2022\/08\/Area-clienti-1024x413.png","contentUrl":"https:\/\/www.tbh.eu\/wp-content\/uploads\/2022\/08\/Area-clienti-1024x413.png"},{"@type":"BreadcrumbList","@id":"https:\/\/www.tbh.eu\/es\/area-de-clientes-distribuidor\/#breadcrumb","itemListElement":[{"@type":"ListItem","position":1,"name":"Startseite","item":"https:\/\/www.tbh.eu\/es\/"},{"@type":"ListItem","position":2,"name":"\u00c1rea de Clientes &#8211; Distribuidor"}]},{"@type":"WebSite","@id":"https:\/\/www.tbh.eu\/es\/#website","url":"https:\/\/www.tbh.eu\/es\/","name":"TBH GmbH Filter- und Absauganlagen","description":"Filter- und Absauganlagen zur Reinhaltung der Luft am Arbeitsplatz","publisher":{"@id":"https:\/\/www.tbh.eu\/es\/#organization"},"potentialAction":[{"@type":"SearchAction","target":{"@type":"EntryPoint","urlTemplate":"https:\/\/www.tbh.eu\/es\/?s={search_term_string}"},"query-input":{"@type":"PropertyValueSpecification","valueRequired":true,"valueName":"search_term_string"}}],"inLanguage":"es"},{"@type":"Organization","@id":"https:\/\/www.tbh.eu\/es\/#organization","name":"TBH GmbH Filter- und Absauganlagen","url":"https:\/\/www.tbh.eu\/es\/","logo":{"@type":"ImageObject","inLanguage":"es","@id":"https:\/\/www.tbh.eu\/es\/#\/schema\/logo\/image\/","url":"https:\/\/www.tbh.eu\/wp-content\/uploads\/2025\/10\/Logo_TBH_neu.webp","contentUrl":"https:\/\/www.tbh.eu\/wp-content\/uploads\/2025\/10\/Logo_TBH_neu.webp","width":169,"height":71,"caption":"TBH GmbH Filter- und Absauganlagen"},"image":{"@id":"https:\/\/www.tbh.eu\/es\/#\/schema\/logo\/image\/"}}]}},"_links":{"self":[{"href":"https:\/\/www.tbh.eu\/es\/wp-json\/wp\/v2\/pages\/20041","targetHints":{"allow":["GET"]}}],"collection":[{"href":"https:\/\/www.tbh.eu\/es\/wp-json\/wp\/v2\/pages"}],"about":[{"href":"https:\/\/www.tbh.eu\/es\/wp-json\/wp\/v2\/types\/page"}],"author":[{"embeddable":true,"href":"https:\/\/www.tbh.eu\/es\/wp-json\/wp\/v2\/users\/1"}],"replies":[{"embeddable":true,"href":"https:\/\/www.tbh.eu\/es\/wp-json\/wp\/v2\/comments?post=20041"}],"version-history":[{"count":1,"href":"https:\/\/www.tbh.eu\/es\/wp-json\/wp\/v2\/pages\/20041\/revisions"}],"predecessor-version":[{"id":20048,"href":"https:\/\/www.tbh.eu\/es\/wp-json\/wp\/v2\/pages\/20041\/revisions\/20048"}],"wp:attachment":[{"href":"https:\/\/www.tbh.eu\/es\/wp-json\/wp\/v2\/media?parent=20041"}],"curies":[{"name":"wp","href":"https:\/\/api.w.org\/{rel}","templated":true}]}}