{"id":13994,"date":"2023-09-19T14:27:27","date_gmt":"2023-09-19T14:27:27","guid":{"rendered":"https:\/\/www.tbh.eu\/thank-you\/"},"modified":"2023-12-04T08:49:48","modified_gmt":"2023-12-04T08:49:48","slug":"thank-you","status":"publish","type":"page","link":"https:\/\/www.tbh.eu\/en\/thank-you\/","title":{"rendered":"Thank you"},"content":{"rendered":"\t\t<div data-elementor-type=\"wp-page\" data-elementor-id=\"13994\" class=\"elementor elementor-13994 elementor-13694\" data-elementor-post-type=\"page\">\n\t\t\t\t\t\t<section class=\"elementor-section elementor-top-section elementor-element elementor-element-7a95a8f2 elementor-section-content-middle elementor-section-boxed elementor-section-height-default elementor-section-height-default\" data-id=\"7a95a8f2\" data-element_type=\"section\" data-settings=\"{&quot;background_background&quot;:&quot;classic&quot;}\">\n\t\t\t\t\t\t<div class=\"elementor-container elementor-column-gap-wider\">\n\t\t\t\t\t<div class=\"elementor-column elementor-col-50 elementor-top-column elementor-element elementor-element-a687f25\" data-id=\"a687f25\" data-element_type=\"column\">\n\t\t\t<div class=\"elementor-widget-wrap elementor-element-populated\">\n\t\t\t\t\t\t<div class=\"elementor-element elementor-element-62d93d97 elementor-widget elementor-widget-image\" data-id=\"62d93d97\" data-element_type=\"widget\" data-widget_type=\"image.default\">\n\t\t\t\t<div class=\"elementor-widget-container\">\n\t\t\t\t\t\t\t\t\t\t\t\t\t\t\t<img fetchpriority=\"high\" decoding=\"async\" width=\"800\" height=\"489\" src=\"https:\/\/www.tbh.eu\/wp-content\/uploads\/2022\/05\/werde-teil-vom-TBH_Team.jpg\" class=\"attachment-large size-large wp-image-4749\" alt=\"\" srcset=\"https:\/\/www.tbh.eu\/wp-content\/uploads\/2022\/05\/werde-teil-vom-TBH_Team.jpg 800w, https:\/\/www.tbh.eu\/wp-content\/uploads\/2022\/05\/werde-teil-vom-TBH_Team-300x183.jpg 300w, https:\/\/www.tbh.eu\/wp-content\/uploads\/2022\/05\/werde-teil-vom-TBH_Team-768x469.jpg 768w, https:\/\/www.tbh.eu\/wp-content\/uploads\/2022\/05\/werde-teil-vom-TBH_Team-600x367.jpg 600w\" sizes=\"(max-width: 800px) 100vw, 800px\" \/>\t\t\t\t\t\t\t\t\t\t\t\t\t\t\t<\/div>\n\t\t\t\t<\/div>\n\t\t\t\t\t<\/div>\n\t\t<\/div>\n\t\t\t\t<div class=\"elementor-column elementor-col-50 elementor-top-column elementor-element elementor-element-613e477\" data-id=\"613e477\" data-element_type=\"column\">\n\t\t\t<div class=\"elementor-widget-wrap elementor-element-populated\">\n\t\t\t\t\t\t<div class=\"elementor-element elementor-element-140cc14d elementor-widget elementor-widget-heading\" data-id=\"140cc14d\" data-element_type=\"widget\" data-widget_type=\"heading.default\">\n\t\t\t\t<div class=\"elementor-widget-container\">\n\t\t\t\t\t<h1 class=\"elementor-heading-title elementor-size-default\">Thank you<\/h1>\t\t\t\t<\/div>\n\t\t\t\t<\/div>\n\t\t\t\t<div class=\"elementor-element elementor-element-e2e125d elementor-widget elementor-widget-heading\" data-id=\"e2e125d\" data-element_type=\"widget\" data-widget_type=\"heading.default\">\n\t\t\t\t<div class=\"elementor-widget-container\">\n\t\t\t\t\t<h2 class=\"elementor-heading-title elementor-size-default\"> for your message via our contact form<\/h2>\t\t\t\t<\/div>\n\t\t\t\t<\/div>\n\t\t\t\t<div class=\"elementor-element elementor-element-16d0940d elementor-widget elementor-widget-text-editor\" data-id=\"16d0940d\" data-element_type=\"widget\" data-widget_type=\"text-editor.default\">\n\t\t\t\t<div class=\"elementor-widget-container\">\n\t\t\t\t\t\t\t\t\tWir werden uns schnellstm\u00f6glich mit Ihnen in Verbindung setzen.\r\nW\u00e4hrend wir uns um Ihre Anfrage k\u00fcmmern, k\u00f6nnen Sie uns auch auf <a href=\"https:\/\/de.linkedin.com\/company\/tbh-gmbh\">LinkedIn<\/a> folgen oder sich mit uns vernetzen.\t\t\t\t\t\t\t\t<\/div>\n\t\t\t\t<\/div>\n\t\t\t\t\t<\/div>\n\t\t<\/div>\n\t\t\t\t\t<\/div>\n\t\t<\/section>\n\t\t\t\t<section class=\"elementor-section elementor-top-section elementor-element elementor-element-f0cc5b7 elementor-section-boxed elementor-section-height-default elementor-section-height-default\" data-id=\"f0cc5b7\" data-element_type=\"section\">\n\t\t\t\t\t\t<div class=\"elementor-container elementor-column-gap-default\">\n\t\t\t\t\t<div class=\"elementor-column elementor-col-100 elementor-top-column elementor-element elementor-element-fd58aee\" data-id=\"fd58aee\" data-element_type=\"column\">\n\t\t\t<div class=\"elementor-widget-wrap elementor-element-populated\">\n\t\t\t\t\t\t<div class=\"elementor-element elementor-element-2c0028d elementor-widget-divider--view-line elementor-widget elementor-widget-divider\" data-id=\"2c0028d\" data-element_type=\"widget\" data-widget_type=\"divider.default\">\n\t\t\t\t<div class=\"elementor-widget-container\">\n\t\t\t\t\t\t\t<div class=\"elementor-divider\">\n\t\t\t<span class=\"elementor-divider-separator\">\n\t\t\t\t\t\t<\/span>\n\t\t<\/div>\n\t\t\t\t\t\t<\/div>\n\t\t\t\t<\/div>\n\t\t\t\t<div class=\"elementor-element elementor-element-ca5bbfc elementor-widget elementor-widget-heading\" data-id=\"ca5bbfc\" data-element_type=\"widget\" data-widget_type=\"heading.default\">\n\t\t\t\t<div class=\"elementor-widget-container\">\n\t\t\t\t\t<h2 class=\"elementor-heading-title elementor-size-default\">Facts<\/h2>\t\t\t\t<\/div>\n\t\t\t\t<\/div>\n\t\t\t\t<div class=\"elementor-element elementor-element-12ac0ca2 elementor-grid-3 elementor-grid-tablet-2 elementor-grid-mobile-1 elementor-posts--thumbnail-top elementor-widget elementor-widget-posts\" data-id=\"12ac0ca2\" data-element_type=\"widget\" data-settings=\"{&quot;classic_columns&quot;:&quot;3&quot;,&quot;classic_columns_tablet&quot;:&quot;2&quot;,&quot;classic_columns_mobile&quot;:&quot;1&quot;,&quot;classic_row_gap&quot;:{&quot;unit&quot;:&quot;px&quot;,&quot;size&quot;:35,&quot;sizes&quot;:[]},&quot;classic_row_gap_tablet&quot;:{&quot;unit&quot;:&quot;px&quot;,&quot;size&quot;:&quot;&quot;,&quot;sizes&quot;:[]},&quot;classic_row_gap_mobile&quot;:{&quot;unit&quot;:&quot;px&quot;,&quot;size&quot;:&quot;&quot;,&quot;sizes&quot;:[]}}\" data-widget_type=\"posts.classic\">\n\t\t\t\t<div class=\"elementor-widget-container\">\n\t\t\t\t\t\t\t<div class=\"elementor-posts-container elementor-posts elementor-posts--skin-classic elementor-grid\" role=\"list\">\n\t\t\t\t<article class=\"elementor-post elementor-grid-item post-18148 post type-post status-publish format-standard has-post-thumbnail hentry category-facts tag-activated-carbon tag-activated-carbon-filter tag-physical-adsorption\" role=\"listitem\">\n\t\t\t\t<a class=\"elementor-post__thumbnail__link\" href=\"https:\/\/www.tbh.eu\/en\/how-does-adsorption-with-activated-carbon-work\/\" tabindex=\"-1\" >\n\t\t\t<div class=\"elementor-post__thumbnail\"><img decoding=\"async\" width=\"150\" height=\"150\" src=\"https:\/\/www.tbh.eu\/wp-content\/uploads\/2024\/07\/Aktivkohle-150x150.jpg\" class=\"attachment-thumbnail size-thumbnail wp-image-18123\" alt=\"\" srcset=\"https:\/\/www.tbh.eu\/wp-content\/uploads\/2024\/07\/Aktivkohle-150x150.jpg 150w, https:\/\/www.tbh.eu\/wp-content\/uploads\/2024\/07\/Aktivkohle-100x100.jpg 100w\" sizes=\"(max-width: 150px) 100vw, 150px\" \/><\/div>\n\t\t<\/a>\n\t\t\t\t<div class=\"elementor-post__text\">\n\t\t\t\t<h3 class=\"elementor-post__title\">\n\t\t\t<a href=\"https:\/\/www.tbh.eu\/en\/how-does-adsorption-with-activated-carbon-work\/\" >\n\t\t\t\tHow does adsorption with activated carbon work?\t\t\t<\/a>\n\t\t<\/h3>\n\t\t\n\t\t<a class=\"elementor-post__read-more\" href=\"https:\/\/www.tbh.eu\/en\/how-does-adsorption-with-activated-carbon-work\/\" aria-label=\"Read more about How does adsorption with activated carbon work?\" tabindex=\"-1\" >\n\t\t\tRead more \u00bb\t\t<\/a>\n\n\t\t\t\t<\/div>\n\t\t\t\t<\/article>\n\t\t\t\t<article class=\"elementor-post elementor-grid-item post-5371 post type-post status-publish format-standard has-post-thumbnail hentry category-facts tag-advantages-of-an-extraction-system tag-reasons-for-extraction tag-why-buy-an-extraction-system\" role=\"listitem\">\n\t\t\t\t<a class=\"elementor-post__thumbnail__link\" href=\"https:\/\/www.tbh.eu\/en\/why-investing-in-an-extraction-system\/\" tabindex=\"-1\" >\n\t\t\t<div class=\"elementor-post__thumbnail\"><img decoding=\"async\" width=\"150\" height=\"150\" src=\"https:\/\/www.tbh.eu\/wp-content\/uploads\/2022\/05\/Warum_Anlage_kaufen-1-150x150.png\" class=\"attachment-thumbnail size-thumbnail wp-image-4723\" alt=\"Kaufgrund\" srcset=\"https:\/\/www.tbh.eu\/wp-content\/uploads\/2022\/05\/Warum_Anlage_kaufen-1-150x150.png 150w, https:\/\/www.tbh.eu\/wp-content\/uploads\/2022\/05\/Warum_Anlage_kaufen-1-100x100.png 100w\" sizes=\"(max-width: 150px) 100vw, 150px\" \/><\/div>\n\t\t<\/a>\n\t\t\t\t<div class=\"elementor-post__text\">\n\t\t\t\t<h3 class=\"elementor-post__title\">\n\t\t\t<a href=\"https:\/\/www.tbh.eu\/en\/why-investing-in-an-extraction-system\/\" >\n\t\t\t\tWhy extract pollutants?\t\t\t<\/a>\n\t\t<\/h3>\n\t\t\n\t\t<a class=\"elementor-post__read-more\" href=\"https:\/\/www.tbh.eu\/en\/why-investing-in-an-extraction-system\/\" aria-label=\"Read more about Why extract pollutants?\" tabindex=\"-1\" >\n\t\t\tRead more \u00bb\t\t<\/a>\n\n\t\t\t\t<\/div>\n\t\t\t\t<\/article>\n\t\t\t\t<article class=\"elementor-post elementor-grid-item post-5373 post type-post status-publish format-standard has-post-thumbnail hentry category-facts tag-precoating\" role=\"listitem\">\n\t\t\t\t<a class=\"elementor-post__thumbnail__link\" href=\"https:\/\/www.tbh.eu\/en\/what-is-precoating\/\" tabindex=\"-1\" >\n\t\t\t<div class=\"elementor-post__thumbnail\"><img loading=\"lazy\" decoding=\"async\" width=\"150\" height=\"150\" src=\"https:\/\/www.tbh.eu\/wp-content\/uploads\/2022\/05\/Precoatierung-150x150.png\" class=\"attachment-thumbnail size-thumbnail wp-image-4717\" alt=\"Precoatierung Filterpatrone\" srcset=\"https:\/\/www.tbh.eu\/wp-content\/uploads\/2022\/05\/Precoatierung-150x150.png 150w, https:\/\/www.tbh.eu\/wp-content\/uploads\/2022\/05\/Precoatierung-100x100.png 100w\" sizes=\"(max-width: 150px) 100vw, 150px\" \/><\/div>\n\t\t<\/a>\n\t\t\t\t<div class=\"elementor-post__text\">\n\t\t\t\t<h3 class=\"elementor-post__title\">\n\t\t\t<a href=\"https:\/\/www.tbh.eu\/en\/what-is-precoating\/\" >\n\t\t\t\tWhat is precoating?\t\t\t<\/a>\n\t\t<\/h3>\n\t\t\n\t\t<a class=\"elementor-post__read-more\" href=\"https:\/\/www.tbh.eu\/en\/what-is-precoating\/\" aria-label=\"Read more about What is precoating?\" tabindex=\"-1\" >\n\t\t\tRead more \u00bb\t\t<\/a>\n\n\t\t\t\t<\/div>\n\t\t\t\t<\/article>\n\t\t\t\t<\/div>\n\t\t\n\t\t\t\t\t\t<\/div>\n\t\t\t\t<\/div>\n\t\t\t\t\t<\/div>\n\t\t<\/div>\n\t\t\t\t\t<\/div>\n\t\t<\/section>\n\t\t\t\t<\/div>\n\t\t","protected":false},"excerpt":{"rendered":"<p>Thank you for your message via our contact form Wir werden uns schnellstm\u00f6glich mit Ihnen in Verbindung setzen. W\u00e4hrend wir uns um Ihre Anfrage k\u00fcmmern,<\/p>\n","protected":false},"author":1,"featured_media":0,"parent":0,"menu_order":0,"comment_status":"closed","ping_status":"closed","template":"","meta":{"_acf_changed":false,"footnotes":""},"class_list":["post-13994","page","type-page","status-publish","hentry"],"acf":[],"yoast_head":"<!-- This site is optimized with the Yoast SEO plugin v27.3 - https:\/\/yoast.com\/product\/yoast-seo-wordpress\/ -->\n<title>Thank you - TBH GmbH Filter- und Absauganlagen<\/title>\n<meta name=\"robots\" content=\"index, follow, max-snippet:-1, max-image-preview:large, max-video-preview:-1\" \/>\n<link rel=\"canonical\" href=\"https:\/\/www.tbh.eu\/en\/thank-you\/\" \/>\n<meta property=\"og:locale\" content=\"en_US\" \/>\n<meta property=\"og:type\" content=\"article\" \/>\n<meta property=\"og:title\" content=\"Thank you - TBH GmbH Filter- und Absauganlagen\" \/>\n<meta property=\"og:description\" content=\"Thank you for your message via our contact form Wir werden uns schnellstm\u00f6glich mit Ihnen in Verbindung setzen. W\u00e4hrend wir uns um Ihre Anfrage k\u00fcmmern,\" \/>\n<meta property=\"og:url\" content=\"https:\/\/www.tbh.eu\/en\/thank-you\/\" \/>\n<meta property=\"og:site_name\" content=\"TBH GmbH Filter- und Absauganlagen\" \/>\n<meta property=\"article:modified_time\" content=\"2023-12-04T08:49:48+00:00\" \/>\n<meta property=\"og:image\" content=\"https:\/\/www.tbh.eu\/wp-content\/uploads\/2022\/05\/werde-teil-vom-TBH_Team.jpg\" \/>\n<meta name=\"twitter:card\" content=\"summary_large_image\" \/>\n<script type=\"application\/ld+json\" class=\"yoast-schema-graph\">{\"@context\":\"https:\\\/\\\/schema.org\",\"@graph\":[{\"@type\":\"WebPage\",\"@id\":\"https:\\\/\\\/www.tbh.eu\\\/en\\\/thank-you\\\/\",\"url\":\"https:\\\/\\\/www.tbh.eu\\\/en\\\/thank-you\\\/\",\"name\":\"Thank you - TBH GmbH Filter- und Absauganlagen\",\"isPartOf\":{\"@id\":\"https:\\\/\\\/www.tbh.eu\\\/en\\\/#website\"},\"primaryImageOfPage\":{\"@id\":\"https:\\\/\\\/www.tbh.eu\\\/en\\\/thank-you\\\/#primaryimage\"},\"image\":{\"@id\":\"https:\\\/\\\/www.tbh.eu\\\/en\\\/thank-you\\\/#primaryimage\"},\"thumbnailUrl\":\"https:\\\/\\\/www.tbh.eu\\\/wp-content\\\/uploads\\\/2022\\\/05\\\/werde-teil-vom-TBH_Team.jpg\",\"datePublished\":\"2023-09-19T14:27:27+00:00\",\"dateModified\":\"2023-12-04T08:49:48+00:00\",\"breadcrumb\":{\"@id\":\"https:\\\/\\\/www.tbh.eu\\\/en\\\/thank-you\\\/#breadcrumb\"},\"inLanguage\":\"en-US\",\"potentialAction\":[{\"@type\":\"ReadAction\",\"target\":[\"https:\\\/\\\/www.tbh.eu\\\/en\\\/thank-you\\\/\"]}]},{\"@type\":\"ImageObject\",\"inLanguage\":\"en-US\",\"@id\":\"https:\\\/\\\/www.tbh.eu\\\/en\\\/thank-you\\\/#primaryimage\",\"url\":\"https:\\\/\\\/www.tbh.eu\\\/wp-content\\\/uploads\\\/2022\\\/05\\\/werde-teil-vom-TBH_Team.jpg\",\"contentUrl\":\"https:\\\/\\\/www.tbh.eu\\\/wp-content\\\/uploads\\\/2022\\\/05\\\/werde-teil-vom-TBH_Team.jpg\"},{\"@type\":\"BreadcrumbList\",\"@id\":\"https:\\\/\\\/www.tbh.eu\\\/en\\\/thank-you\\\/#breadcrumb\",\"itemListElement\":[{\"@type\":\"ListItem\",\"position\":1,\"name\":\"Startseite\",\"item\":\"https:\\\/\\\/www.tbh.eu\\\/en\\\/\"},{\"@type\":\"ListItem\",\"position\":2,\"name\":\"Thank you\"}]},{\"@type\":\"WebSite\",\"@id\":\"https:\\\/\\\/www.tbh.eu\\\/en\\\/#website\",\"url\":\"https:\\\/\\\/www.tbh.eu\\\/en\\\/\",\"name\":\"TBH GmbH Filter- und Absauganlagen\",\"description\":\"Filter- und Absauganlagen zur Reinhaltung der Luft am Arbeitsplatz\",\"publisher\":{\"@id\":\"https:\\\/\\\/www.tbh.eu\\\/en\\\/#organization\"},\"potentialAction\":[{\"@type\":\"SearchAction\",\"target\":{\"@type\":\"EntryPoint\",\"urlTemplate\":\"https:\\\/\\\/www.tbh.eu\\\/en\\\/?s={search_term_string}\"},\"query-input\":{\"@type\":\"PropertyValueSpecification\",\"valueRequired\":true,\"valueName\":\"search_term_string\"}}],\"inLanguage\":\"en-US\"},{\"@type\":\"Organization\",\"@id\":\"https:\\\/\\\/www.tbh.eu\\\/en\\\/#organization\",\"name\":\"TBH GmbH Filter- und Absauganlagen\",\"url\":\"https:\\\/\\\/www.tbh.eu\\\/en\\\/\",\"logo\":{\"@type\":\"ImageObject\",\"inLanguage\":\"en-US\",\"@id\":\"https:\\\/\\\/www.tbh.eu\\\/en\\\/#\\\/schema\\\/logo\\\/image\\\/\",\"url\":\"https:\\\/\\\/www.tbh.eu\\\/wp-content\\\/uploads\\\/2025\\\/10\\\/Logo_TBH_neu.webp\",\"contentUrl\":\"https:\\\/\\\/www.tbh.eu\\\/wp-content\\\/uploads\\\/2025\\\/10\\\/Logo_TBH_neu.webp\",\"width\":169,\"height\":71,\"caption\":\"TBH GmbH Filter- und Absauganlagen\"},\"image\":{\"@id\":\"https:\\\/\\\/www.tbh.eu\\\/en\\\/#\\\/schema\\\/logo\\\/image\\\/\"}}]}<\/script>\n<!-- \/ Yoast SEO plugin. -->","yoast_head_json":{"title":"Thank you - TBH GmbH Filter- und Absauganlagen","robots":{"index":"index","follow":"follow","max-snippet":"max-snippet:-1","max-image-preview":"max-image-preview:large","max-video-preview":"max-video-preview:-1"},"canonical":"https:\/\/www.tbh.eu\/en\/thank-you\/","og_locale":"en_US","og_type":"article","og_title":"Thank you - TBH GmbH Filter- und Absauganlagen","og_description":"Thank you for your message via our contact form Wir werden uns schnellstm\u00f6glich mit Ihnen in Verbindung setzen. W\u00e4hrend wir uns um Ihre Anfrage k\u00fcmmern,","og_url":"https:\/\/www.tbh.eu\/en\/thank-you\/","og_site_name":"TBH GmbH Filter- und Absauganlagen","article_modified_time":"2023-12-04T08:49:48+00:00","og_image":[{"url":"https:\/\/www.tbh.eu\/wp-content\/uploads\/2022\/05\/werde-teil-vom-TBH_Team.jpg","type":"","width":"","height":""}],"twitter_card":"summary_large_image","schema":{"@context":"https:\/\/schema.org","@graph":[{"@type":"WebPage","@id":"https:\/\/www.tbh.eu\/en\/thank-you\/","url":"https:\/\/www.tbh.eu\/en\/thank-you\/","name":"Thank you - TBH GmbH Filter- und Absauganlagen","isPartOf":{"@id":"https:\/\/www.tbh.eu\/en\/#website"},"primaryImageOfPage":{"@id":"https:\/\/www.tbh.eu\/en\/thank-you\/#primaryimage"},"image":{"@id":"https:\/\/www.tbh.eu\/en\/thank-you\/#primaryimage"},"thumbnailUrl":"https:\/\/www.tbh.eu\/wp-content\/uploads\/2022\/05\/werde-teil-vom-TBH_Team.jpg","datePublished":"2023-09-19T14:27:27+00:00","dateModified":"2023-12-04T08:49:48+00:00","breadcrumb":{"@id":"https:\/\/www.tbh.eu\/en\/thank-you\/#breadcrumb"},"inLanguage":"en-US","potentialAction":[{"@type":"ReadAction","target":["https:\/\/www.tbh.eu\/en\/thank-you\/"]}]},{"@type":"ImageObject","inLanguage":"en-US","@id":"https:\/\/www.tbh.eu\/en\/thank-you\/#primaryimage","url":"https:\/\/www.tbh.eu\/wp-content\/uploads\/2022\/05\/werde-teil-vom-TBH_Team.jpg","contentUrl":"https:\/\/www.tbh.eu\/wp-content\/uploads\/2022\/05\/werde-teil-vom-TBH_Team.jpg"},{"@type":"BreadcrumbList","@id":"https:\/\/www.tbh.eu\/en\/thank-you\/#breadcrumb","itemListElement":[{"@type":"ListItem","position":1,"name":"Startseite","item":"https:\/\/www.tbh.eu\/en\/"},{"@type":"ListItem","position":2,"name":"Thank you"}]},{"@type":"WebSite","@id":"https:\/\/www.tbh.eu\/en\/#website","url":"https:\/\/www.tbh.eu\/en\/","name":"TBH GmbH Filter- und Absauganlagen","description":"Filter- und Absauganlagen zur Reinhaltung der Luft am Arbeitsplatz","publisher":{"@id":"https:\/\/www.tbh.eu\/en\/#organization"},"potentialAction":[{"@type":"SearchAction","target":{"@type":"EntryPoint","urlTemplate":"https:\/\/www.tbh.eu\/en\/?s={search_term_string}"},"query-input":{"@type":"PropertyValueSpecification","valueRequired":true,"valueName":"search_term_string"}}],"inLanguage":"en-US"},{"@type":"Organization","@id":"https:\/\/www.tbh.eu\/en\/#organization","name":"TBH GmbH Filter- und Absauganlagen","url":"https:\/\/www.tbh.eu\/en\/","logo":{"@type":"ImageObject","inLanguage":"en-US","@id":"https:\/\/www.tbh.eu\/en\/#\/schema\/logo\/image\/","url":"https:\/\/www.tbh.eu\/wp-content\/uploads\/2025\/10\/Logo_TBH_neu.webp","contentUrl":"https:\/\/www.tbh.eu\/wp-content\/uploads\/2025\/10\/Logo_TBH_neu.webp","width":169,"height":71,"caption":"TBH GmbH Filter- und Absauganlagen"},"image":{"@id":"https:\/\/www.tbh.eu\/en\/#\/schema\/logo\/image\/"}}]}},"_links":{"self":[{"href":"https:\/\/www.tbh.eu\/en\/wp-json\/wp\/v2\/pages\/13994","targetHints":{"allow":["GET"]}}],"collection":[{"href":"https:\/\/www.tbh.eu\/en\/wp-json\/wp\/v2\/pages"}],"about":[{"href":"https:\/\/www.tbh.eu\/en\/wp-json\/wp\/v2\/types\/page"}],"author":[{"embeddable":true,"href":"https:\/\/www.tbh.eu\/en\/wp-json\/wp\/v2\/users\/1"}],"replies":[{"embeddable":true,"href":"https:\/\/www.tbh.eu\/en\/wp-json\/wp\/v2\/comments?post=13994"}],"version-history":[{"count":1,"href":"https:\/\/www.tbh.eu\/en\/wp-json\/wp\/v2\/pages\/13994\/revisions"}],"predecessor-version":[{"id":13995,"href":"https:\/\/www.tbh.eu\/en\/wp-json\/wp\/v2\/pages\/13994\/revisions\/13995"}],"wp:attachment":[{"href":"https:\/\/www.tbh.eu\/en\/wp-json\/wp\/v2\/media?parent=13994"}],"curies":[{"name":"wp","href":"https:\/\/api.w.org\/{rel}","templated":true}]}}